{"id":8346,"date":"2026-03-22T07:32:43","date_gmt":"2026-03-22T07:32:43","guid":{"rendered":"https:\/\/clespourunavenirdurable.fr\/?page_id=8346"},"modified":"2026-03-22T07:47:46","modified_gmt":"2026-03-22T07:47:46","slug":"l-eternel-et-lunivers-manifeste","status":"publish","type":"page","link":"https:\/\/clespourunavenirdurable.fr\/?page_id=8346","title":{"rendered":"L &lsquo;\u00e9ternel et l&rsquo;univers manifest\u00e9"},"content":{"rendered":"\n<h3 style=\"text-align: center;\">L&rsquo;\u00e9ternel et l&rsquo;univers manifest\u00e9&nbsp;<\/h3>\n\n\n\n<p><\/p>\n\n\n\n<h4 style=\"text-align: justify;\">\u00ab En l\u2019impensable infinit\u00e9 intemporelle et a-spatiale de son existence, il a d\u00e9ploy\u00e9 ce ph\u00e9nom\u00e8ne mineur d\u2019un univers sans bornes dans un espace et un temps sans fin. \u00bb<\/h4>\n<p style=\"text-align: justify;\"><em>Sri Aurobindo, Essais sur la Gita, Deuxi\u00e8me s\u00e9rie, Chapitre 5, La V\u00e9rit\u00e9 et la Voie Divines pp.<\/em><em> 297-298<\/em><\/p>\n\n\n\n<p><\/p>\n\n\n\n<h4 style=\"text-align: justify;\">\u00ab\u00a0Il est un avec tout ce qui est, en m\u00eame temps qu\u2019il d\u00e9passe n\u00e9anmoins tout ce qui est ; mais il est autre, \u00e9galement, que ce moi ou que cette infinit\u00e9 \u00e9pandue d\u2019\u00eatre spirituel qui contient et d\u00e9passe l\u2019univers. Tout existe ici en son infini conscient de l\u2019univers, mais celui-ci est \u00e0 son tour soutenu comme conception de soi par la r\u00e9alit\u00e9 supra-cosmique du Divin qui d\u00e9passe tous nos termes d\u2019univers, d\u2019\u00eatre et de conscience. C\u2019est l\u00e0 le myst\u00e8re de son \u00eatre : il est supra-cosmique et toutefois n\u2019est extra-cosmique en aucun sens exclusif.\u00a0\u00bb<\/h4>\n\n\n\n<p><\/p>\n\n\n\n<p><\/p>\n\n\n\n<div class=\"wp-block-uagb-buttons uagb-buttons__outer-wrap uagb-btn__default-btn uagb-btn-tablet__default-btn uagb-btn-mobile__default-btn uagb-block-cb4a9e81\"><div class=\"uagb-buttons__wrap uagb-buttons-layout-wrap\">\n<div class=\"wp-block-uagb-buttons-child uagb-buttons__outer-wrap uagb-block-0ec56a11 wp-block-button is-style-outline\"><div class=\"uagb-button__wrapper\"><a class=\"uagb-buttons-repeater wp-block-button__link has-background has-text-color\" href=\"https:\/\/clespourunavenirdurable.fr\/wp-content\/uploads\/2026\/03\/BHAG-1.zip\" onclick=\"return true;\" rel=\"follow noopener\" target=\"_self\"><div class=\"uagb-button__link\">Extrait Chapitre 5 <\/div><\/a><\/div><\/div>\n<\/div><\/div>\n\n\n\n<p><\/p>\n\n\n\n<p><\/p>\n\n\n\n<p><\/p>\n","protected":false},"excerpt":{"rendered":"<p>L&rsquo;\u00e9ternel et l&rsquo;univers manifest\u00e9&nbsp; \u00ab En l\u2019impensable infinit\u00e9 intemporelle et a-spatiale de son existence, il a d\u00e9ploy\u00e9 ce ph\u00e9nom\u00e8ne mineur d\u2019un univers sans bornes dans un espace et un temps sans fin. \u00bb Sri Aurobindo, Essais sur la Gita, Deuxi\u00e8me s\u00e9rie, Chapitre 5, La V\u00e9rit\u00e9 et la Voie Divines pp. 297-298 \u00ab\u00a0Il est un avec [&hellip;]<\/p>\n","protected":false},"author":1,"featured_media":0,"parent":0,"menu_order":0,"comment_status":"closed","ping_status":"closed","template":"","meta":{"om_disable_all_campaigns":false,"_uag_custom_page_level_css":"","_monsterinsights_skip_tracking":false,"_monsterinsights_sitenote_active":false,"_monsterinsights_sitenote_note":"","_monsterinsights_sitenote_category":0,"_uf_show_specific_survey":0,"_uf_disable_surveys":false,"footnotes":""},"aioseo_notices":[],"uagb_featured_image_src":{"full":false,"thumbnail":false,"medium":false,"medium_large":false,"large":false,"1536x1536":false,"2048x2048":false},"uagb_author_info":{"display_name":"lechev.1910@gmail.com","author_link":"https:\/\/clespourunavenirdurable.fr\/?author=1"},"uagb_comment_info":0,"uagb_excerpt":"L&rsquo;\u00e9ternel et l&rsquo;univers manifest\u00e9&nbsp; \u00ab En l\u2019impensable infinit\u00e9 intemporelle et a-spatiale de son existence, il a d\u00e9ploy\u00e9 ce ph\u00e9nom\u00e8ne mineur d\u2019un univers sans bornes dans un espace et un temps sans fin. \u00bb Sri Aurobindo, Essais sur la Gita, Deuxi\u00e8me s\u00e9rie, Chapitre 5, La V\u00e9rit\u00e9 et la Voie Divines pp. 297-298 \u00ab\u00a0Il est un avec\u2026","_links":{"self":[{"href":"https:\/\/clespourunavenirdurable.fr\/index.php?rest_route=\/wp\/v2\/pages\/8346"}],"collection":[{"href":"https:\/\/clespourunavenirdurable.fr\/index.php?rest_route=\/wp\/v2\/pages"}],"about":[{"href":"https:\/\/clespourunavenirdurable.fr\/index.php?rest_route=\/wp\/v2\/types\/page"}],"author":[{"embeddable":true,"href":"https:\/\/clespourunavenirdurable.fr\/index.php?rest_route=\/wp\/v2\/users\/1"}],"replies":[{"embeddable":true,"href":"https:\/\/clespourunavenirdurable.fr\/index.php?rest_route=%2Fwp%2Fv2%2Fcomments&post=8346"}],"version-history":[{"count":4,"href":"https:\/\/clespourunavenirdurable.fr\/index.php?rest_route=\/wp\/v2\/pages\/8346\/revisions"}],"predecessor-version":[{"id":8356,"href":"https:\/\/clespourunavenirdurable.fr\/index.php?rest_route=\/wp\/v2\/pages\/8346\/revisions\/8356"}],"wp:attachment":[{"href":"https:\/\/clespourunavenirdurable.fr\/index.php?rest_route=%2Fwp%2Fv2%2Fmedia&parent=8346"}],"curies":[{"name":"wp","href":"https:\/\/api.w.org\/{rel}","templated":true}]}}