{"id":7927,"date":"2024-09-16T09:50:54","date_gmt":"2024-09-16T09:50:54","guid":{"rendered":"https:\/\/clespourunavenirdurable.fr\/?page_id=7927"},"modified":"2025-02-04T14:37:30","modified_gmt":"2025-02-04T14:37:30","slug":"modes-de-gestion-des-entreprises","status":"publish","type":"page","link":"https:\/\/clespourunavenirdurable.fr\/?page_id=7927","title":{"rendered":"Management des Entreprises"},"content":{"rendered":"\n<figure class=\"wp-block-image size-large\"><img decoding=\"async\" loading=\"lazy\" width=\"1024\" height=\"681\" src=\"https:\/\/clespourunavenirdurable.fr\/wp-content\/uploads\/2024\/10\/CALA-FIGUERA-MAJORQUE-1-1-1024x681.jpg\" alt=\"\" class=\"wp-image-7993\" srcset=\"https:\/\/clespourunavenirdurable.fr\/wp-content\/uploads\/2024\/10\/CALA-FIGUERA-MAJORQUE-1-1-1024x681.jpg 1024w, https:\/\/clespourunavenirdurable.fr\/wp-content\/uploads\/2024\/10\/CALA-FIGUERA-MAJORQUE-1-1-300x200.jpg 300w, https:\/\/clespourunavenirdurable.fr\/wp-content\/uploads\/2024\/10\/CALA-FIGUERA-MAJORQUE-1-1-768x511.jpg 768w, https:\/\/clespourunavenirdurable.fr\/wp-content\/uploads\/2024\/10\/CALA-FIGUERA-MAJORQUE-1-1-1536x1022.jpg 1536w, https:\/\/clespourunavenirdurable.fr\/wp-content\/uploads\/2024\/10\/CALA-FIGUERA-MAJORQUE-1-1.jpg 2048w\" sizes=\"(max-width: 1024px) 100vw, 1024px\" \/><figcaption class=\"wp-element-caption\">View of idyllic old fishing village harbor of Cala Figuera, Santanyi Mallorca<\/figcaption><\/figure>\n\n\n\n<h3>\u00a0<\/h3>\n<h3>\u00a0<\/h3>\n<h3 style=\"text-align: center;\"><strong><em>Voir ci-dessous la pr\u00e9sentation du livre de Jay Bragdon \u00ab\u00a0Companies that mimic life\u00a0\u00bb<\/em><\/strong><\/h3>\n<h3>\u00a0<\/h3>\n<h3 style=\"text-align: center;\"><em>Peter Drucker\u00a0 :\u00a0 \u00ab En p\u00e9riode de troubles, le danger ne r\u00e9side pas dans les troubles mais dans le fait d&rsquo;y faire face avec la logique d&rsquo;hier \u00bb.<\/em><\/h3>\n<h4 style=\"text-align: justify;\">L&rsquo;id\u00e9al de \u00ab l&rsquo;organisation en tant que machine \u00bb, qui a domin\u00e9 pendant des centaines d&rsquo;ann\u00e9es jusqu&rsquo;\u00e0 la fin du 20e si\u00e8cle, c\u00e8de aujourd&rsquo;hui la place \u00e0 un id\u00e9al de \u00ab\u00a0<strong><em>l\u2019organisation en tant que syst\u00e8me vivant<\/em><\/strong> \u00bb. Ce changement conceptuel affecte tous les aspects de notre avenir entrepreneurial : de la fa\u00e7on dont nous percevons le monde qui nous entoure, \u00e0 nos modes de pens\u00e9e et de management, en passant par l&rsquo;\u00e9volution de notre technologie et la fa\u00e7on dont nous fabriquons nos voitures.<\/h4>\n<h4 style=\"text-align: justify;\"><em>Notre vision de la vie est en train de passer d&rsquo;un monde de s\u00e9paration, de comp\u00e9tition et d&rsquo;autonomie \u00e0 celui d&rsquo;une relationalit\u00e9 entrelac\u00e9e, o\u00f9 un ordre dynamique, au milieu d&rsquo;une transformation incessante, s&rsquo;impose \u00e0 nous gr\u00e2ce \u00e0 des sch\u00e9mas naturels, des boucles de r\u00e9troaction, des qualit\u00e9s comportementales, des interd\u00e9pendances et des adaptations. Plus vite nos dirigeants, managers et agents du changement adopteront cette vision du monde, mieux cela vaudra pour les organisations et l&rsquo;humanit\u00e9 dans son ensemble<\/em><\/h4>\n<h4 style=\"text-align: justify;\">Les entreprises qui imitent les machines (c&rsquo;est le mod\u00e8le de gestion traditionnel dont nous avons h\u00e9rit\u00e9)\u00a0 ne comprennent pas qu&rsquo;en\u00a0 ignorant la r\u00e9alit\u00e9 qu&rsquo;elles font partie de la vie et qu&rsquo;elles d\u00e9pendent totalement de la vie pour la valeur qu&rsquo;elles cr\u00e9ent, elles court-circuitent leurs capacit\u00e9s d&rsquo;apprentissage et d&rsquo;adaptation et se condamnent \u00e0 un cycle perdant-perdant d&rsquo;erreurs cumul\u00e9es.<\/h4>\n<p>\u00a0<\/p>\n\n\n\n<h4 style=\"text-align: center;\">&nbsp;<strong>Management Par les Moyens ou&nbsp; MBM (Management by Means)&nbsp;<\/strong><\/h4>\n<h4>&nbsp;<\/h4>\n\n\n\t\t\t\t\t<div\n\t\t\t\t\t\tclass=\"wp-block-uagb-image-gallery uagb-block-d917e86a    \"\n\t\t\t\t\t\tstyle=\"\"\n\t\t\t\t\t>\n\t\t\t\t\t\t\t\t\t\t\t<div class=\"spectra-image-gallery spectra-image-gallery__layout--grid spectra-image-gallery__layout--grid-col-1 spectra-image-gallery__layout--grid-col-tab-1 spectra-image-gallery__layout--grid-col-mob-1\">\n\t\t\t\t\t\t\t\t\t\t\t<div class='spectra-image-gallery__media-wrapper'>\n\t\t\t\t\t\t\t<div class=\"spectra-image-gallery__media spectra-image-gallery__media--grid\">\n\t\t\t\t<img decoding=\"async\" class=\"spectra-image-gallery__media-thumbnail spectra-image-gallery__media-thumbnail--grid\" src=\"https:\/\/clespourunavenirdurable.fr\/wp-content\/uploads\/2024\/03\/AMOUR-VICTORIEUX.jpg\" alt=\"\" loading=\"lazy\" \/>\n\t\t\t\t<div class=\"spectra-image-gallery__media-thumbnail-blurrer\"><\/div>\n\t\t\t\t\t\t\t\t\t\t\t<div class=\"spectra-image-gallery__media-thumbnail-caption-wrapper spectra-image-gallery__media-thumbnail-caption-wrapper--overlay\">\n\t\t\t\t\t\t\t\t\t\t\t<div class=\"spectra-image-gallery__media-thumbnail-caption spectra-image-gallery__media-thumbnail-caption--overlay\">\n\t\t\t\t\tAucune l\u00e9gende\t\t\t\t<\/div>\n\t\t\t\t\t\t\t\t\t\t<\/div>\n\t\t\t\t\t\t\t\t\t<\/div>\n\t\t\t\t\t\t<\/div>\n\t\t\t\t\t\t\t\t\t\t<\/div>\n\t\t\t\t\t\t\t\t\t\t\t\t\t\t\t\t\t\t<\/div>\n\t\t\t\t\n\n\n<p><\/p>\n\n\n\n<p><\/p>\n\n\n\n<p><\/p>\n\n\n\n<p><\/p>\n\n\n\n<h4 style=\"text-align: center;\">Le Management&nbsp; Par les Moyens<\/h4>\n\n\n\n<h4 style=\"text-align: justify;\">Une entreprise qui g\u00e8re par les moyens ne prosp\u00e9rera qu&rsquo;en entretenant des relations humaines et naturelles fondamentales, contrairement \u00e0 l&rsquo;entreprise g\u00e9r\u00e9e de mani\u00e8re conventionnelle qui pousse les gens \u00e0 atteindre des objectifs de profit en sacrifiant les relations humaines et naturelles.<\/h4>\n<h6 style=\"text-align: right;\">&nbsp; &nbsp; &nbsp; &nbsp; &nbsp; &nbsp; &nbsp; &nbsp; &nbsp; &nbsp; &nbsp; &nbsp; &nbsp; &nbsp; &nbsp; &nbsp; &nbsp; &nbsp; &nbsp; &nbsp; &nbsp; &nbsp; &nbsp; &nbsp;<em>Thomas Johnson et Anders Broms<\/em><\/h6>\n<pre>1 <br>\nH. Thomas Johnson &amp; Anders Broms <br>\n(2000). Profit Beyond Measure: Extraordi- <br>\nnary Results Through Attention to Work and <br>\nPeople. New York, NY: The Free Press, p. 7. <\/pre>\n<h4 style=\"text-align: justify;\">Notre objectif est d&rsquo;avoir la main-d&rsquo;\u0153uvre la mieux \u00e9duqu\u00e9e de la plan\u00e8te<\/h4>\n<h6 style=\"text-align: right;\"><em>George David, Pr\u00e9sident-directeur g\u00e9n\u00e9ral, UTC&nbsp;<\/em><\/h6>\n\n\n\n<p><\/p>\n\n\n\n<h4 style=\"text-align: justify;\"><em>A l&rsquo;heure o\u00f9 les entreprises fran\u00e7aises souffrent d&rsquo;un arr\u00eat des gains de productivit\u00e9 n&rsquo;avons nous pas dans cette approche du management par la gestion des moyens une voie d&rsquo;am\u00e9lioration ?<\/em>&nbsp;&nbsp;<\/h4>\n\n\n\n<p><\/p>\n\n\n\n<h3 style=\"text-align: center;\"><strong>Introduction au livre de Jay Bragdon \u00ab\u00a0<a href=\"https:\/\/clespourunavenirdurable.fr\/wp-content\/uploads\/2024\/10\/CHAPITRE-4-FO.pdf\">Companies that mimic Life<\/a>\u00ab\u00a0<\/strong><\/h3>\n<h3 style=\"text-align: center;\">(\u00ab\u00a0<em>Les entreprises qui imitent la vie<\/em>\u00ab\u00a0)&nbsp;<\/h3>\n<h4 style=\"text-align: justify;\">Nous sommes au c\u0153ur d&rsquo;une p\u00e9riode de m\u00e9tamorphose comme le monde n&rsquo;en a jamais connu depuis la fin du Moyen-\u00c2ge. Les institutions humaines sont en train de changer de forme alors que nous prenons conscience des r\u00e9alit\u00e9s du changement climatique et de la destruction des \u00e9cosyst\u00e8mes dont nous d\u00e9pendons pour notre survie. Comme l&rsquo;a dit avec perspicacit\u00e9 le sp\u00e9cialiste de l&rsquo;organisation Peter Drucker, \u00ab en p\u00e9riode de troubles, le danger ne r\u00e9side pas dans les troubles mais dans le fait d&rsquo;y faire face avec la logique d&rsquo;hier \u00bb. Cette m\u00e9tamorphose n&rsquo;est nulle part plus \u00e9vidente que dans la mani\u00e8re dont les entreprises sont organis\u00e9es et g\u00e9r\u00e9es. L&rsquo;id\u00e9al de \u00ab l&rsquo;organisation en tant que machine \u00bb, qui a domin\u00e9 pendant des centaines d&rsquo;ann\u00e9es jusqu&rsquo;\u00e0 la fin du 20e si\u00e8cle, c\u00e8de aujourd&rsquo;hui la place \u00e0 un id\u00e9al d&rsquo;\u00aborganisation en tant que syst\u00e8me vivant \u00bb. Ce changement conceptuel affecte tous les aspects de notre avenir entrepreneurial : de la fa\u00e7on dont nous percevons le monde qui nous entoure, \u00e0 nos modes de pens\u00e9e et de gestion, en passant par l&rsquo;\u00e9volution de notre technologie et la fa\u00e7on dont nous fabriquons nos voitures.<\/h4>\n<h4 style=\"text-align: justify;\">Les implications sont \u00e9normes. Les entreprises qui sauront saisir l&rsquo;ampleur et la profondeur de ce changement de mentalit\u00e9 seront les exemples de r\u00e9ussite de demain, celles qui ne le font pas seront les nouvelles d&rsquo;hier. Pour non seulement survivre, mais prosp\u00e9rer dans cette nouvelle norme de volatilit\u00e9 croissante, nos dirigeants doivent approfondir leur capacit\u00e9 personnelle et organisationnelle \u00e0 percevoir le domaine \u00e9mergent des possibilit\u00e9s futures, tout en lib\u00e9rant le potentiel cr\u00e9atif de l&rsquo;organisation. Il faut pour cela \u00e9largir notre horizon perceptif en passant des anciens mod\u00e8les habituels de gestion et de contr\u00f4le \u00e0 un sens plus conscient de ce que cela signifie de cr\u00e9er et d&rsquo;apporter de la valeur dans un monde de plus en plus interconnect\u00e9, num\u00e9ris\u00e9 et en constante \u00e9volution,<\/h4>\n<h4 style=\"text-align: justify;\">Que ce soit par le biais des disciplines de la physique quantique, de la psychologie, l&rsquo;\u00e9cologie, la neurobiologie, le d\u00e9veloppement organisationnel ou la sociologie, il nous appara\u00eet aujourd&rsquo;hui que la vie n&rsquo;est pas une simple construction m\u00e9caniste de facteurs d&rsquo;attraction et de g\u00e8nes \u00e9go\u00efstes, o\u00f9 des organismes distincts s&rsquo;affrontent dans la lutte pour la survie. Au contraire, nos scientifiques modernes nous permettent de reconna\u00eetre ce que les anciennes traditions ancestrales du monde entier ont per\u00e7u depuis longtemps : la vie est un r\u00e9seau interrelationnel d&rsquo;interactions et de relations entre les \u00eatres humains, o\u00f9 tout est en relation dynamique avec son environnement, communiquant et collaborant continuellement au sein d&rsquo;un oc\u00e9an d&rsquo;\u00eatre.<\/h4>\n<h4 style=\"text-align: justify;\">Dans ce champ de perception, le \u00ab moi \u00bb n&rsquo;est pas le \u00ab moi s\u00e9par\u00e9 \u00bb de l&rsquo;individualisme, mais le \u00ab moi diff\u00e9renciateur \u00bb immerg\u00e9 dans un riche milieu de relations. Il en va de m\u00eame pour l&rsquo;organisation, qui apporte une valeur sp\u00e9cifique dans son cr\u00e9neau en tant que syst\u00e8me vivant intimement imbriqu\u00e9 dans son \u00e9cosyst\u00e8me social et \u00e9cologique plus large.<\/h4>\n<h4 style=\"text-align: justify;\">C&rsquo;est la diversit\u00e9 et la r\u00e9ciprocit\u00e9 de ces relations qui assurent la r\u00e9silience d&rsquo;un syst\u00e8me vivant et, \u00e0 son tour, la r\u00e9silience de l&rsquo;\u00e9cosyst\u00e8me au sens large. Comme l&rsquo;a dit succinctement L\u00e9onard de Vinci&nbsp; : \u00ab Apprenez \u00e0 voir. R\u00e9alisez que tout est li\u00e9 \u00e0 tout le reste. \u00bb<\/h4>\n<h4 style=\"text-align: justify;\">Notre vision de la vie est en train de passer d&rsquo;un monde de s\u00e9paration, de comp\u00e9tition et d&rsquo;autonomie \u00e0 celui d&rsquo;une relationalit\u00e9 entrelac\u00e9e, o\u00f9 un ordre dynamique, au milieu d&rsquo;une transformation incessante, s&rsquo;impose \u00e0 nous gr\u00e2ce \u00e0 des sch\u00e9mas naturels, des boucles de r\u00e9troaction, des qualit\u00e9s comportementales, des interd\u00e9pendances et des adaptations. Plus vite nos dirigeants, managers et agents du changement adopteront cette vision du monde, mieux cela vaudra pour les organisations et l&rsquo;humanit\u00e9 dans son ensemble. Pour ma part, je suis encourag\u00e9 par la fa\u00e7on dont cette vision de la vie fond\u00e9e sur les syst\u00e8mes vivants commence \u00e0 impr\u00e9gner les couloirs du pouvoir. \u00ab&nbsp;Les entreprises qui imitent la vie&nbsp;\u00bb est une contribution vitale \u00e0 cette r\u00e9volution n\u00e9cessaire.<\/h4>\n<h4 style=\"text-align: justify;\">De plus en plus, alors que notre contexte organisationnel nous oblige \u00e0 devenir de plus en plus \u00e9mergents, innovants et adaptatifs, le leadership doit \u00e9galement s&rsquo;adapter, le leadership doit donc se concentrer sur l&rsquo;autonomisation, l&#8217;empathie, l&rsquo;encouragement des interrelations, l&rsquo;innovation, l&rsquo;apprentissage, l&rsquo;\u00e9coute locale, des partenariats r\u00e9ciproques et un r\u00e9seau actif de retour d&rsquo;information. En tant que tel, l&rsquo;objectif des dirigeants se concentre davantage sur la mise en place de conditions favorisant le syst\u00e8me vivant de l&rsquo;organisation pour lib\u00e9rer son potentiel cr\u00e9atif, apprendre et s&rsquo;\u00e9panouir de mani\u00e8re cibl\u00e9e et coh\u00e9rente, de sorte qu&rsquo;il puisse cr\u00e9er et fournir de la valeur tout en \u00e9tant attentif au bien-\u00eatre de toutes les personnes qu&rsquo;il sert et du tissu de vie plus large avec lequel il est en relation. Il ne s&rsquo;agit pas d&rsquo;un r\u00eave utopique, mais de l&rsquo;objectif fondamental de toute activit\u00e9 \u00e9conomique saine et de l&rsquo;objectif fondamental de notre humanit\u00e9. De plus en plus d&rsquo;hommes d&rsquo;affaires dans le monde entier le reconnaissent et transforment leurs modes de fonctionnement et d&rsquo;organisation en cons\u00e9quence. Les connaissances dont nous avons besoin pour relever les d\u00e9fis d&rsquo;aujourd&rsquo;hui se trouvent tout autour de nous et avec nous, si nous choisissons de regarder. En nous ouvrant davantage \u00e0 la vie (au-del\u00e0 des habitudes, des acculturations et des cadres fond\u00e9s sur le contr\u00f4le, de la logique d&rsquo;hier), nous permettons \u00e0 une perspective plus profonde et plus riche de se former en nous.<\/h4>\n<h4 style=\"text-align: justify;\">Nous cr\u00e9ons des organisations qui renforcent notre humanit\u00e9 au lieu d&rsquo;\u00e9touffer et de contraindre notre cr\u00e9ativit\u00e9, qui nous donnent les moyens de devenir des citoyens \u00e0 part enti\u00e8re. qui nous donnent les moyens de devenir plus d\u00e9termin\u00e9s et plus authentiques, au lieu de nous asservir \u00e0 des modes de fonctionnement qui ne sont pas les n\u00f4tres. Et la bonne nouvelle, c&rsquo;est que tout cela est parfait d&rsquo;un point de vue commercial. \u00ab&nbsp;<em>Les entreprises qui imitent la vie<\/em>&nbsp;\u00bb va droit au c\u0153ur du probl\u00e8me en apportant un \u00e9clairage strat\u00e9gique indispensable, \u00e9tay\u00e9 par des donn\u00e9es concr\u00e8tes sur les performances financi\u00e8res et des \u00e9tudes de cas d\u00e9taill\u00e9es de sept entreprises qui adoptent la logique des syst\u00e8mes vivants. Conseiller en investissement exp\u00e9riment\u00e9 et respect\u00e9, Jay Bragdon, examine ce qui d\u00e9finit leur succ\u00e8s : leur capacit\u00e9 \u00e0 apprendre des syst\u00e8mes vivants, ce qui \u00e9veille une conscience humaine plus profonde qui galvanise leurs organisations vers un avenir plus d\u00e9termin\u00e9 et plus florissant, en harmonie avec la vie. Apr\u00e8s tout, c&rsquo;est la seule voie viable qui s&rsquo;offre \u00e0 nous. Je ne saurais trop recommander cet ouvrage important et opportun \u00e0 tous ceux qui sont activement engag\u00e9s dans l&rsquo;avenir des entreprises.<\/h4>\n<p>&nbsp;<\/p>\n<h4>Giles Hutchins est le cofondateur de \u00ab&nbsp;Biomimicry for Creative Innovation&nbsp;\u00bb et l&rsquo;auteur de \u00ab&nbsp;Future Fit&nbsp;\u00bb &nbsp;et d&rsquo;autres ouvrages.<\/h4>\n\n\n\n<p><\/p>\n\n\n\n<h3 style=\"text-align: center;\"><strong>L&rsquo;exemple de Novo Nordisk<\/strong>&nbsp;<\/h3>\n<p style=\"text-align: right;\"><em>Auteur : Jay Bragdon<\/em>&nbsp;<\/p>\n<p style=\"text-align: center;\">Extrait de \u00ab\u00a0<a href=\"https:\/\/www.amazon.fr\/Companies-that-Mimic-Joseph-Bragdon-ebook\/dp\/B01N0379CD\/ref=sr_1_1?__mk_fr_FR=%C3%85M%C3%85%C5%BD%C3%95%C3%91&amp;crid=1SN5ILE17JPC9&amp;dib=eyJ2IjoiMSJ9.3etB28LejsD-IUKtRSTshz7-9HMyaeRMwaenrZUZmxY.ogHCA_cmf0SYrwlcYvWd23BLglvZwfhlz-Y1Suyd4VY&amp;dib_tag=se&amp;keywords=companies+that+mimic+life&amp;qid=1729512840&amp;sprefix=companies+that+mimic+life%2Caps%2C408&amp;sr=8-1\">Companies that mimic life<\/a>\u00a0\u00bb&nbsp;<\/p>\n\n\n\n<p><\/p>\n\n\n\n<div class=\"wp-block-uagb-buttons uagb-buttons__outer-wrap uagb-btn__default-btn uagb-btn-tablet__default-btn uagb-btn-mobile__default-btn uagb-block-6339d6ad\"><div class=\"uagb-buttons__wrap uagb-buttons-layout-wrap\">\n<div class=\"wp-block-uagb-buttons-child uagb-buttons__outer-wrap uagb-block-f97a6cc4 wp-block-button is-style-outline\"><div class=\"uagb-button__wrapper\"><a class=\"uagb-buttons-repeater wp-block-button__link has-background has-text-color\" href=\"https:\/\/clespourunavenirdurable.fr\/wp-content\/uploads\/2024\/10\/CHAPITRE-4-FO.pdf\" onclick=\"return true;\" rel=\"follow noopener\" target=\"_self\"><div class=\"uagb-button__link\">T\u00e9l\u00e9chargement du PDF <\/div><\/a><\/div><\/div>\n\n\n\n<div class=\"wp-block-uagb-buttons-child uagb-buttons__outer-wrap uagb-block-ec7992b4 wp-block-button is-style-outline\"><div class=\"uagb-button__wrapper\"><a class=\"uagb-buttons-repeater wp-block-button__link has-background has-text-color\" href=\"https:\/\/clespourunavenirdurable.fr\/wp-content\/uploads\/2023\/12\/Jay-Bragdon.pdf\" onclick=\"return true;\" rel=\"follow noopener\" target=\"_self\"><div class=\"uagb-button__link\">Pr\u00e9sentation de l&rsquo;auteur <\/div><\/a><\/div><\/div>\n<\/div><\/div>\n\n\n\n<p><\/p>\n\n\n\n<p><\/p>\n\n\n\n<h3 style=\"text-align: center;\"><strong>Th\u00e9orie transdisciplinaire de l&rsquo;entreprise<\/strong><\/h3>\n\n\n\n<p><\/p>\n\n\n\n<h5 style=\"text-align: center;\">Article initialement paru dans le \u00ab\u00a0<em><a href=\"https:\/\/www.cadmusjournal.org\/\">Cadmus Journal<\/a><\/em>\u00a0\u00bb le&nbsp; 25 Juin 2021&nbsp;<\/h5>\n<p style=\"text-align: right;\"><a href=\"https:\/\/cadmusjournal.org\/author\/garry-jacobs\"><em>Auteur&nbsp; : Garry Jacobs<\/em><\/a><\/p>\n<p style=\"text-align: right;\"><em>Pr\u00e9sident directeur g\u00e9n\u00e9ral, Acad\u00e9mie Mondiale des Arts et des Sciences ; <\/em><\/p>\n<p style=\"text-align: right;\"><em>PDG et Pr\u00e9sident du Conseil d\u2019Administration, World University Consortium ; <\/em><\/p>\n<p style=\"text-align: right;\"><em>Membre international, Club de Rome<\/em> ;<\/p>\n<p style=\"text-align: right;\"><em>Pr\u00e9sident, The Mother\u2019s Service Society, Pondich\u00e9ry, Inde<\/em>.<\/p>\n<p><strong>&nbsp;<\/strong><\/p>\n\n\n\n<h3 style=\"text-align: center;\"><a name=\"_Toc127891996\"><\/a><strong>R\u00e9sum\u00e9<\/strong><\/h3>\n<h4 style=\"text-align: justify;\">Il est imp\u00e9ratif de reconceptualiser le r\u00f4le de l\u2019entreprise dans la soci\u00e9t\u00e9 moderne sur la base d\u2019une perspective holistique, afin de corriger\u00a0:<\/h4>\n<ul>\n<li>\n<h4>les d\u00e9s\u00e9quilibres et les exc\u00e8s g\u00e9n\u00e9r\u00e9s par une conception trop \u00e9troite de sa raison d\u2019\u00eatre,<\/h4>\n<\/li>\n<li>\n<h4>et les insuffisances de la th\u00e9orie actuelle,<\/h4>\n<\/li>\n<\/ul>\n<h4 style=\"text-align: justify;\">pour expliquer et r\u00e9v\u00e9ler le processus implicite par lequel les entreprises, les parties prenantes et la soci\u00e9t\u00e9 dans son ensemble se d\u00e9veloppent, grandissent, et \u00e9voluent de mani\u00e8re synergique, se renfor\u00e7ant mutuellement et de mani\u00e8re b\u00e9n\u00e9fique.<\/h4>\n<h4 style=\"text-align: justify;\">Le concept de l\u2019entreprise en tant qu\u2019entit\u00e9 ind\u00e9pendante distincte s\u2019effor\u00e7ant de maximiser ses propres avantages individuels, en concurrence avec d\u2019autres entreprises, doit \u00eatre remplac\u00e9 par une conception de l\u2019entreprise, &#8211; en tant qu\u2019\u00e9l\u00e9ment nodal d\u2019un syst\u00e8me commercial global et d\u2019une organisation sociale con\u00e7us pour offrir un maximum d\u2019avantages \u00e0 la soci\u00e9t\u00e9 dans son ensemble, et pour r\u00e9partir ces avantages rationnellement pour le bien-\u00eatre de tous.<\/h4>\n<h4 style=\"text-align: justify;\">Le concept d\u2019efficacit\u00e9 \u00e9troitement d\u00e9fini en termes de valeur actionnariale doit \u00eatre remplac\u00e9 par le concept d\u2019efficacit\u00e9 d\u00e9fini au sens large comme la valeur totale g\u00e9n\u00e9r\u00e9e pour toutes les parties prenantes et la soci\u00e9t\u00e9 dans son ensemble.<\/h4>\n<h4 style=\"text-align: justify;\">Le r\u00f4le unique de l\u2019entreprise en tant qu\u2019agent de libre expression de l\u2019initiative individuelle, de l\u2019innovation et de la cr\u00e9ativit\u00e9 ne peut \u00eatre pr\u00e9serv\u00e9 et renforc\u00e9 que dans un environnement commercial, r\u00e9glementaire et social qui pr\u00e9serve le bien-\u00eatre de la collectivit\u00e9, tout en offrant un maximum de possibilit\u00e9s de choix et d\u2019action individuels.<\/h4>\n<h4>Cet article\u00a0:<\/h4>\n<h4>&#8211; consid\u00e8re l\u2019entreprise du point de vue d\u2019une science transdisciplinaire int\u00e9gr\u00e9e de la soci\u00e9t\u00e9,<\/h4>\n<h4 style=\"text-align: justify;\">&#8211; examine la relation entre l\u2019entreprise individuelle, le monde des affaires et la soci\u00e9t\u00e9 au sens large,<\/h4>\n<h4 style=\"text-align: justify;\">&#8211; et tient compte du concept de valeur du point de vue de l\u2019impact et des avantages globaux sur la soci\u00e9t\u00e9 et le bien-\u00eatre humain.<\/h4>\n\n\n\n<p><\/p>\n\n\n\n<p><\/p>\n\n\n\n<div class=\"wp-block-uagb-buttons uagb-buttons__outer-wrap uagb-btn__default-btn uagb-btn-tablet__default-btn uagb-btn-mobile__default-btn uagb-block-e7964d4c\"><div class=\"uagb-buttons__wrap uagb-buttons-layout-wrap\">\n<div class=\"wp-block-uagb-buttons-child uagb-buttons__outer-wrap uagb-block-857ccf81 wp-block-button is-style-outline\"><div class=\"uagb-button__wrapper\"><a class=\"uagb-buttons-repeater wp-block-button__link has-background has-text-color\" href=\"https:\/\/clespourunavenirdurable.fr\/wp-content\/uploads\/2024\/10\/Theorie-transdisciplinaire-de-lentreprise-1.pdf\" onclick=\"return true;\" rel=\"follow noopener\" target=\"_self\"><div class=\"uagb-button__link\">T\u00e9l\u00e9chargement du PDF <\/div><\/a><\/div><\/div>\n\n\n\n<div class=\"wp-block-uagb-buttons-child uagb-buttons__outer-wrap uagb-block-bd528d25 wp-block-button is-style-outline\"><div class=\"uagb-button__wrapper\"><a class=\"uagb-buttons-repeater wp-block-button__link has-background has-text-color\" href=\"https:\/\/clespourunavenirdurable.fr\/wp-content\/uploads\/2024\/03\/Garry-Jacobs-BIO-1.pdf\" onclick=\"return true;\" rel=\"follow noopener\" target=\"_self\"><div class=\"uagb-button__link\">Pr\u00e9sentation de l&rsquo;auteur <\/div><\/a><\/div><\/div>\n<\/div><\/div>\n","protected":false},"excerpt":{"rendered":"<p>\u00a0 \u00a0 Voir ci-dessous la pr\u00e9sentation du livre de Jay Bragdon \u00ab\u00a0Companies that mimic life\u00a0\u00bb \u00a0 Peter Drucker\u00a0 :\u00a0 \u00ab En p\u00e9riode de troubles, le danger ne r\u00e9side pas dans les troubles mais dans le fait d&rsquo;y faire face avec la logique d&rsquo;hier \u00bb. L&rsquo;id\u00e9al de \u00ab l&rsquo;organisation en tant que machine \u00bb, qui a [&hellip;]<\/p>\n","protected":false},"author":1,"featured_media":0,"parent":0,"menu_order":0,"comment_status":"closed","ping_status":"closed","template":"","meta":{"om_disable_all_campaigns":false,"_uag_custom_page_level_css":"","_monsterinsights_skip_tracking":false,"_monsterinsights_sitenote_active":false,"_monsterinsights_sitenote_note":"","_monsterinsights_sitenote_category":0,"_uf_show_specific_survey":0,"_uf_disable_surveys":false,"footnotes":""},"aioseo_notices":[],"uagb_featured_image_src":{"full":false,"thumbnail":false,"medium":false,"medium_large":false,"large":false,"1536x1536":false,"2048x2048":false},"uagb_author_info":{"display_name":"lechev.1910@gmail.com","author_link":"https:\/\/clespourunavenirdurable.fr\/?author=1"},"uagb_comment_info":0,"uagb_excerpt":"\u00a0 \u00a0 Voir ci-dessous la pr\u00e9sentation du livre de Jay Bragdon \u00ab\u00a0Companies that mimic life\u00a0\u00bb \u00a0 Peter Drucker\u00a0 :\u00a0 \u00ab En p\u00e9riode de troubles, le danger ne r\u00e9side pas dans les troubles mais dans le fait d&rsquo;y faire face avec la logique d&rsquo;hier \u00bb. L&rsquo;id\u00e9al de \u00ab l&rsquo;organisation en tant que machine \u00bb, qui a\u2026","_links":{"self":[{"href":"https:\/\/clespourunavenirdurable.fr\/index.php?rest_route=\/wp\/v2\/pages\/7927"}],"collection":[{"href":"https:\/\/clespourunavenirdurable.fr\/index.php?rest_route=\/wp\/v2\/pages"}],"about":[{"href":"https:\/\/clespourunavenirdurable.fr\/index.php?rest_route=\/wp\/v2\/types\/page"}],"author":[{"embeddable":true,"href":"https:\/\/clespourunavenirdurable.fr\/index.php?rest_route=\/wp\/v2\/users\/1"}],"replies":[{"embeddable":true,"href":"https:\/\/clespourunavenirdurable.fr\/index.php?rest_route=%2Fwp%2Fv2%2Fcomments&post=7927"}],"version-history":[{"count":32,"href":"https:\/\/clespourunavenirdurable.fr\/index.php?rest_route=\/wp\/v2\/pages\/7927\/revisions"}],"predecessor-version":[{"id":7996,"href":"https:\/\/clespourunavenirdurable.fr\/index.php?rest_route=\/wp\/v2\/pages\/7927\/revisions\/7996"}],"wp:attachment":[{"href":"https:\/\/clespourunavenirdurable.fr\/index.php?rest_route=%2Fwp%2Fv2%2Fmedia&parent=7927"}],"curies":[{"name":"wp","href":"https:\/\/api.w.org\/{rel}","templated":true}]}}