{"id":7241,"date":"2024-02-08T06:32:45","date_gmt":"2024-02-08T06:32:45","guid":{"rendered":"https:\/\/clespourunavenirdurable.fr\/?page_id=7241"},"modified":"2024-09-05T18:14:49","modified_gmt":"2024-09-05T18:14:49","slug":"mises-a-jour","status":"publish","type":"page","link":"https:\/\/clespourunavenirdurable.fr\/?page_id=7241","title":{"rendered":"Mises \u00e0 jour"},"content":{"rendered":"\n<p><\/p>\n\n\n\n<p><\/p>\n\n\n\n<figure class=\"wp-block-image size-large\"><img decoding=\"async\" loading=\"lazy\" width=\"1024\" height=\"768\" src=\"https:\/\/clespourunavenirdurable.fr\/wp-content\/uploads\/2024\/02\/78695008_2572012469534576_2387783726726643712_n-1024x768.jpg\" alt=\"\" class=\"wp-image-7254\" srcset=\"https:\/\/clespourunavenirdurable.fr\/wp-content\/uploads\/2024\/02\/78695008_2572012469534576_2387783726726643712_n-1024x768.jpg 1024w, https:\/\/clespourunavenirdurable.fr\/wp-content\/uploads\/2024\/02\/78695008_2572012469534576_2387783726726643712_n-300x225.jpg 300w, https:\/\/clespourunavenirdurable.fr\/wp-content\/uploads\/2024\/02\/78695008_2572012469534576_2387783726726643712_n-768x576.jpg 768w, https:\/\/clespourunavenirdurable.fr\/wp-content\/uploads\/2024\/02\/78695008_2572012469534576_2387783726726643712_n.jpg 1440w\" sizes=\"(max-width: 1024px) 100vw, 1024px\" \/><\/figure>\n\n\n\n<p><\/p>\n\n\n\n<h2 style=\"text-align: center;\">Mises \u00e0 jour<\/h2>\n\n\n\n<p><\/p>\n\n\n\n<h4>Le 31\/08\/2024<\/h4>\n<h4 style=\"text-align: justify;\">De nouveaux articles tir\u00e9s du \u00ab\u00a0Cadmus Journal\u00a0\u00bb publi\u00e9 le 31\/07\/2024 ont \u00e9t\u00e9 mis en ligne dans le menu \u00ab\u00a0Les articles du mois\u00a0\u00bb\u00a0 :\u00a0<\/h4>\n<ul>\n<li>la S\u00e9curit\u00e9 Humaine\u00a0 : fondement des Objectifs de D\u00e9veloppement Durable par <em>Ranjani Ravi<\/em>\u00a0<\/li>\n<li>L&rsquo;heure de l&rsquo;offensive de Paix par <em>Donato Kiniger- Passiali<\/em><\/li>\n<li>Multiplicit\u00e9 : menaces, partenariats et histoires de r\u00e9ussite par <em>Jonathan Granoff<\/em><\/li>\n<li>Que faire face \u00e0 la persistance des in\u00e9galit\u00e9s par<em> Neantro Saavedra-Rivano\u00a0<\/em><\/li>\n<li>Vers une \u00e9conomie r\u00e9g\u00e9n\u00e9ratrice par <em>Jay Bragdon\u00a0<\/em><\/li>\n<\/ul>\n\n\n\n<p><\/p>\n\n\n\n<p>Le 19\/03\/2024&nbsp;<\/p>\n<h3 style=\"text-align: center;\"><em>Un Mod\u00e8le Hybride Aliment\u00e9 par les TIC et l\u2019Intelligence Artificielle G\u00e9n\u00e9rative pour l\u2019Education du Futur<\/em><\/h3>\n<h4 style=\"text-align: center;\"><strong>A<\/strong>rticle initialement paru dans \u00ab&nbsp;<a href=\"https:\/\/www.cadmusjournal.org\/\">Cadmus Journal&nbsp;<\/a>\u00bb le 6 mars 2024<\/h4>\n<p style=\"text-align: center;\"><em>sous le titre&nbsp;<\/em><\/p>\n<p style=\"text-align: center;\"><a href=\"https:\/\/www.cadmusjournal.org\/article\/volume5-issue3-p1\/ict-generative\">ICT&nbsp;<em>&amp; Generative Artificial Intelligence Powered Hybrid Model for Future Education<\/em><\/a><em>&nbsp;<\/em><\/p>\n<p style=\"text-align: right;\">&nbsp;&nbsp;<a href=\"https:\/\/www.cadmusjournal.org\/author\/amine-jaouadi\">&nbsp;Amine Djawadi<\/a>,<\/p>\n<p style=\"text-align: right;\"><em>Professeur agr\u00e9g\u00e9 de physique, ECE Paris School of Engineering, Paris, France ; Membre de l\u2019Acad\u00e9mie Mondiale des Arts et des Sciences<\/em><\/p>\n<p style=\"text-align: right;\">&nbsp;<a href=\"https:\/\/www.cadmusjournal.org\/author\/abderrahmane-maaradji\">&nbsp;Abderrahman Maradji<\/a><\/p>\n<p style=\"text-align: right;\"><em>Professeur associ\u00e9 de TIC, ECE Paris School of Engineering, Paris, France<\/em><\/p>\n\n\n\n<p><\/p>\n\n\n\n<h4 style=\"text-align: justify;\">Retrouvez cet article dans le menu \u00ab\u00a0Les articles du Mois\u00a0\u00bb ou dans le Menu \u00ab\u00a0Education 2 \u00a0\u00bb ou en t\u00e9l\u00e9chargement directement ci-dessous<\/h4>\n\n\n\n<p><\/p>\n\n\n\n<div class=\"wp-block-uagb-buttons uagb-buttons__outer-wrap uagb-btn__default-btn uagb-btn-tablet__default-btn uagb-btn-mobile__default-btn uagb-block-897cd992\"><div class=\"uagb-buttons__wrap uagb-buttons-layout-wrap\">\n<div class=\"wp-block-uagb-buttons-child uagb-buttons__outer-wrap uagb-block-d6cbf491 wp-block-button is-style-outline\"><div class=\"uagb-button__wrapper\"><a class=\"uagb-buttons-repeater wp-block-button__link has-background has-text-color\" href=\"https:\/\/clespourunavenirdurable.fr\/wp-content\/uploads\/2024\/03\/Un-Modele-Hybride-Alimente-par-les-TIC-IA-1.zip\" onclick=\"return true;\" rel=\"follow noopener\" target=\"_self\"><div class=\"uagb-button__link\">T\u00e9l\u00e9chargement du PDF <\/div><\/a><\/div><\/div>\n<\/div><\/div>\n\n\n\n<p>Le 07\/03\/2024<\/p>\n<h3 style=\"text-align: center;\"><em>L&rsquo;\u00e9conomie politique du n\u00e9olib\u00e9ralisme et de la d\u00e9mocratie illib\u00e9rale<\/em><\/h3>\n<p style=\"text-align: center;\"><em>Article initialement paru le 17 octobre 2017 dans \u00ab&nbsp;Cadmus Journal&nbsp;\u00bb<\/em><\/p>\n<p style=\"text-align: center;\">Sous le titre<\/p>\n<p><em><u><a href=\"https:\/\/www.cadmusjournal.org\/article\/volume-3\/issue-3\/political-economy-neoliberalism-and-illiberal-democracy\">The Political Economy of Neoliberalism and Illiberal Democracy<\/a><\/u><\/em> <em><u>&nbsp;<\/u><\/em><\/p>\n<p style=\"text-align: right;\">&nbsp;Auteur&nbsp;: <a href=\"https:\/\/www.cadmusjournal.org\/author\/garry-jacobs\">Garry Jacobs<\/a><\/p>\n<p style=\"text-align: right;\"><em>Pr\u00e9sident et Directeur G\u00e9n\u00e9ral Acad\u00e9mie Mondiale des Arts et des Sciences&nbsp;; PDG et Pr\u00e9sident du Conseil d&rsquo;Administration, World University Consortium&nbsp;; Membre international, Club de Rome&nbsp;; Pr\u00e9sident, The Mother&rsquo;s Service Society, Pondich\u00e9ry, Inde.<\/em><\/p>\n<h5 style=\"text-align: justify;\">Retrouvez cet article dans le menu \u00ab\u00a0Gouvernance\u00a0\u00bb ou t\u00e9l\u00e9chargez le directement&nbsp; dans le lien de t\u00e9l\u00e9chargement ci-dessous&nbsp;<\/h5>\n\n\n\n<p><\/p>\n\n\n\n<div class=\"wp-block-uagb-buttons uagb-buttons__outer-wrap uagb-btn__default-btn uagb-btn-tablet__default-btn uagb-btn-mobile__default-btn uagb-block-d3e7fbbd\"><div class=\"uagb-buttons__wrap uagb-buttons-layout-wrap\">\n<div class=\"wp-block-uagb-buttons-child uagb-buttons__outer-wrap uagb-block-64555079 wp-block-button is-style-outline\"><div class=\"uagb-button__wrapper\"><a class=\"uagb-buttons-repeater wp-block-button__link has-background has-text-color\" href=\"https:\/\/clespourunavenirdurable.fr\/wp-content\/uploads\/2024\/03\/DEMOCRATIE-ILLIBERALE-1.pdf\" onclick=\"return true;\" rel=\"follow noopener\" target=\"_self\"><div class=\"uagb-button__link\">T\u00e9l\u00e9chargement du PDF<\/div><\/a><\/div><\/div>\n<\/div><\/div>\n\n\n\n<p>Le 07\/03\/2024&nbsp;<\/p>\n<h2 style=\"text-align: center;\">Biologie et soci\u00e9t\u00e9 : une vision holistique<\/h2>\n<h5 style=\"text-align: center;\"><em>Article initialement paru dans la revue \u2018<a href=\"_wp_link_placeholder\" data-wplink-edit=\"true\">Eruditio<\/a> \u00bb le 15 avril 2021<\/em><\/h5>\n<h5 style=\"text-align: center;\">Sous le titre<\/h5>\n<h5 style=\"text-align: center;\"><br><em>Biology and Society: A Holistic View<\/em><\/h5>\n<h5 style=\"text-align: left;\">Auteur : Gerald A. Gutenschwager<br>Professeur \u00e9m\u00e9rite, \u00c9cole d&rsquo;architecture, Universit\u00e9 de Washington, St. Louis, MO, \u00c9tats-Unis ; Chercheur scientifique, D\u00e9partement de planification et de d\u00e9veloppement r\u00e9gional, Universit\u00e9 de Thessalie, Volos, Gr\u00e8ce<\/h5>\n\n\n\n<p><\/p>\n\n\n\n<div class=\"wp-block-uagb-buttons uagb-buttons__outer-wrap uagb-btn__default-btn uagb-btn-tablet__default-btn uagb-btn-mobile__default-btn uagb-block-a75c13fd\"><div class=\"uagb-buttons__wrap uagb-buttons-layout-wrap\">\n<div class=\"wp-block-uagb-buttons-child uagb-buttons__outer-wrap uagb-block-178b86cd wp-block-button is-style-outline\"><div class=\"uagb-button__wrapper\"><a class=\"uagb-buttons-repeater wp-block-button__link has-background has-text-color\" href=\"https:\/\/clespourunavenirdurable.fr\/wp-content\/uploads\/2024\/03\/Biologie-et-societe-1.pdf\" onclick=\"return true;\" rel=\"follow noopener\" target=\"_self\"><div class=\"uagb-button__link\">T\u00e9l\u00e9chargement du PDF <\/div><\/a><\/div><\/div>\n<\/div><\/div>\n\n\n\n<p><\/p>\n\n\n\n<h3 style=\"text-align: center;\"><em>Plateforme Blockchain pour l&rsquo;Organisation d&rsquo;un Parti Politique, d&rsquo;un Mouvement Social, les Organisations Internationales, les Entreprises Publiques, etc.<\/em><\/h3>\n<h5 style=\"text-align: center;\">Article initialement publi\u00e9 dans la Revue \u00ab Eruditio \u00bb le 15 avril 2021<\/h5>\n<h5 style=\"text-align: center;\"><em>sous le titre<\/em><\/h5>\n<h5 style=\"text-align: center;\"><br>Blockchain Platform for the Organization of a Political Party, Social Movement, International<br>Organizations<\/h5>\n<h5 style=\"text-align: center;\">Auteure : Mariana Todorova<br>D\u00e9put\u00e9e \u00e0 l&rsquo;Assembl\u00e9e Nationale de la R\u00e9publique de Bulgarie ; Professeure assistante \u00e0 l&rsquo;Acad\u00e9mie Bulgare des Sciences<\/h5>\n\n\n\n<p><\/p>\n\n\n\n<div class=\"wp-block-uagb-buttons uagb-buttons__outer-wrap uagb-btn__default-btn uagb-btn-tablet__default-btn uagb-btn-mobile__default-btn uagb-block-22a6e5ff\"><div class=\"uagb-buttons__wrap uagb-buttons-layout-wrap\">\n<div class=\"wp-block-uagb-buttons-child uagb-buttons__outer-wrap uagb-block-9441b6a4 wp-block-button is-style-outline\"><div class=\"uagb-button__wrapper\"><a class=\"uagb-buttons-repeater wp-block-button__link has-background has-text-color\" href=\"https:\/\/clespourunavenirdurable.fr\/wp-content\/uploads\/2024\/03\/Plateforme-blockchain-pour-l-A.pdf\" onclick=\"return true;\" rel=\"follow noopener\" target=\"_self\"><div class=\"uagb-button__link\">T\u00e9l\u00e9chargement du PDF <\/div><\/a><\/div><\/div>\n<\/div><\/div>\n\n\n\n<p><\/p>\n\n\n\n<p><\/p>\n\n\n\n<p><\/p>\n\n\n\n<p>Le 05\/03\/2024<\/p>\n<h4><em>La \u00ab S\u00e9curit\u00e9 Humaine \u00bb relativis\u00e9e : Enseignements tir\u00e9s de six \u00e9v\u00e9nements mondiaux r\u00e9cents<\/em><\/h4>\n<p>Auteure : Fadwa El Guindi<\/p>\n<p>Retrouvez cet article dans le menu &lsquo;Les articles du mois\u00a0\u00bb<\/p>\n<h4 style=\"text-align: justify;\"><em>Le Roi est mort \u2026 Vive le Roi : une Th\u00e9orie Concernant la Vague Actuelle d&rsquo;Autoritarisme<\/em><\/h4>\n<p>Auteur&nbsp; : David Norris&nbsp;<\/p>\n<p>Retrouvez cet article dans le menu \u00ab\u00a0Gouvernance \u00a0\u00bb&nbsp;<\/p>\n\n\n\n<p><\/p>\n\n\n\n<p><\/p>\n\n\n\n<p><strong>Le 19\/02\/2024 <\/strong><\/p>\n<h3 style=\"text-align: justify;\"><em>Les Charges Sanitaires et Economiques Inflig\u00e9es par la Destruction de la S\u00e9curit\u00e9 Humaine<\/em><\/h3>\n<h4>Auteurs : Alberto Zucconi&nbsp; et Luca Rolle<\/h4>\n<h4 style=\"text-align: center;\">Retrouvez cet article dans le Menu \u00ab\u00a0Articles du Mois\u00a0\u00bb<\/h4>\n<p><strong>Le 08\/02\/2024<\/strong><\/p>\n\n\n\n<h4 class=\"wp-block-heading\"><em>Une Education \u00e0 la Sant\u00e9, Efficace et Centr\u00e9e sur les Personnes, pour la S\u00e9curit\u00e9 Humaine<\/em><\/h4>\n<h5 class=\"wp-block-heading\">Auteur : Alberto Zucconi<\/h5>\n<h4 style=\"text-align: center;\">Retrouvez cet article dans le Menu Education<\/h4>\n<h4><em>L&rsquo;Economie en tant que Science \u2013 ou du point de vue des Scientifiques d&rsquo;autres domaines<\/em><\/h4>\n<p>Auteur : Joaquim Verg\u00e9s- Jaime<\/p>\n<h4 style=\"text-align: center;\">Retrouvez cet article dans le Menu Cl\u00e9s pour un Avenir Durable et la S\u00e9curit\u00e9 Humaine garantie pour tous Sous Menu Nouvelle Economie Page 5<\/h4>\n\n\n\n<p><em> <\/em><\/p>\n\n\n\n<p><strong>Le 07\/02\/2024<\/strong><\/p>\n\n\n\n<h3 class=\"wp-block-heading\" style=\"text-align: justify;\"><em>Politique de pouvoir \u00e0 somme nulle et politique synergique pour la s\u00e9curit\u00e9 humaine<\/em><\/h3>\n\n\n\n<p>Auteur : Jerome C. GLENN<\/p>\n\n\n\n<h4 style=\"text-align: center;\">Retrouvez cet article dans le Menu Intelligence Artificielle<\/h4>\n\n\n\n<p><\/p>\n\n\n\n<div class=\"wp-block-buttons is-layout-flex\"><\/div>\n\n\n\n<h4>&nbsp;<\/h4>\n<h4 class=\"wp-block-heading\" style=\"text-align: justify;\"><em>Vers la S\u00e9curit\u00e9 Humaine gr\u00e2ce \u00e0 une Education Symbiotique Evolutive Transdisciplinaire Personnalis\u00e9e Bas\u00e9e sur des Jumeaux Num\u00e9riques Cognitifs<\/em><\/h4>\n\n\n\n<h3 class=\"wp-block-heading\"><\/h3>\n\n\n\n<p>Auteur : Witold Kinsner <\/p>\n\n\n\n<h4 style=\"text-align: center;\">Retrouvez cet article dans le Menu Intelligence Artificielle<\/h4>\n","protected":false},"excerpt":{"rendered":"<p>Mises \u00e0 jour Le 31\/08\/2024 De nouveaux articles tir\u00e9s du \u00ab\u00a0Cadmus Journal\u00a0\u00bb publi\u00e9 le 31\/07\/2024 ont \u00e9t\u00e9 mis en ligne dans le menu \u00ab\u00a0Les articles du mois\u00a0\u00bb\u00a0 :\u00a0 la S\u00e9curit\u00e9 Humaine\u00a0 : fondement des Objectifs de D\u00e9veloppement Durable par Ranjani Ravi\u00a0 L&rsquo;heure de l&rsquo;offensive de Paix par Donato Kiniger- Passiali Multiplicit\u00e9 : menaces, partenariats et [&hellip;]<\/p>\n","protected":false},"author":1,"featured_media":0,"parent":0,"menu_order":0,"comment_status":"closed","ping_status":"closed","template":"","meta":{"om_disable_all_campaigns":false,"_uag_custom_page_level_css":"","_monsterinsights_skip_tracking":false,"_monsterinsights_sitenote_active":false,"_monsterinsights_sitenote_note":"","_monsterinsights_sitenote_category":0,"_uf_show_specific_survey":0,"_uf_disable_surveys":false,"footnotes":""},"aioseo_notices":[],"uagb_featured_image_src":{"full":false,"thumbnail":false,"medium":false,"medium_large":false,"large":false,"1536x1536":false,"2048x2048":false},"uagb_author_info":{"display_name":"lechev.1910@gmail.com","author_link":"https:\/\/clespourunavenirdurable.fr\/?author=1"},"uagb_comment_info":0,"uagb_excerpt":"Mises \u00e0 jour Le 31\/08\/2024 De nouveaux articles tir\u00e9s du \u00ab\u00a0Cadmus Journal\u00a0\u00bb publi\u00e9 le 31\/07\/2024 ont \u00e9t\u00e9 mis en ligne dans le menu \u00ab\u00a0Les articles du mois\u00a0\u00bb\u00a0 :\u00a0 la S\u00e9curit\u00e9 Humaine\u00a0 : fondement des Objectifs de D\u00e9veloppement Durable par Ranjani Ravi\u00a0 L&rsquo;heure de l&rsquo;offensive de Paix par Donato Kiniger- Passiali Multiplicit\u00e9 : menaces, partenariats et\u2026","_links":{"self":[{"href":"https:\/\/clespourunavenirdurable.fr\/index.php?rest_route=\/wp\/v2\/pages\/7241"}],"collection":[{"href":"https:\/\/clespourunavenirdurable.fr\/index.php?rest_route=\/wp\/v2\/pages"}],"about":[{"href":"https:\/\/clespourunavenirdurable.fr\/index.php?rest_route=\/wp\/v2\/types\/page"}],"author":[{"embeddable":true,"href":"https:\/\/clespourunavenirdurable.fr\/index.php?rest_route=\/wp\/v2\/users\/1"}],"replies":[{"embeddable":true,"href":"https:\/\/clespourunavenirdurable.fr\/index.php?rest_route=%2Fwp%2Fv2%2Fcomments&post=7241"}],"version-history":[{"count":30,"href":"https:\/\/clespourunavenirdurable.fr\/index.php?rest_route=\/wp\/v2\/pages\/7241\/revisions"}],"predecessor-version":[{"id":7921,"href":"https:\/\/clespourunavenirdurable.fr\/index.php?rest_route=\/wp\/v2\/pages\/7241\/revisions\/7921"}],"wp:attachment":[{"href":"https:\/\/clespourunavenirdurable.fr\/index.php?rest_route=%2Fwp%2Fv2%2Fmedia&parent=7241"}],"curies":[{"name":"wp","href":"https:\/\/api.w.org\/{rel}","templated":true}]}}