{"id":7139,"date":"2024-01-30T16:28:35","date_gmt":"2024-01-30T16:28:35","guid":{"rendered":"https:\/\/clespourunavenirdurable.fr\/?page_id=7139"},"modified":"2024-03-06T03:48:53","modified_gmt":"2024-03-06T03:48:53","slug":"reflexions-diverses-suite","status":"publish","type":"page","link":"https:\/\/clespourunavenirdurable.fr\/?page_id=7139","title":{"rendered":"R\u00e9flexions diverses (suite)"},"content":{"rendered":"\n<p><\/p>\n\n\n\n<p><\/p>\n\n\n\n<p><\/p>\n\n\n\n\n\n\n\n<h3 style=\"text-align: justify;\"><span class=\"x193iq5w xeuugli x13faqbe x1vvkbs x1xmvt09 x1lliihq x1s928wv xhkezso x1gmr53x x1cpjm7i x1fgarty x1943h6x xudqn12 x3x7a5m x6prxxf xvq8zen xo1l8bm xzsf02u\" dir=\"auto\"><em>\u00ab\u00a0Le sort des g\u00e9n\u00e9rations futures, incluant celui des 8 millions d\u2019esp\u00e8ces qui sont nos concitoyennes en ce monde, est le d\u00e9fi ultime pour l\u2019altruisme. Il s\u2019agit en effet de prendre en consid\u00e9ration le sort de personnes que nous ne conna\u00eetrons pas et de modifier nos comportements en raison des souffrances qu\u2019elles vont endurer dans cinquante ou cent ans en raison de notre mani\u00e8re de vivre. Mais ces souffrances seront r\u00e9elles et nous en serons responsables. Si nous n\u2019agissons pas, nul doute qu\u2019elles diront : \u00ab Vous saviez, et vous n\u2019avez rien fait.\u00a0\u00bb<\/em><\/span><\/h3>\n<h3 style=\"text-align: justify;\"><span class=\"x193iq5w xeuugli x13faqbe x1vvkbs x1xmvt09 x1lliihq x1s928wv xhkezso x1gmr53x x1cpjm7i x1fgarty x1943h6x xudqn12 x3x7a5m x6prxxf xvq8zen xo1l8bm xzsf02u\" dir=\"auto\"><br \/><br \/><br \/><\/span><\/h3>\n\n\n\n<h3>&nbsp;<\/h3>\n<h3 style=\"text-align: justify;\"><span class=\"x193iq5w xeuugli x13faqbe x1vvkbs x1xmvt09 x1lliihq x1s928wv xhkezso x1gmr53x x1cpjm7i x1fgarty x1943h6x xudqn12 x3x7a5m x6prxxf xvq8zen xo1l8bm xzsf02u\" dir=\"auto\"><em>\u00ab\u00a0L\u2019interd\u00e9pendance \u00e0 l\u2019\u00e9chelle de la plan\u00e8te s\u2019impose \u00e0 nous de mani\u00e8re graduelle et implacable. On comprend, d\u00e8s lors, le besoin de questionner notre responsabilit\u00e9 universelle et l\u2019urgence de r\u00e9injecter des espaces de solidarit\u00e9 et de coop\u00e9ration. Ensemble, \u00e0 notre \u00e9chelle, nous pouvons faire \u00e9merger une formidable puissance pour instaurer un avenir plus compassionnel.\u00a0\u00bb ~ Matthieu Ricard<\/em><br><\/span><\/h3>\n<p>&nbsp;<\/p>\n\n\n\n<h3 style=\"text-align: justify;\"><em><span class=\"x193iq5w xeuugli x13faqbe x1vvkbs x1xmvt09 x1lliihq x1s928wv xhkezso x1gmr53x x1cpjm7i x1fgarty x1943h6x xudqn12 x3x7a5m x6prxxf xvq8zen xo1l8bm xzsf02u\" dir=\"auto\">\u00a0\u00bb Lorsque des altruistes s&rsquo;allient, ils peuvent engendrer une formidable puissance pour le bien. (&#8230;) Chacun peut se mobiliser \u00e0 sa fa\u00e7on et cultiver un \u00e9tat d&rsquo;esprit altruiste pour devenir un maillon de l&rsquo;immense cha\u00eene de la solidarit\u00e9 qui d\u00e9passe les fronti\u00e8res, les castes, les genres et les religions. \u00ab\u00a0<br><br>Matthieu Ricard, fondateur de <a class=\"x1i10hfl xjbqb8w x6umtig x1b1mbwd xaqea5y xav7gou x9f619 x1ypdohk xt0psk2 xe8uvvx xdj266r x11i5rnm xat24cr x1mh8g0r xexx8yu x4uap5 x18d9i69 xkhd6sd x16tdsg8 x1hl2dhg xggy1nq x1a2a7pz xt0b8zv xzsf02u x1s688f\" tabindex=\"0\" role=\"link\" href=\"https:\/\/www.facebook.com\/karunashechen?__tn__=-]K*F\"><span class=\"xt0psk2\">Karuna-Shechen<\/span><\/a>.<\/span><\/em><\/h3>\n<p>&nbsp;<\/p>\n\n\n\n<h3 style=\"text-align: justify;\"><span class=\"x193iq5w xeuugli x13faqbe x1vvkbs x1xmvt09 x1lliihq x1s928wv xhkezso x1gmr53x x1cpjm7i x1fgarty x1943h6x xudqn12 x3x7a5m x6prxxf xvq8zen xo1l8bm xzsf02u\" dir=\"auto\"><em>\u00ab\u00a0L&rsquo;altruisme est l\u2019une des solutions les plus concr\u00e8tes pour relever les d\u00e9fis du XXIe si\u00e8cle. Il permet de concilier les exigences de l\u2019\u00e9conomie, la recherche du bonheur, le respect de l\u2019environnement et une consid\u00e9ration bien plus grande envers le sort des g\u00e9n\u00e9rations futures\u00a0\u00bb<\/em><br><br><em>Matthieu Ricard &#8211; Plaidoyer pour l&rsquo;altruisme<\/em>.<\/span><\/h3>\n<p>&nbsp;<\/p>\n\n\n\n<h3 style=\"text-align: justify;\"><span class=\"x193iq5w xeuugli x13faqbe x1vvkbs x1xmvt09 x1lliihq x1s928wv xhkezso x1gmr53x x1cpjm7i x1fgarty x1943h6x xudqn12 x3x7a5m x6prxxf xvq8zen xo1l8bm xzsf02u\" dir=\"auto\"><em>Avec presque 1 milliard de personnes vivant sous le seuil de pauvret\u00e9 en 2022, elle est un terrible fl\u00e9au, que l\u2019on a tendance \u00e0 oublier, \u00e0 mettre de c\u00f4t\u00e9. Certains la per\u00e7oivent \u00e9galement comme un probl\u00e8me insurmontable.<\/em><br><em>Pourtant, si chacun laisse parler son sens de la solidarit\u00e9, de la coop\u00e9ration, de l\u2019altruisme, nous pouvons en venir \u00e0 bout.<\/em><br><br><em>Cela dit, cela n\u00e9cessite une v\u00e9ritable r\u00e9volution : \u00e0 l\u2019int\u00e9rieur de nous bien entendu, mais aussi au niveau de l\u2019\u00e9ducation et des institutions. Une macro solution \u00e0 un macro probl\u00e8me.<\/em><br><em>Mais comment trouver la force int\u00e9rieure de se lancer dans un tel challenge ?<\/em><\/span><\/h3>\n<p style=\"text-align: center;\">https:\/\/deezer.page.link\/hrSfcea5yPsKcT6U7<\/p>\n<p>&nbsp;<\/p>\n<p>&nbsp;<\/p>\n\n\n\n<h3 style=\"text-align: justify;\"><span class=\"x193iq5w xeuugli x13faqbe x1vvkbs x1xmvt09 x1lliihq x1s928wv xhkezso x1gmr53x x1cpjm7i x1fgarty x1943h6x xudqn12 x3x7a5m x6prxxf xvq8zen xo1l8bm xzsf02u\" dir=\"auto\">\u00ab\u00a0<em>En finir<\/em> av<em>ec la souffrance \u2014 pas seulement en soignant ses sympt\u00f4mes mais en \u00e9radiquant sa cause premi\u00e8re \u2014, c&rsquo;est pr\u00e9cis\u00e9ment ce \u00e0 quoi vise l&rsquo;enseignement du Bouddha. [&#8230;] Il faut d&rsquo;abord r\u00e9aliser que la vraie cause de la souffrance ne se trouve pas \u00e0 l&rsquo;ext\u00e9rieur de soi, mais \u00e0 l&rsquo;int\u00e9rieur. [&#8230;] C&rsquo;est pourquoi la v\u00e9ritable pratique spirituelle consiste \u00e0 s&rsquo;occuper de son propre esprit. L&rsquo;esprit est tr\u00e8s puissant, il peut cr\u00e9er le bonheur comme le malheur, le paradis comm<\/em>e l<em>&lsquo;enfer. Si, \u00e0 l&rsquo;aide du Dharma, vous parvenez \u00e0 \u00e9radiquer vos poisons int\u00e9rieurs, rien d&rsquo;ext\u00e9rieur ne pourra plus vous affecter n\u00e9gativement, mais tant que ces poisons resteront m\u00eal\u00e9s \u00e0 votre esprit, vous ne trouverez nulle part<\/em> <em>au monde le bonheur que vous d\u00e9sirez.\u00a0\u00bb<\/em><br>~ Nyoshul Khen Rinpoch\u00e9, enseignement oral donn\u00e9 \u00e0 Paro, au Bhoutan, en 1987, <\/span><\/h3>\n<p>&nbsp;<\/p>\n\n\n\n<h3 style=\"text-align: justify;\"><span class=\"x193iq5w xeuugli x13faqbe x1vvkbs x1xmvt09 x1lliihq x1s928wv xhkezso x1gmr53x x1cpjm7i x1fgarty x1943h6x xudqn12 x3x7a5m x6prxxf xvq8zen xo1l8bm xzsf02u\" dir=\"auto\">\u00c9levages<em> industriels, enclos de chasse, et abattoirs sont des obstacles de chaque instant au bien-\u00eatre animal.<\/em><br \/><em>Avec 1400 milliards d&rsquo;\u00eatres sensibles tu\u00e9s chaque ann\u00e9e \u00e0 l&rsquo;\u00e9chelle mondiale, une souffrance immense est engendr\u00e9e.<\/em><br \/><br \/><em>Cela dit, on assiste \u00e0 un \u00e9veil des consciences : beaucoup d&rsquo;entre nous ne tol\u00e8rent plus ce qui se passe, et veulent agir. Certains ont d\u00e9j\u00e0 franchi le pas en devenant v\u00e9g\u00e9tariens ou m\u00eame vegan. D&rsquo;autres ont r\u00e9duit leur consommation de produits d&rsquo;origine animale.<\/em><br \/><em>Mais peut-on vraiment venir \u00e0 bout de la souffrance anima<\/em>le <em>? Et si oui, de quelle fa\u00e7on ?<\/em><\/span><\/h3>\n<p><iframe title=\"Spotify Embed: Et si... on arr\u00eatait de faire souffrir les animaux ?\" style=\"border-radius: 12px\" width=\"100%\" height=\"152\" frameborder=\"0\" allowfullscreen allow=\"autoplay; clipboard-write; encrypted-media; fullscreen; picture-in-picture\" loading=\"lazy\" src=\"https:\/\/open.spotify.com\/embed\/episode\/1EApo0SQXZ59C8lOWlfeT6?si=200b3a3f2bda4e0d&#038;fbclid=IwAR3ZtvDlkmm57sRaqSLVxVr0bAA-SVnUiORYkuYpLVSMF7stJpk8rNmyT-U&#038;nd=1&#038;dlsi=9bb231039dd74694&#038;utm_source=oembed\"><\/iframe><\/p>\n\n\n\n<p><\/p>\n\n\n\n<p><\/p>\n\n\n\n<p><\/p>\n\n\n\n<p><\/p>\n\n\n\n<p><\/p>\n\n\n\n<p><\/p>\n","protected":false},"excerpt":{"rendered":"<p>\u00ab\u00a0Le sort des g\u00e9n\u00e9rations futures, incluant celui des 8 millions d\u2019esp\u00e8ces qui sont nos concitoyennes en ce monde, est le d\u00e9fi ultime pour l\u2019altruisme. Il s\u2019agit en effet de prendre en consid\u00e9ration le sort de personnes que nous ne conna\u00eetrons pas et de modifier nos comportements en raison des souffrances qu\u2019elles vont endurer dans cinquante [&hellip;]<\/p>\n","protected":false},"author":1,"featured_media":0,"parent":0,"menu_order":0,"comment_status":"closed","ping_status":"closed","template":"","meta":{"om_disable_all_campaigns":false,"_uag_custom_page_level_css":"","_monsterinsights_skip_tracking":false,"_monsterinsights_sitenote_active":false,"_monsterinsights_sitenote_note":"","_monsterinsights_sitenote_category":0,"_uf_show_specific_survey":0,"_uf_disable_surveys":false,"footnotes":""},"aioseo_notices":[],"uagb_featured_image_src":{"full":false,"thumbnail":false,"medium":false,"medium_large":false,"large":false,"1536x1536":false,"2048x2048":false},"uagb_author_info":{"display_name":"lechev.1910@gmail.com","author_link":"https:\/\/clespourunavenirdurable.fr\/?author=1"},"uagb_comment_info":0,"uagb_excerpt":"\u00ab\u00a0Le sort des g\u00e9n\u00e9rations futures, incluant celui des 8 millions d\u2019esp\u00e8ces qui sont nos concitoyennes en ce monde, est le d\u00e9fi ultime pour l\u2019altruisme. Il s\u2019agit en effet de prendre en consid\u00e9ration le sort de personnes que nous ne conna\u00eetrons pas et de modifier nos comportements en raison des souffrances qu\u2019elles vont endurer dans cinquante\u2026","_links":{"self":[{"href":"https:\/\/clespourunavenirdurable.fr\/index.php?rest_route=\/wp\/v2\/pages\/7139"}],"collection":[{"href":"https:\/\/clespourunavenirdurable.fr\/index.php?rest_route=\/wp\/v2\/pages"}],"about":[{"href":"https:\/\/clespourunavenirdurable.fr\/index.php?rest_route=\/wp\/v2\/types\/page"}],"author":[{"embeddable":true,"href":"https:\/\/clespourunavenirdurable.fr\/index.php?rest_route=\/wp\/v2\/users\/1"}],"replies":[{"embeddable":true,"href":"https:\/\/clespourunavenirdurable.fr\/index.php?rest_route=%2Fwp%2Fv2%2Fcomments&post=7139"}],"version-history":[{"count":17,"href":"https:\/\/clespourunavenirdurable.fr\/index.php?rest_route=\/wp\/v2\/pages\/7139\/revisions"}],"predecessor-version":[{"id":7565,"href":"https:\/\/clespourunavenirdurable.fr\/index.php?rest_route=\/wp\/v2\/pages\/7139\/revisions\/7565"}],"wp:attachment":[{"href":"https:\/\/clespourunavenirdurable.fr\/index.php?rest_route=%2Fwp%2Fv2%2Fmedia&parent=7139"}],"curies":[{"name":"wp","href":"https:\/\/api.w.org\/{rel}","templated":true}]}}