{"id":7054,"date":"2024-01-19T10:17:46","date_gmt":"2024-01-19T10:17:46","guid":{"rendered":"https:\/\/clespourunavenirdurable.fr\/?page_id=7054"},"modified":"2024-03-06T10:20:21","modified_gmt":"2024-03-06T10:20:21","slug":"intelligence-artificielle","status":"publish","type":"page","link":"https:\/\/clespourunavenirdurable.fr\/?page_id=7054","title":{"rendered":"Intelligence Artificielle"},"content":{"rendered":"\n<p><\/p>\n\n\n\n<figure class=\"wp-block-image size-full\"><img decoding=\"async\" loading=\"lazy\" width=\"980\" height=\"660\" src=\"https:\/\/clespourunavenirdurable.fr\/wp-content\/uploads\/2024\/03\/SURHUMANITE-3.jpg\" alt=\"\" class=\"wp-image-7608\" srcset=\"https:\/\/clespourunavenirdurable.fr\/wp-content\/uploads\/2024\/03\/SURHUMANITE-3.jpg 980w, https:\/\/clespourunavenirdurable.fr\/wp-content\/uploads\/2024\/03\/SURHUMANITE-3-300x202.jpg 300w, https:\/\/clespourunavenirdurable.fr\/wp-content\/uploads\/2024\/03\/SURHUMANITE-3-768x517.jpg 768w\" sizes=\"(max-width: 980px) 100vw, 980px\" \/><\/figure>\n\n\n\n<p><\/p>\n\n\n\n<p><\/p>\n\n\n\n<p><\/p>\n\n\n\n\n\n<p><\/p>\n\n\n\n<h3>&nbsp;<\/h3>\n<h3 style=\"text-align: center;\"><em>Politique de pouvoir \u00e0 somme nulle et politique synergique pour la s\u00e9curit\u00e9 humaine<\/em><\/h3>\n<h4>&nbsp;<\/h4>\n<h4 style=\"text-align: center;\">Article initialement publi\u00e9 dans \u00ab\u00a0<a href=\"https:\/\/www.cadmusjournal.org\/\">Cadmus Journal<\/a>\u00a0\u00bb le 31 Juillet 2023 sous le titre<\/h4>\n<p>&nbsp;<\/p>\n<h4 id=\"page-title\" style=\"text-align: center;\"><em><span class=\"title\"><a href=\"https:\/\/www.cadmusjournal.org\/article\/volume-5-issue-2\/zero-sum-power-politics\">Zero-Sum Power Politics vs. Synergetic Politics for Human Security<\/a><\/span><\/em><\/h4>\n<p>&nbsp;<\/p>\n<p style=\"text-align: right;\">Auteur : Jerome C. GLENN<\/p>\n<h5 style=\"text-align: right;\"><em>PDG du projet Millennium ; membre de l&rsquo;Acad\u00e9mie Mondiale des Arts et des Sciences<\/em><\/h5>\n<p>&nbsp;<\/p>\n\n\n\n<h3>&nbsp;<\/h3>\n<h3 style=\"text-align: center;\"><em>R\u00e9sum\u00e9<\/em><\/h3>\n<h3 style=\"text-align: justify;\">La politique du pouvoir \u00e0 somme nulle est une menace fondamentale pour la s\u00e9curit\u00e9 humaine. Des relations synergiques entre les nations sont propos\u00e9es pour am\u00e9liorer la s\u00e9curit\u00e9 humaine. Parmi les menaces existentielles qui p\u00e8sent sur l\u2019humanit\u00e9, la plus imm\u00e9diate et la moins comprise est le d\u00e9veloppement de l\u2019Intelligence Artificielle G\u00e9n\u00e9rale (IAG) avant que des accords ne soient mis en place pour sa gestion. Des exemples de conditions initiales, de r\u00e8gles et de garde-fous potentiellement b\u00e9n\u00e9fiques pour l\u2019IAG et les modes de gouvernance sont propos\u00e9s.<\/h3>\n<p>&nbsp;<\/p>\n\n\n\n<div class=\"wp-block-uagb-buttons uagb-buttons__outer-wrap uagb-btn__default-btn uagb-btn-tablet__default-btn uagb-btn-mobile__default-btn uagb-block-e38f4940\"><div class=\"uagb-buttons__wrap uagb-buttons-layout-wrap\">\n<div class=\"wp-block-uagb-buttons-child uagb-buttons__outer-wrap uagb-block-8d646889 wp-block-button is-style-outline\"><div class=\"uagb-button__wrapper\"><a class=\"uagb-buttons-repeater wp-block-button__link has-background has-text-color\" href=\"https:\/\/clespourunavenirdurable.fr\/wp-content\/uploads\/2024\/02\/Politique-de-pouvoir-a-somme-nulle-et-politique-synergique-pour-la-securite-humaine.pdf\" onclick=\"return true;\" rel=\"follow noopener\" target=\"_self\"><div class=\"uagb-button__link\">T\u00e9l\u00e9chargement du PDF <\/div><\/a><\/div><\/div>\n<\/div><\/div>\n\n\n\n<p>&nbsp;<\/p>\n<h2 style=\"text-align: center;\"><em>Vers la S\u00e9curit\u00e9 Humaine gr\u00e2ce \u00e0 une Education Symbiotique Evolutive Transdisciplinaire Personnalis\u00e9e Bas\u00e9e sur des Jumeaux Num\u00e9riques Cognitifs<\/em><\/h2>\n<p>&nbsp;<\/p>\n<h3 style=\"text-align: center;\"><em>Article initialement publi\u00e9 dans \u00ab&nbsp;Cadmus Journal&nbsp;\u00bb le 31 juillet 2023<\/em><\/h3>\n<h4 style=\"text-align: center;\"><em>Sous le titre<\/em><\/h4>\n<h3 style=\"text-align: center;\"><em><a href=\"https:\/\/www.cadmusjournal.org\/article\/volume-5-issue-2\/towards-hs\">Towards Human Security through Personalized Trans-disciplinary Evolving Symbiotic Education Based on Cognitive Digital Twins<\/a><\/em><\/h3>\n<p>&nbsp;<\/p>\n<p style=\"text-align: right;\"><a href=\"https:\/\/www.cadmusjournal.org\/author\/witold-kinsner\">Witold Kinsner<\/a><\/p>\n<p style=\"text-align: right;\"><em>Membre de l&rsquo;AMASS ; Professeur, Universit\u00e9 du Manitoba (UdeM) ; Directrice, Groupe des syst\u00e8mes cognitifs<\/em><\/p>\n\n\n\n<p>&nbsp;<\/p>\n<p>&nbsp;<\/p>\n\n\n\n<h2 style=\"text-align: center;\"><em>R\u00e9sum\u00e9<\/em><\/h2>\n<h3 style=\"text-align: justify;\">L&rsquo;\u00e9ducation a \u00e9volu\u00e9 \u00e0 travers une feuille de route compliqu\u00e9e pour servir des objectifs vari\u00e9s allant de la compr\u00e9hension du monde dans lequel nous vivons \u00e0 la formation des serveurs des cha\u00eenes de production, apr\u00e8s la premi\u00e8re r\u00e9volution industrielle (IR1) \u00e0 d&rsquo;autres cibles commerciales tout au long des trois r\u00e9volutions industrielles suivantes. Avec les progr\u00e8s scientifiques et technologiques actuels, la s\u00e9curit\u00e9 humaine et la durabilit\u00e9 \u00e9taient cens\u00e9es prendre soin d&rsquo;elles-m\u00eames et \u00e9voluer naturellement. Non seulement elles n&rsquo;ont pas \u00e9volu\u00e9, mais les menaces d\u00e9clench\u00e9es par les seuls d\u00e9veloppements des outils d&rsquo;Intelligence Artificielle (IA) deviennent existentielles. Notre insensibilit\u00e9 et notre n\u00e9gligence \u00e0 l&rsquo;\u00e9gard de l&rsquo;\u00e9cosyst\u00e8me doivent maintenant \u00eatre transform\u00e9es de toute urgence. L&rsquo;\u00e9ducation est au c\u0153ur de cette transformation. L&rsquo;approche uni-disciplinaire traditionnelle de l&rsquo;\u00e9ducation semble avoir \u00e9t\u00e9 suffisante au cours des trois premi\u00e8res r\u00e9volutions industrielles, car elle a servi les apprenants tout au long de leur vie. Cependant, elle doit maintenant \u00e9voluer vers un mod\u00e8le collaboratif multi- et transdisciplinaire pour faire face \u00e0 la croissance exponentielle des connaissances et aux complexit\u00e9s de notre \u00e9cosyst\u00e8me mises \u00e0 rude \u00e9preuve. L&rsquo;un des catalyseurs possibles de la transformation est le concept de jumeaux num\u00e9riques cognitifs (JNC \/ CDT), qui arrive \u00e0 maturit\u00e9 en raison des d\u00e9veloppements du calcul haute performance et de l&rsquo;intelligence artificielle. Le pr\u00e9sent document aborde certains aspects de ce point de vue.<\/h3>\n<p>\u00a0<\/p>\n<p>\u00a0<\/p>\n\n\n\n<div class=\"wp-block-uagb-buttons uagb-buttons__outer-wrap uagb-btn__default-btn uagb-btn-tablet__default-btn uagb-btn-mobile__default-btn uagb-block-73b97e01\"><div class=\"uagb-buttons__wrap uagb-buttons-layout-wrap\">\n<div class=\"wp-block-uagb-buttons-child uagb-buttons__outer-wrap uagb-block-d8328611 wp-block-button is-style-outline\"><div class=\"uagb-button__wrapper\"><a class=\"uagb-buttons-repeater wp-block-button__link has-background has-text-color\" href=\"https:\/\/clespourunavenirdurable.fr\/wp-content\/uploads\/2024\/02\/Kinsner.pdf\" onclick=\"return true;\" rel=\"follow noopener\" target=\"_self\"><div class=\"uagb-button__link\">Pr\u00e9sentation de l&rsquo;auteur <\/div><\/a><\/div><\/div>\n\n\n\n<div class=\"wp-block-uagb-buttons-child uagb-buttons__outer-wrap uagb-block-024eecb0 wp-block-button is-style-outline\"><div class=\"uagb-button__wrapper\"><a class=\"uagb-buttons-repeater wp-block-button__link has-background has-text-color\" href=\"https:\/\/clespourunavenirdurable.fr\/wp-content\/uploads\/2024\/02\/Vers-la-Securite-Humaine-grace-a-une-Education-Symbiotique-Evolutive-Transdisciplinaire-Personnalisee-Basee-sur-des-Jumeaux-Numeriques-Cognitifs1.pdf\" onclick=\"return true;\" rel=\"follow noopener\" target=\"_self\"><div class=\"uagb-button__link\">T\u00e9l\u00e9chargement du PDF <\/div><\/a><\/div><\/div>\n<\/div><\/div>\n","protected":false},"excerpt":{"rendered":"<p>&nbsp; Politique de pouvoir \u00e0 somme nulle et politique synergique pour la s\u00e9curit\u00e9 humaine &nbsp; Article initialement publi\u00e9 dans \u00ab\u00a0Cadmus Journal\u00a0\u00bb le 31 Juillet 2023 sous le titre &nbsp; Zero-Sum Power Politics vs. Synergetic Politics for Human Security &nbsp; Auteur : Jerome C. GLENN PDG du projet Millennium ; membre de l&rsquo;Acad\u00e9mie Mondiale des Arts [&hellip;]<\/p>\n","protected":false},"author":1,"featured_media":0,"parent":0,"menu_order":0,"comment_status":"closed","ping_status":"closed","template":"","meta":{"om_disable_all_campaigns":false,"_uag_custom_page_level_css":"","_monsterinsights_skip_tracking":false,"_monsterinsights_sitenote_active":false,"_monsterinsights_sitenote_note":"","_monsterinsights_sitenote_category":0,"_uf_show_specific_survey":0,"_uf_disable_surveys":false,"footnotes":""},"aioseo_notices":[],"uagb_featured_image_src":{"full":false,"thumbnail":false,"medium":false,"medium_large":false,"large":false,"1536x1536":false,"2048x2048":false},"uagb_author_info":{"display_name":"lechev.1910@gmail.com","author_link":"https:\/\/clespourunavenirdurable.fr\/?author=1"},"uagb_comment_info":0,"uagb_excerpt":"&nbsp; Politique de pouvoir \u00e0 somme nulle et politique synergique pour la s\u00e9curit\u00e9 humaine &nbsp; Article initialement publi\u00e9 dans \u00ab\u00a0Cadmus Journal\u00a0\u00bb le 31 Juillet 2023 sous le titre &nbsp; Zero-Sum Power Politics vs. Synergetic Politics for Human Security &nbsp; Auteur : Jerome C. GLENN PDG du projet Millennium ; membre de l&rsquo;Acad\u00e9mie Mondiale des Arts\u2026","_links":{"self":[{"href":"https:\/\/clespourunavenirdurable.fr\/index.php?rest_route=\/wp\/v2\/pages\/7054"}],"collection":[{"href":"https:\/\/clespourunavenirdurable.fr\/index.php?rest_route=\/wp\/v2\/pages"}],"about":[{"href":"https:\/\/clespourunavenirdurable.fr\/index.php?rest_route=\/wp\/v2\/types\/page"}],"author":[{"embeddable":true,"href":"https:\/\/clespourunavenirdurable.fr\/index.php?rest_route=\/wp\/v2\/users\/1"}],"replies":[{"embeddable":true,"href":"https:\/\/clespourunavenirdurable.fr\/index.php?rest_route=%2Fwp%2Fv2%2Fcomments&post=7054"}],"version-history":[{"count":22,"href":"https:\/\/clespourunavenirdurable.fr\/index.php?rest_route=\/wp\/v2\/pages\/7054\/revisions"}],"predecessor-version":[{"id":7609,"href":"https:\/\/clespourunavenirdurable.fr\/index.php?rest_route=\/wp\/v2\/pages\/7054\/revisions\/7609"}],"wp:attachment":[{"href":"https:\/\/clespourunavenirdurable.fr\/index.php?rest_route=%2Fwp%2Fv2%2Fmedia&parent=7054"}],"curies":[{"name":"wp","href":"https:\/\/api.w.org\/{rel}","templated":true}]}}