{"id":7031,"date":"2024-01-09T11:36:37","date_gmt":"2024-01-09T11:36:37","guid":{"rendered":"https:\/\/clespourunavenirdurable.fr\/?page_id=7031"},"modified":"2024-03-21T01:11:47","modified_gmt":"2024-03-21T01:11:47","slug":"formulaire-de-contact-2","status":"publish","type":"page","link":"https:\/\/clespourunavenirdurable.fr\/?page_id=7031","title":{"rendered":"Formulaire de Contact"},"content":{"rendered":"\t\t\t\t\t<div\n\t\t\t\t\t\tclass=\"wp-block-uagb-image-gallery uagb-block-e558a099    \"\n\t\t\t\t\t\tstyle=\"\"\n\t\t\t\t\t>\n\t\t\t\t\t\t\t\t\t\t\t<div class=\"spectra-image-gallery spectra-image-gallery__layout--grid spectra-image-gallery__layout--grid-col-2 spectra-image-gallery__layout--grid-col-tab-2 spectra-image-gallery__layout--grid-col-mob-2\">\n\t\t\t\t\t\t\t\t\t\t\t<div class='spectra-image-gallery__media-wrapper'>\n\t\t\t\t\t\t\t<div class=\"spectra-image-gallery__media spectra-image-gallery__media--grid\">\n\t\t\t\t<img decoding=\"async\" class=\"spectra-image-gallery__media-thumbnail spectra-image-gallery__media-thumbnail--grid\" src=\"https:\/\/clespourunavenirdurable.fr\/wp-content\/uploads\/2024\/03\/PROMESSE-DE-REALISATION-6.jpg\" alt=\"\" loading=\"lazy\" \/>\n\t\t\t\t<div class=\"spectra-image-gallery__media-thumbnail-blurrer\"><\/div>\n\t\t\t\t\t\t\t\t\t\t\t<div class=\"spectra-image-gallery__media-thumbnail-caption-wrapper spectra-image-gallery__media-thumbnail-caption-wrapper--overlay\">\n\t\t\t\t\t\t\t\t\t\t\t<div class=\"spectra-image-gallery__media-thumbnail-caption spectra-image-gallery__media-thumbnail-caption--overlay\">\n\t\t\t\t\tAucune l\u00e9gende\t\t\t\t<\/div>\n\t\t\t\t\t\t\t\t\t\t<\/div>\n\t\t\t\t\t\t\t\t\t<\/div>\n\t\t\t\t\t\t<\/div>\n\t\t\t\t\t\t<div class='spectra-image-gallery__media-wrapper'>\n\t\t\t\t\t\t\t<div class=\"spectra-image-gallery__media spectra-image-gallery__media--grid\">\n\t\t\t\t<img decoding=\"async\" class=\"spectra-image-gallery__media-thumbnail spectra-image-gallery__media-thumbnail--grid\" src=\"https:\/\/clespourunavenirdurable.fr\/wp-content\/uploads\/2024\/03\/PROMESSE-DE-REALISATION-2-2.jpg\" alt=\"\" loading=\"lazy\" \/>\n\t\t\t\t<div class=\"spectra-image-gallery__media-thumbnail-blurrer\"><\/div>\n\t\t\t\t\t\t\t\t\t\t\t<div class=\"spectra-image-gallery__media-thumbnail-caption-wrapper spectra-image-gallery__media-thumbnail-caption-wrapper--overlay\">\n\t\t\t\t\t\t\t\t\t\t\t<div class=\"spectra-image-gallery__media-thumbnail-caption spectra-image-gallery__media-thumbnail-caption--overlay\">\n\t\t\t\t\tAucune l\u00e9gende\t\t\t\t<\/div>\n\t\t\t\t\t\t\t\t\t\t<\/div>\n\t\t\t\t\t\t\t\t\t<\/div>\n\t\t\t\t\t\t<\/div>\n\t\t\t\t\t\t<div class='spectra-image-gallery__media-wrapper'>\n\t\t\t\t\t\t\t<div class=\"spectra-image-gallery__media spectra-image-gallery__media--grid\">\n\t\t\t\t<img decoding=\"async\" class=\"spectra-image-gallery__media-thumbnail spectra-image-gallery__media-thumbnail--grid\" src=\"https:\/\/clespourunavenirdurable.fr\/wp-content\/uploads\/2024\/03\/AFFECTION-POUR-LE-DIVIN.jpg\" alt=\"\" loading=\"lazy\" \/>\n\t\t\t\t<div class=\"spectra-image-gallery__media-thumbnail-blurrer\"><\/div>\n\t\t\t\t\t\t\t\t\t\t\t<div class=\"spectra-image-gallery__media-thumbnail-caption-wrapper spectra-image-gallery__media-thumbnail-caption-wrapper--overlay\">\n\t\t\t\t\t\t\t\t\t\t\t<div class=\"spectra-image-gallery__media-thumbnail-caption spectra-image-gallery__media-thumbnail-caption--overlay\">\n\t\t\t\t\tAucune l\u00e9gende\t\t\t\t<\/div>\n\t\t\t\t\t\t\t\t\t\t<\/div>\n\t\t\t\t\t\t\t\t\t<\/div>\n\t\t\t\t\t\t<\/div>\n\t\t\t\t\t\t<div class='spectra-image-gallery__media-wrapper'>\n\t\t\t\t\t\t\t<div class=\"spectra-image-gallery__media spectra-image-gallery__media--grid\">\n\t\t\t\t<img decoding=\"async\" class=\"spectra-image-gallery__media-thumbnail spectra-image-gallery__media-thumbnail--grid\" src=\"https:\/\/clespourunavenirdurable.fr\/wp-content\/uploads\/2024\/03\/KAILASH-4-1-scaled.jpg\" alt=\"\" loading=\"lazy\" \/>\n\t\t\t\t<div class=\"spectra-image-gallery__media-thumbnail-blurrer\"><\/div>\n\t\t\t\t\t\t\t\t\t\t\t<div class=\"spectra-image-gallery__media-thumbnail-caption-wrapper spectra-image-gallery__media-thumbnail-caption-wrapper--overlay\">\n\t\t\t\t\t\t\t\t\t\t\t<div class=\"spectra-image-gallery__media-thumbnail-caption spectra-image-gallery__media-thumbnail-caption--overlay\">\n\t\t\t\t\tAucune l\u00e9gende\t\t\t\t<\/div>\n\t\t\t\t\t\t\t\t\t\t<\/div>\n\t\t\t\t\t\t\t\t\t<\/div>\n\t\t\t\t\t\t<\/div>\n\t\t\t\t\t\t\t\t\t\t<\/div>\n\t\t\t\t\t\t\t\t\t\t\t\t\t\t\t\t\t\t<\/div>\n\t\t\t\t\n\n\n<p><\/p>\n\n\n\n<p><\/p>\n\n\n\n<div class=\"wp-block-uagb-forms uagb-forms__outer-wrap uagb-block-a13a0f39 uagb-forms__medium-btn\"><form class=\"uagb-forms-main-form\" method=\"post\" autocomplete=\"on\" name=\"uagb-form-a13a0f39\">\n<div class=\"wp-block-uagb-forms-name uagb-forms-name-wrap uagb-forms-field-set uagb-block-a7509e47\"><div class=\"uagb-forms-name-label obligatoire uagb-forms-input-label\" id=\"a7509e47\">Pr\u00e9nom<\/div><input type=\"text\" placeholder=\"John\" required class=\"uagb-forms-name-input uagb-forms-input\" name=\"a7509e47\" autocomplete=\"given-name\"\/><\/div>\n\n\n\n<div class=\"wp-block-uagb-forms-name uagb-forms-name-wrap uagb-forms-field-set uagb-block-48a801e5\"><div class=\"uagb-forms-name-label obligatoire uagb-forms-input-label\" id=\"48a801e5\">Nom de Famille<\/div><input type=\"text\" placeholder=\"Doe\" required class=\"uagb-forms-name-input uagb-forms-input\" name=\"48a801e5\" autocomplete=\"family-name\"\/><\/div>\n\n\n\n<div class=\"wp-block-uagb-forms-email uagb-forms-email-wrap uagb-forms-field-set uagb-block-2b33f607\"><div class=\"uagb-forms-email-label  uagb-forms-input-label\" id=\"2b33f607\">E-mail<\/div><input type=\"email\" class=\"uagb-forms-email-input uagb-forms-input\" placeholder=\"exemple@mail.com\" name=\"2b33f607\" autocomplete=\"email\"\/><\/div>\n\n\n\n<div class=\"wp-block-uagb-forms-textarea uagb-forms-textarea-wrap uagb-forms-field-set uagb-block-7a6eae53\"><div class=\"uagb-forms-textarea-label obligatoire uagb-forms-input-label\" id=\"7a6eae53\">Message<\/div><textarea required class=\"uagb-forms-textarea-input uagb-forms-input\" rows=\"4\" placeholder=\"Saisissez votre message\" name=\"7a6eae53\" autocomplete=\"off\"><\/textarea><\/div>\n<div class=\"uagb-forms-form-hidden-data\"><input type=\"hidden\" class=\"uagb_forms_form_label\" value=\"Formulaire Spectra\"\/><input type=\"hidden\" class=\"uagb_forms_form_id\" value=\"uagb-form-a13a0f39\"\/><\/div><div class=\"uagb-form-reacaptcha-error-a13a0f39\"><\/div><div class=\"uagb-forms-main-submit-button-wrap wp-block-button\"><button class=\"uagb-forms-main-submit-button wp-block-button__link\"><div class=\"uagb-forms-main-submit-button-text\">Envoyer<\/div><\/button><\/div><\/form><div class=\"uagb-forms-success-message-a13a0f39 uagb-forms-submit-message-hide\"><span>Le formulaire a bien \u00e9t\u00e9 envoy\u00e9\u00a0!<\/span><\/div><div class=\"uagb-forms-failed-message-a13a0f39 uagb-forms-submit-message-hide\"><span>Une erreur s\u2019est produite lors de l\u2019envoi du formulaire. Veuillez v\u00e9rifier \u00e0 nouveau tous les champs du formulaire.<\/span><\/div><\/div>\n","protected":false},"excerpt":{"rendered":"","protected":false},"author":1,"featured_media":0,"parent":0,"menu_order":0,"comment_status":"closed","ping_status":"closed","template":"","meta":{"om_disable_all_campaigns":false,"_uag_custom_page_level_css":"","_monsterinsights_skip_tracking":false,"_monsterinsights_sitenote_active":false,"_monsterinsights_sitenote_note":"","_monsterinsights_sitenote_category":0,"_uf_show_specific_survey":0,"_uf_disable_surveys":false,"footnotes":""},"aioseo_notices":[],"uagb_featured_image_src":{"full":false,"thumbnail":false,"medium":false,"medium_large":false,"large":false,"1536x1536":false,"2048x2048":false},"uagb_author_info":{"display_name":"lechev.1910@gmail.com","author_link":"https:\/\/clespourunavenirdurable.fr\/?author=1"},"uagb_comment_info":0,"uagb_excerpt":null,"_links":{"self":[{"href":"https:\/\/clespourunavenirdurable.fr\/index.php?rest_route=\/wp\/v2\/pages\/7031"}],"collection":[{"href":"https:\/\/clespourunavenirdurable.fr\/index.php?rest_route=\/wp\/v2\/pages"}],"about":[{"href":"https:\/\/clespourunavenirdurable.fr\/index.php?rest_route=\/wp\/v2\/types\/page"}],"author":[{"embeddable":true,"href":"https:\/\/clespourunavenirdurable.fr\/index.php?rest_route=\/wp\/v2\/users\/1"}],"replies":[{"embeddable":true,"href":"https:\/\/clespourunavenirdurable.fr\/index.php?rest_route=%2Fwp%2Fv2%2Fcomments&post=7031"}],"version-history":[{"count":4,"href":"https:\/\/clespourunavenirdurable.fr\/index.php?rest_route=\/wp\/v2\/pages\/7031\/revisions"}],"predecessor-version":[{"id":7790,"href":"https:\/\/clespourunavenirdurable.fr\/index.php?rest_route=\/wp\/v2\/pages\/7031\/revisions\/7790"}],"wp:attachment":[{"href":"https:\/\/clespourunavenirdurable.fr\/index.php?rest_route=%2Fwp%2Fv2%2Fmedia&parent=7031"}],"curies":[{"name":"wp","href":"https:\/\/api.w.org\/{rel}","templated":true}]}}