{"id":70,"date":"2023-01-08T01:50:02","date_gmt":"2023-01-08T01:50:02","guid":{"rendered":"https:\/\/clespourunavenirdurable.fr\/?page_id=70"},"modified":"2024-03-06T03:23:52","modified_gmt":"2024-03-06T03:23:52","slug":"lacademie-mondiale-des-arts-et-des-sciences-amas","status":"publish","type":"page","link":"https:\/\/clespourunavenirdurable.fr\/?page_id=70","title":{"rendered":"L\u2019Acad\u00e9mie Mondiale des Arts et des Sciences"},"content":{"rendered":"\n<figure class=\"wp-block-image size-large is-resized\"><img decoding=\"async\" loading=\"lazy\" src=\"https:\/\/clespourunavenirdurable.fr\/wp-content\/uploads\/2023\/01\/IMG5-3-1024x449.webp\" alt=\"\" class=\"wp-image-1842\" width=\"1262\" height=\"553\" srcset=\"https:\/\/clespourunavenirdurable.fr\/wp-content\/uploads\/2023\/01\/IMG5-3-1024x449.webp 1024w, https:\/\/clespourunavenirdurable.fr\/wp-content\/uploads\/2023\/01\/IMG5-3-300x132.webp 300w, https:\/\/clespourunavenirdurable.fr\/wp-content\/uploads\/2023\/01\/IMG5-3-768x337.webp 768w, https:\/\/clespourunavenirdurable.fr\/wp-content\/uploads\/2023\/01\/IMG5-3.webp 1194w\" sizes=\"(max-width: 1262px) 100vw, 1262px\" \/><\/figure>\n\n\n\n<div class=\"wp-block-kadence-rowlayout alignnone\"><div id=\"kt-layout-id_86e0bc-1d\" class=\"kt-row-layout-inner kt-layout-id_86e0bc-1d\"><div class=\"kt-row-column-wrap kt-has-3-columns kt-gutter-default kt-v-gutter-default kt-row-valign-top kt-row-layout-equal kt-tab-layout-inherit kt-m-colapse-left-to-right kt-mobile-layout-row  kt-custom-first-width-20  kt-custom-second-width-60  kt-custom-third-width-20\">\n\n<div class=\"wp-block-kadence-column inner-column-1 kadence-column_c792d7-4c\"><div class=\"kt-inside-inner-col\"><\/div><\/div>\n\n\n<div class=\"wp-block-kadence-column inner-column-2 kadence-column_f6d8f1-16\"><div class=\"kt-inside-inner-col\">\n\n<div class=\"wp-block-kadence-column inner-column-2 kadence-column_83748b-91\"><div class=\"kt-inside-inner-col\"><\/div><\/div>\n\n<\/div><\/div>\n\n\n<div class=\"wp-block-kadence-column inner-column-3 kadence-column_52e30f-61\"><div class=\"kt-inside-inner-col\"><\/div><\/div>\n\n<\/div><\/div><\/div>\n\n\n\n<p class=\"has-theme-palette-3-color has-text-color\" style=\"font-size: 20px; text-align: justify;\"><strong><em>L\u2019Acad\u00e9mie Mondiale des Arts et des Sciences<\/em><\/strong> a \u00e9t\u00e9 cr\u00e9\u00e9e en 1960 en tant que r\u00e9seau non officiel de pas plus de 650 chercheurs de diverses cultures, nationalit\u00e9s et disciplines intellectuelles, \u00ab&nbsp;choisis pour leur \u00e9minence dans l\u2019art, les sciences naturelles et sociales et les sciences humaines. Ses activit\u00e9s se concentrent sur \u00ab les cons\u00e9quences sociales et les implications politiques de la connaissance \u00bb.<\/p>\n\n\n\n<p style=\"font-size: 20px; text-align: justify;\"><strong><em>L\u2019esprit de l\u2019Acad\u00e9mie<\/em><\/strong> peut \u00eatre exprim\u00e9 dans les mots d\u2019Albert Einstein : \u00ab Les cr\u00e9ations de notre esprit seront une b\u00e9n\u00e9diction et non une mal\u00e9diction pour l\u2019humanit\u00e9. \u00bb Ses membres partagent l\u2019ambition (comme les fondateurs l\u2019ont dit dans leur Manifeste de 1960) \u00ab de red\u00e9couvrir le langage de la compr\u00e9hension mutuelle \u00bb, surmontant les diff\u00e9rences de tradition, de langue et de structure sociale qui, \u00e0 moins d\u2019\u00eatre fusionn\u00e9es par l\u2019imagination cr\u00e9atrice et l\u2019effort continu, dissolvent la communaut\u00e9 humaine latente dans querelles et diff\u00e9rends.<\/p>\n\n\n\n<p style=\"font-size: 20px; text-align: justify;\"><strong><em>\u00c0 cette fin, l\u2019Acad\u00e9mie sert de forum pour les<\/em><\/strong> scientifiques, les artistes et les \u00e9rudits qui r\u00e9fl\u00e9chissent pour discuter des probl\u00e8mes vitaux de l\u2019humanit\u00e9 ind\u00e9pendamment des fronti\u00e8res ou des limites politiques, qu\u2019elles soient spirituelles ou physiques &#8211; un forum o\u00f9 ces probl\u00e8mes peuvent \u00eatre discut\u00e9s objectivement, scientifiquement, globalement, et \u00e0 l\u2019abri des int\u00e9r\u00eats particuliers ou des attachements r\u00e9gionaux.<\/p>\n\n\n\n<p style=\"font-size: 20px; text-align: justify;\"><strong><em>L\u2019Acad\u00e9mie Mondiale des Arts et des Sciences, <\/em><\/strong>a d\u00e9clar\u00e9 que le Manifeste de 1960, \u00ab fonctionnera comme une universit\u00e9 mondiale informelle au plus haut niveau scientifique et \u00e9thique, dans laquelle une profonde compr\u00e9hension humaine et le sens le plus complet des responsabilit\u00e9s se rencontreront \u00bb.<\/p>\n\n\n\n<p style=\"font-size: 20px; text-align: justify;\"><strong><em>La d\u00e9couverte scientifique et l\u2019innovation technologique<\/em><\/strong> continuent de d\u00e9velopper des instruments d\u2019une puissance in\u00e9gal\u00e9e pour l\u2019accomplissement ou la destruction. Nous, les humains, prenons de plus en plus en main l\u2019\u00e9volution future de notre corps, de notre esprit, des civilisations que nous cr\u00e9ons et de la plan\u00e8te m\u00eame que nous habitons. Il est donc imp\u00e9ratif que nous guidions ce que nous faisons par ce que nous savons, et que nous guidions ce que nous savons par ce que \u00e0 quoi nous accordons de la valeur.<\/p>\n","protected":false},"excerpt":{"rendered":"<p>L\u2019Acad\u00e9mie Mondiale des Arts et des Sciences a \u00e9t\u00e9 cr\u00e9\u00e9e en 1960 en tant que r\u00e9seau non officiel de pas plus de 650 chercheurs de diverses cultures, nationalit\u00e9s et disciplines intellectuelles, \u00ab&nbsp;choisis pour leur \u00e9minence dans l\u2019art, les sciences naturelles et sociales et les sciences humaines. Ses activit\u00e9s se concentrent sur \u00ab les cons\u00e9quences sociales [&hellip;]<\/p>\n","protected":false},"author":1,"featured_media":0,"parent":0,"menu_order":0,"comment_status":"closed","ping_status":"closed","template":"","meta":{"om_disable_all_campaigns":false,"_uag_custom_page_level_css":"","_monsterinsights_skip_tracking":false,"_monsterinsights_sitenote_active":false,"_monsterinsights_sitenote_note":"","_monsterinsights_sitenote_category":0,"_uf_show_specific_survey":0,"_uf_disable_surveys":false,"footnotes":""},"aioseo_notices":[],"uagb_featured_image_src":{"full":false,"thumbnail":false,"medium":false,"medium_large":false,"large":false,"1536x1536":false,"2048x2048":false},"uagb_author_info":{"display_name":"lechev.1910@gmail.com","author_link":"https:\/\/clespourunavenirdurable.fr\/?author=1"},"uagb_comment_info":0,"uagb_excerpt":"L\u2019Acad\u00e9mie Mondiale des Arts et des Sciences a \u00e9t\u00e9 cr\u00e9\u00e9e en 1960 en tant que r\u00e9seau non officiel de pas plus de 650 chercheurs de diverses cultures, nationalit\u00e9s et disciplines intellectuelles, \u00ab&nbsp;choisis pour leur \u00e9minence dans l\u2019art, les sciences naturelles et sociales et les sciences humaines. Ses activit\u00e9s se concentrent sur \u00ab les cons\u00e9quences sociales\u2026","_links":{"self":[{"href":"https:\/\/clespourunavenirdurable.fr\/index.php?rest_route=\/wp\/v2\/pages\/70"}],"collection":[{"href":"https:\/\/clespourunavenirdurable.fr\/index.php?rest_route=\/wp\/v2\/pages"}],"about":[{"href":"https:\/\/clespourunavenirdurable.fr\/index.php?rest_route=\/wp\/v2\/types\/page"}],"author":[{"embeddable":true,"href":"https:\/\/clespourunavenirdurable.fr\/index.php?rest_route=\/wp\/v2\/users\/1"}],"replies":[{"embeddable":true,"href":"https:\/\/clespourunavenirdurable.fr\/index.php?rest_route=%2Fwp%2Fv2%2Fcomments&post=70"}],"version-history":[{"count":16,"href":"https:\/\/clespourunavenirdurable.fr\/index.php?rest_route=\/wp\/v2\/pages\/70\/revisions"}],"predecessor-version":[{"id":7549,"href":"https:\/\/clespourunavenirdurable.fr\/index.php?rest_route=\/wp\/v2\/pages\/70\/revisions\/7549"}],"wp:attachment":[{"href":"https:\/\/clespourunavenirdurable.fr\/index.php?rest_route=%2Fwp%2Fv2%2Fmedia&parent=70"}],"curies":[{"name":"wp","href":"https:\/\/api.w.org\/{rel}","templated":true}]}}