{"id":6626,"date":"2023-12-16T15:43:38","date_gmt":"2023-12-16T15:43:38","guid":{"rendered":"https:\/\/clespourunavenirdurable.fr\/?page_id=6626"},"modified":"2024-02-11T10:01:11","modified_gmt":"2024-02-11T10:01:11","slug":"reflexions-diverses","status":"publish","type":"page","link":"https:\/\/clespourunavenirdurable.fr\/?page_id=6626","title":{"rendered":"R\u00e9flexions diverses"},"content":{"rendered":"\n<figure class=\"wp-block-image size-full\"><img decoding=\"async\" loading=\"lazy\" width=\"1019\" height=\"679\" src=\"https:\/\/clespourunavenirdurable.fr\/wp-content\/uploads\/2024\/01\/36770662_1740529719361677_7740066847382306816_n.jpg\" alt=\"\" class=\"wp-image-7128\" srcset=\"https:\/\/clespourunavenirdurable.fr\/wp-content\/uploads\/2024\/01\/36770662_1740529719361677_7740066847382306816_n.jpg 1019w, https:\/\/clespourunavenirdurable.fr\/wp-content\/uploads\/2024\/01\/36770662_1740529719361677_7740066847382306816_n-300x200.jpg 300w, https:\/\/clespourunavenirdurable.fr\/wp-content\/uploads\/2024\/01\/36770662_1740529719361677_7740066847382306816_n-768x512.jpg 768w\" sizes=\"(max-width: 1019px) 100vw, 1019px\" \/><\/figure>\n\n\n\n<p><\/p>\n\n\n\n<p><\/p>\n\n\n\n<h2 style=\"text-align: center;\">R\u00e9flexions diverses<\/h2>\n<p>&nbsp;<\/p>\n<h3 style=\"text-align: justify;\"><span class=\"x193iq5w xeuugli x13faqbe x1vvkbs x1xmvt09 x1lliihq x1s928wv xhkezso x1gmr53x x1cpjm7i x1fgarty x1943h6x xudqn12 x3x7a5m x6prxxf xvq8zen xo1l8bm xzsf02u\" dir=\"auto\"><br><em>Le changement climatique est&nbsp; sans aucun doute&nbsp; l\u2019un des plus grands d\u00e9fis actuels. Bien que de plus en plus de personnes s\u2019y int\u00e9ressent, c\u2019est un probl\u00e8me particuli\u00e8rement difficile \u00e0 appr\u00e9hender et donc \u00e0 r\u00e9soudre.<\/em><br><br><em>En effet, le changement climatique touche tout le monde, mais pas de la m\u00eame mani\u00e8re : certaines personnes, selon leur lieu de r\u00e9sidence ou enco<\/em>re <em>leurs revenus, sont plus touch\u00e9es que d\u2019autres, alors que bien souvent, ce ne sont pas elles qui polluent le plus. <\/em><\/span><\/h3>\n<h3 style=\"text-align: justify;\"><span class=\"x193iq5w xeuugli x13faqbe x1vvkbs x1xmvt09 x1lliihq x1s928wv xhkezso x1gmr53x x1cpjm7i x1fgarty x1943h6x xudqn12 x3x7a5m x6prxxf xvq8zen xo1l8bm xzsf02u\" dir=\"auto\"><br><em>Alors \u00e0 qui revient-il de lutter contre la d\u00e9gradation de notre plan\u00e8te ? Est-ce le devoir des Etats ou bien celui des individus ? Quels sont les moyens les plus efficaces pour parvenir \u00e0 instaurer un syst\u00e8me respectueux du vivant et de la Terre?<\/em><\/span><\/h3>\n<h3 style=\"text-align: justify;\"><span class=\"x193iq5w xeuugli x13faqbe x1vvkbs x1xmvt09 x1lliihq x1s928wv xhkezso x1gmr53x x1cpjm7i x1fgarty x1943h6x xudqn12 x3x7a5m x6prxxf xvq8zen xo1l8bm xzsf02u\" dir=\"auto\"><br><em>Autant de questions complexes qui ne permettent pas, jusqu\u2019\u00e0 pr<\/em>\u00e9sent, une lutte efficace contre les d\u00e9r\u00e8glements climatiques. <\/span><\/h3>\n<h2 style=\"text-align: center;\">&nbsp;<\/h2>\n\n\n\n<p><\/p>\n\n\n\n<p><\/p>\n\n\n\n<p><\/p>\n\n\n\n<h2 style=\"text-align: center;\"><em>&nbsp;L&rsquo;Enseignement Universitaire des Etats-Unis au Qatar : Communication Contextualis\u00e9e sur le Savoir pour l&rsquo;Avenir<\/em><\/h2>\n\n\n\n<h4 style=\"text-align: center;\">Article initialement publi\u00e9 dans le \u00ab\u00a0<a href=\"https:\/\/www.cadmusjournal.org\">Cadmus Journal<\/a>\u00a0\u00bb le 31 Juillet 2023<\/h4>\n<h4 style=\"text-align: center;\"><em>sous le titre<\/em><\/h4>\n<h4 style=\"text-align: center;\"><span class=\"title\"><a href=\"https:\/\/www.cadmusjournal.org\/article\/volume-5-issue-2\/contextualized-knowledge-for-fe\"><em>From US to Qatar University Teaching: Contextualized Knowledge Communication for Future Education<\/em><\/a> <\/span><\/h4>\n\n\n\n<p><\/p>\n\n\n\n<h4 style=\"text-align: center;\"><em>Auteure :<\/em> Fadwa El Guindi<\/h4>\n<p>&nbsp;<\/p>\n\n\n\n<p><\/p>\n\n\n\n<h3 style=\"text-align: center;\">R\u00e9sum\u00e9<\/h3>\n<h3 style=\"text-align: justify;\">Alors que le th\u00e8me g\u00e9n\u00e9ral choisi par l&rsquo;Acad\u00e9mie Mondiale des Arts et des Sciences ( AMAS \u2013 World Academy of Art and Science) pour la 6e Conf\u00e9rence sur l&rsquo;Education du Futur de 2023 \u00e9tait celui de la s\u00e9curit\u00e9 humaine, le groupe de travail particulier auquel j&rsquo;ai contribu\u00e9 lors de la pr\u00e9sentation et sur laquelle cet article est bas\u00e9, s&rsquo;est concentr\u00e9 plus explicitement sur l&rsquo;\u00e9ducation et moins \u00e9videmment sur la s\u00e9curit\u00e9, avec un accent particulier sur les moyens exp\u00e9rimentaux par lesquels l&rsquo;anthropologie peut mieux contribuer \u00e0 l&rsquo;\u00e9ducation. Cependant, le lien entre l&rsquo;anthropologie et la s\u00e9curit\u00e9 humaine n&rsquo;est peut-\u00eatre pas imm\u00e9diatement \u00e9vident. Je soutiens que le caract\u00e8re m\u00eame de l&rsquo;anthropologie, qui est l&rsquo;\u00e9tude de l&rsquo;humanit\u00e9, ne peut qu&rsquo;\u00eatre li\u00e9 \u00e0 une notion appel\u00e9e s\u00e9curit\u00e9 humaine\u2020, bien qu&rsquo;une telle relation doive \u00eatre plus clairement \u00e9nonc\u00e9e. Les objectifs de s\u00e9curit\u00e9 humaine concernent les \u00eatres humains, mais la mani\u00e8re dont les objectifs humains peuvent \u00eatre align\u00e9s sur les \u00eatres humains doit \u00eatre pr\u00e9cis\u00e9e.&nbsp; La voie la plus efficace, ou le pont, menant \u00e0 un tel alignement serait celle trac\u00e9e par l&rsquo;anthropologie qui tisse le regard anthropologique et sa perspective iconique, qui exige une immersion et un engagement total dans la vie des gens. Il convient toutefois de souligner que l&rsquo;anthropologie ne s&rsquo;arr\u00eate pas \u00e0 l&rsquo;immersion et \u00e0 l&rsquo;engagement, mais qu&rsquo;elle passe n\u00e9cessairement \u00e0 l&rsquo;analyse, qui produit de mani\u00e8re cumulative des connaissances permettant de mieux comprendre les \u00eatres humains dans leur ensemble, au sens de la notion allemande de Gestalt, selon laquelle un tout est plus que la somme de ses parties. L&rsquo;anthropologie est, apr\u00e8s tout, l&rsquo;\u00e9tude de l&rsquo;humanit\u00e9, de son pass\u00e9, de son pr\u00e9sent et de son avenir. C&rsquo;est, selon moi, la physique de l&rsquo;univers humain. Ses \u00e9l\u00e9ments constitutifs, cependant, proviennent des humains eux-m\u00eames, et non de leur univers physique, de leur vie, de leur biologie, de l\u2019histoire de leur d\u00e9veloppement ou de leurs capacit\u00e9s cognitives partag\u00e9es.&nbsp; Cet article retrace deux cas r\u00e9els d&rsquo;enseignement en classe d&rsquo;enseignement sup\u00e9rieur entrepris dans le but de rechercher des id\u00e9es pour l&rsquo;\u00e9ducation future, et clarifie ce que l&rsquo;on entend par \u00ab le regard et la perspective anthropologiques \u00bb.<\/h3>\n<p>&nbsp;<\/p>\n\n\n\n<p><\/p>\n\n\n\n<div class=\"wp-block-uagb-buttons uagb-buttons__outer-wrap uagb-btn__default-btn uagb-btn-tablet__default-btn uagb-btn-mobile__default-btn uagb-block-8c937eaf\"><div class=\"uagb-buttons__wrap uagb-buttons-layout-wrap\">\n<div class=\"wp-block-uagb-buttons-child uagb-buttons__outer-wrap uagb-block-fd32d6e2 wp-block-button is-style-outline\"><div class=\"uagb-button__wrapper\"><a class=\"uagb-buttons-repeater wp-block-button__link has-background has-text-color\" href=\"https:\/\/clespourunavenirdurable.fr\/wp-content\/uploads\/2023\/12\/EL-GUINDI-1.pdf.docx\" onclick=\"return true;\" rel=\"follow noopener\" target=\"_self\"><div class=\"uagb-button__link\">T\u00e9l\u00e9chargement du PDF en Fran\u00e7ais<\/div><\/a><\/div><\/div>\n\n\n\n<div class=\"wp-block-uagb-buttons-child uagb-buttons__outer-wrap uagb-block-5db9a311 wp-block-button is-style-outline\"><div class=\"uagb-button__wrapper\"><a class=\"uagb-buttons-repeater wp-block-button__link has-background has-text-color\" href=\"https:\/\/clespourunavenirdurable.fr\/wp-content\/uploads\/2023\/12\/El-Guindi-1.pdf\" onclick=\"return true;\" rel=\"follow noopener\" target=\"_self\"><div class=\"uagb-button__link\">Pr\u00e9sentation de  l&rsquo;auteure<\/div><\/a><\/div><\/div>\n<\/div><\/div>\n\n\n\n\n\n\n\n<p>&nbsp;<\/p>\n<p>&nbsp;<\/p>\n\n\n\n<h2 style=\"text-align: center;\"><em>Un Cadre de Gouvernance pour la Plan\u00e8te, la Paix, les Peuples et la Prosp\u00e9rit\u00e9<\/em><em>&nbsp;<\/em><\/h2>\n<h4 style=\"text-align: center;\">Article initialement publi\u00e9 le 1er Ao\u00fbt 2023 dans \u00ab <a href=\"https:\/\/www.cadmusjournal.org\">Cadmus Journal<\/a> \u00bb&nbsp;<\/h4>\n<h4 style=\"text-align: center;\">sous le titre<\/h4>\n<h4 style=\"text-align: center;\"><span class=\"title\"><a href=\"https:\/\/www.cadmusjournal.org\/article\/volume-5-issue-2\/hs-existential-threats\">Human Security and Existential Threats: A Governance Framework for Planet, Peace, People &amp; Prosperity<\/a> <\/span><\/h4>\n<p>&nbsp;<\/p>\n<h4 style=\"text-align: right;\">Auteure : Johanna Nurse<\/h4>\n<p>&nbsp;<\/p>\n\n\n\n<h3 style=\"text-align: center;\"><strong>R\u00e9sum\u00e9<\/strong><\/h3>\n<h3 style=\"text-align: justify;\">L&rsquo;une des principales priorit\u00e9s de la s\u00e9curit\u00e9 humaine au XXIe si\u00e8cle est la pr\u00e9vention des menaces existentielles qui p\u00e8sent sur la civilisation humaine afin d&rsquo;assurer le bien-\u00eatre de nos g\u00e9n\u00e9rations futures. Cet article d\u00e9crit le lien important et croissant entre la s\u00e9curit\u00e9 humaine et les menaces existentielles et d\u00e9crit les principaux risques pour l&rsquo;humanit\u00e9 li\u00e9s aux menaces existentielles, consid\u00e9r\u00e9s sous les th\u00e8mes interd\u00e9pendants de la plan\u00e8te, des peuples, de la paix et de la prosp\u00e9rit\u00e9. Les menaces plan\u00e9taires vont des \u00e9v\u00e9nements cosmiques tels que les m\u00e9t\u00e9orites, les extinctions massives et l&rsquo;effondrement de la biodiversit\u00e9 aux menaces de notre urgence climatique. Les pressions indirectes du changement climatique et de notre environnement, y compris l&rsquo;ins\u00e9curit\u00e9 alimentaire et hydrique, sont examin\u00e9es comme un facteur de migration, de conflits et de guerres. Aujourd&rsquo;hui plus que jamais, la civilisation humaine est menac\u00e9e par la guerre nucl\u00e9aire, chimique et biologique, avec les dangers encore ind\u00e9termin\u00e9s de l&rsquo;intelligence artificielle.<\/h3>\n<h3 style=\"text-align: justify;\">La COVID-19 a r\u00e9v\u00e9l\u00e9 comment l&rsquo;augmentation du commerce international et des voyages, l&rsquo;urbanisation et la pression d\u00e9mographique introduisent des maladies infectieuses nouvelles et \u00e9mergentes qui risquent de devenir des pand\u00e9mies \u00e0 un rythme croissant. Cet article propose un cadre de gouvernance int\u00e9gr\u00e9 qui souligne l&rsquo;importance de renforcer les m\u00e9canismes de gouvernance multilat\u00e9raux pour pr\u00e9venir et r\u00e9duire les risques. En outre, il met l&rsquo;accent sur la prise en compte des priorit\u00e9s qui cr\u00e9ent des points de basculement positifs pour aider au r\u00e9tablissement de la plan\u00e8te, tout en prot\u00e9geant les populations et en promouvant la paix, combin\u00e9es \u00e0 une transformation vers des sources d&rsquo;\u00e9nergie renouvelables pour assurer notre prosp\u00e9rit\u00e9 future. Les r\u00e9ponses politiques int\u00e9gr\u00e9es existantes qui s&rsquo;appuient sur la loi galloise sur le bien-\u00eatre des g\u00e9n\u00e9rations futures seront d\u00e9crites et des recommandatons seront formul\u00e9es pour renforcer notre architecture mondiale de s\u00e9curit\u00e9 humaine afin de pr\u00e9venir les menaces existentielles et d&rsquo;assurer l&rsquo;avenir de l&rsquo;humanit\u00e9.<\/h3>\n\n\n\n<div class=\"wp-block-uagb-buttons uagb-buttons__outer-wrap uagb-btn__default-btn uagb-btn-tablet__default-btn uagb-btn-mobile__default-btn uagb-block-932a58c9\"><div class=\"uagb-buttons__wrap uagb-buttons-layout-wrap\">\n<div class=\"wp-block-uagb-buttons-child uagb-buttons__outer-wrap uagb-block-9d911ff4 wp-block-button is-style-outline\"><div class=\"uagb-button__wrapper\"><a class=\"uagb-buttons-repeater wp-block-button__link has-background has-text-color\" href=\"https:\/\/clespourunavenirdurable.fr\/wp-content\/uploads\/2023\/12\/Un-Cadre-de-Gouvernance-pour-la-Planet-FO-1.pdf\" onclick=\"return true;\" rel=\"follow noopener\" target=\"_self\"><div class=\"uagb-button__link\">T\u00e9l\u00e9chargement du PDF <\/div><\/a><\/div><\/div>\n<\/div><\/div>\n\n\n\n<p><\/p>\n\n\n\n<h2>&nbsp;<\/h2>\n<h2 style=\"text-align: center;\"><em>Une Strat\u00e9gie Holistique pour Atteindre les Objectifs de l\u2019AMAS et R\u00e9aliser notre Vision Commune<\/em><\/h2>\n<h3 style=\"text-align: center;\">Article initialement publi\u00e9 dans \u201c<a href=\"https:\/\/www.cadmusjournal.org\">Cadmus Journal&nbsp;<\/a>\u00bb le 25 Juin 2021<\/h3>\n<h4 style=\"text-align: center;\">&nbsp;sous le titre<\/h4>\n<h4 style=\"text-align: center;\"><em><a href=\"https:\/\/www.cadmusjournal.org\/article\/volume-4\/issue-4\/holistic-strategy-achieving-waas-goals-and-realizing-our-common-vision\">A Holistic Strategy for Achieving WAAS\u2019 Goals and Realizing our Common Vision<\/a><\/em> <em>&nbsp;<\/em><\/h4>\n<p style=\"text-align: right;\"><em>Auteur : <a href=\"https:\/\/cadmusjournal.org\/author\/marco-vitiello\">Marco Vitiello<\/a><\/em><\/p>\n<p style=\"text-align: right;\"><em>Membre Junior AMAS<\/em><\/p>\n\n\n\n<p><\/p>\n\n\n\n<h2>&nbsp;<\/h2>\n<h2 style=\"text-align: center;\"><em>R\u00e9sum\u00e9<\/em><\/h2>\n<h3 style=\"text-align: justify;\">Faire face au XXIe si\u00e8cle et \u00e0 ses d\u00e9fis signifie trouver une strat\u00e9gie concr\u00e8te, qui peut permettre \u00e0 l\u2019AMAS et \u00e0 ses Membres d\u2019atteindre leur plein potentiel. Parfois, ce que nous faisons, c\u2019est chercher de nouvelles strat\u00e9gies pour atteindre nos objectifs, alors que la r\u00e9ponse simple a toujours \u00e9t\u00e9 juste devant nos yeux : nous avons besoin d\u2019une m\u00e9thode non originale, organisationnelle mais individuelle, holistique mais pratique pour augmenter notre impact positif sur le monde.<\/h3>\n<p>&nbsp;<\/p>\n\n\n\n<div class=\"wp-block-buttons is-content-justification-center is-layout-flex wp-container-1\">\n<div class=\"wp-block-button has-custom-width wp-block-button__width-75\"><a class=\"wp-block-button__link has-white-color has-vivid-red-background-color has-text-color has-background wp-element-button\" href=\"https:\/\/clespourunavenirdurable.fr\/wp-content\/uploads\/2024\/02\/STRATEGIE-HOLISTIQUE1.pdf\" style=\"border-radius:100px\">T\u00e9l\u00e9chargement du PDF<\/a><\/div>\n<\/div>\n\n\n\n\n\n<p><\/p>\n\n\n\n<p><\/p>\n\n\n\n<p><\/p>\n\n\n\n<p><\/p>\n\n\n\n<p><\/p>\n\n\n\n<p><\/p>\n\n\n\n<p><\/p>\n\n\n\n<p><\/p>\n\n\n\n<p><\/p>\n\n\n\n<p><\/p>\n","protected":false},"excerpt":{"rendered":"<p>R\u00e9flexions diverses &nbsp; Le changement climatique est&nbsp; sans aucun doute&nbsp; l\u2019un des plus grands d\u00e9fis actuels. Bien que de plus en plus de personnes s\u2019y int\u00e9ressent, c\u2019est un probl\u00e8me particuli\u00e8rement difficile \u00e0 appr\u00e9hender et donc \u00e0 r\u00e9soudre. En effet, le changement climatique touche tout le monde, mais pas de la m\u00eame mani\u00e8re : certaines personnes, [&hellip;]<\/p>\n","protected":false},"author":1,"featured_media":0,"parent":0,"menu_order":0,"comment_status":"closed","ping_status":"closed","template":"","meta":{"om_disable_all_campaigns":false,"_uag_custom_page_level_css":"","_monsterinsights_skip_tracking":false,"_monsterinsights_sitenote_active":false,"_monsterinsights_sitenote_note":"","_monsterinsights_sitenote_category":0,"_uf_show_specific_survey":0,"_uf_disable_surveys":false,"footnotes":""},"aioseo_notices":[],"uagb_featured_image_src":{"full":false,"thumbnail":false,"medium":false,"medium_large":false,"large":false,"1536x1536":false,"2048x2048":false},"uagb_author_info":{"display_name":"lechev.1910@gmail.com","author_link":"https:\/\/clespourunavenirdurable.fr\/?author=1"},"uagb_comment_info":0,"uagb_excerpt":"R\u00e9flexions diverses &nbsp; Le changement climatique est&nbsp; sans aucun doute&nbsp; l\u2019un des plus grands d\u00e9fis actuels. Bien que de plus en plus de personnes s\u2019y int\u00e9ressent, c\u2019est un probl\u00e8me particuli\u00e8rement difficile \u00e0 appr\u00e9hender et donc \u00e0 r\u00e9soudre. En effet, le changement climatique touche tout le monde, mais pas de la m\u00eame mani\u00e8re : certaines personnes,\u2026","_links":{"self":[{"href":"https:\/\/clespourunavenirdurable.fr\/index.php?rest_route=\/wp\/v2\/pages\/6626"}],"collection":[{"href":"https:\/\/clespourunavenirdurable.fr\/index.php?rest_route=\/wp\/v2\/pages"}],"about":[{"href":"https:\/\/clespourunavenirdurable.fr\/index.php?rest_route=\/wp\/v2\/types\/page"}],"author":[{"embeddable":true,"href":"https:\/\/clespourunavenirdurable.fr\/index.php?rest_route=\/wp\/v2\/users\/1"}],"replies":[{"embeddable":true,"href":"https:\/\/clespourunavenirdurable.fr\/index.php?rest_route=%2Fwp%2Fv2%2Fcomments&post=6626"}],"version-history":[{"count":43,"href":"https:\/\/clespourunavenirdurable.fr\/index.php?rest_route=\/wp\/v2\/pages\/6626\/revisions"}],"predecessor-version":[{"id":7286,"href":"https:\/\/clespourunavenirdurable.fr\/index.php?rest_route=\/wp\/v2\/pages\/6626\/revisions\/7286"}],"wp:attachment":[{"href":"https:\/\/clespourunavenirdurable.fr\/index.php?rest_route=%2Fwp%2Fv2%2Fmedia&parent=6626"}],"curies":[{"name":"wp","href":"https:\/\/api.w.org\/{rel}","templated":true}]}}