{"id":6597,"date":"2023-12-15T10:46:21","date_gmt":"2023-12-15T10:46:21","guid":{"rendered":"https:\/\/clespourunavenirdurable.fr\/?page_id=6597"},"modified":"2026-03-16T23:54:51","modified_gmt":"2026-03-16T23:54:51","slug":"introduction","status":"publish","type":"page","link":"https:\/\/clespourunavenirdurable.fr\/?page_id=6597","title":{"rendered":"Introduction"},"content":{"rendered":"\n<p><\/p>\n\n\n\n<figure class=\"wp-block-embed is-type-video is-provider-youtube wp-block-embed-youtube wp-embed-aspect-4-3 wp-has-aspect-ratio\"><div class=\"wp-block-embed__wrapper\">\n<div class=\"zak-oembed-container\"><iframe loading=\"lazy\" title=\"I Am The Walrus\" width=\"812\" height=\"609\" src=\"https:\/\/www.youtube.com\/embed\/uDc0A-VFCdE?feature=oembed\" frameborder=\"0\" allow=\"accelerometer; autoplay; clipboard-write; encrypted-media; gyroscope; picture-in-picture; web-share\" referrerpolicy=\"strict-origin-when-cross-origin\" allowfullscreen><\/iframe><\/div>\n<\/div><\/figure>\n\n\n\n<p><\/p>\n\n\n\n<p><\/p>\n\n\n\n<p><\/p>\n\n\n\n<figure class=\"wp-block-image size-full\"><img decoding=\"async\" loading=\"lazy\" width=\"1024\" height=\"768\" src=\"https:\/\/clespourunavenirdurable.fr\/wp-content\/uploads\/2024\/03\/ABONDANCE-DE-BEAUTE.jpg\" alt=\"\" class=\"wp-image-7729\" srcset=\"https:\/\/clespourunavenirdurable.fr\/wp-content\/uploads\/2024\/03\/ABONDANCE-DE-BEAUTE.jpg 1024w, https:\/\/clespourunavenirdurable.fr\/wp-content\/uploads\/2024\/03\/ABONDANCE-DE-BEAUTE-300x225.jpg 300w, https:\/\/clespourunavenirdurable.fr\/wp-content\/uploads\/2024\/03\/ABONDANCE-DE-BEAUTE-768x576.jpg 768w\" sizes=\"(max-width: 1024px) 100vw, 1024px\" \/><\/figure>\n\n\n\n<h3>\u00a0<\/h3>\n<h3 style=\"text-align: justify;\">\u00ab\u00a0Je suis\u00a0 convaincu que la cr\u00e9ativit\u00e9 est un a priori de l&rsquo;int\u00e9grit\u00e9 de l&rsquo;univers et que le conformisme est d\u00e9nu\u00e9 de sens. Vous ne vous appartenez pas. Vous appartenez \u00e0 l&rsquo;univers. La nature est un syst\u00e8me\u00a0 totalement\u00a0 efficace qui se renouvelle de lui-m\u00eame. Si nous d\u00e9couvrons les lois qui gouvernent ce syst\u00e8me\u00a0 et vivons en synergie en leur sein, la durabilit\u00e9 s&rsquo;en suivra et l&rsquo;humanit\u00e9 sera un succ\u00e8s. Nous sommes appel\u00e9s \u00e0 \u00eatre les architectes du futur et non ses victimes.\u00a0\u00bb R. Buckminster Fuller.\u00a0<\/h3>\n<p>\u00a0<\/p>\n\n\n\n<figure class=\"wp-block-image alignleft size-full\"><img decoding=\"async\" loading=\"lazy\" width=\"1024\" height=\"768\" src=\"https:\/\/clespourunavenirdurable.fr\/wp-content\/uploads\/2024\/03\/ABANDON-DE-TOUT-MENSONGE-1.jpg\" alt=\"\" class=\"wp-image-7599\" srcset=\"https:\/\/clespourunavenirdurable.fr\/wp-content\/uploads\/2024\/03\/ABANDON-DE-TOUT-MENSONGE-1.jpg 1024w, https:\/\/clespourunavenirdurable.fr\/wp-content\/uploads\/2024\/03\/ABANDON-DE-TOUT-MENSONGE-1-300x225.jpg 300w, https:\/\/clespourunavenirdurable.fr\/wp-content\/uploads\/2024\/03\/ABANDON-DE-TOUT-MENSONGE-1-768x576.jpg 768w\" sizes=\"(max-width: 1024px) 100vw, 1024px\" \/><\/figure>\n\n\n\n<p><\/p>\n\n\n\n<p><\/p>\n\n\n\n<p><\/p>\n\n\n\n<p><\/p>\n\n\n\n<p><\/p>\n\n\n\n<p><\/p>\n\n\n\n<p><\/p>\n\n\n\n<p><\/p>\n\n\n\n<h3 style=\"text-align: justify;\"><em>Notre \u00e9poque est confront\u00e9e \u00e0 de nombreux d\u00e9fis et imp\u00e9ratifs \u00e0 court, moyen et long termes auxquels se superposent trois types d\u2019int\u00e9r\u00eats \u2013 les n\u00f4tres, ceux de nos proches et ceux de tous les \u00eatres. Une mani\u00e8re de r\u00e9pondre \u00e0 ces d\u00e9fis pourrait \u00eatre de cr\u00e9er une soci\u00e9t\u00e9 plus coop\u00e9rante et altruiste qui prennent en compte l\u2019interd\u00e9pendance de toutes choses et le fait que l&rsquo;ensemble du collectif est plus que la somme des parties. L\u2019\u00e9merveillement, comme prise de conscience de la part sauvage du monde, en serait un des piliers.<\/em><\/h3>\n<p>&nbsp;<\/p>\n<h3 style=\"text-align: center;\"><strong>Le leadership de pens\u00e9e qui conduit \u00e0 l&rsquo;action<\/strong><\/h3>\n\n\n\n<p><\/p>\n\n\n\n<h3 style=\"text-align: justify;\">Les ann\u00e9es 2020 sont essentielles pour assurer non seulement la s\u00e9curit\u00e9 de l\u2019humanit\u00e9, mais son avenir m\u00eame. L\u2019humanit\u00e9 est aujourd\u2019hui confront\u00e9e \u00e0 des d\u00e9fis multidimensionnels d\u2019une port\u00e9e, d\u2019une ampleur et d\u2019une complexit\u00e9 in\u00e9gal\u00e9es. Les menaces auxquelles nous faisons face dans l\u2019Anthropoc\u00e8ne affectent toutes les dimensions de nos vies. &nbsp;Elles ont un impact sur tous les \u00eatres humains partout, elles sont aussi inextricablement interconnect\u00e9es les unes avec les autres, de sorte que chacune a un impact inattendu sur les autres. La guerre en Europe a entra\u00een\u00e9 une p\u00e9nurie alimentaire croissante en Afrique, des p\u00e9nuries d\u2019\u00e9nergie en Europe, et une inflation galopante en Am\u00e9rique. II est devenu essentiel de pr\u00e9parer la S\u00e9curit\u00e9 Humaine pour tous comme un objectif primordial et int\u00e9grateur que tous les peuples et les nations doivent embrasser.<\/h3>\n<h3 style=\"text-align: center;\"><em>&nbsp;\u00ab Cl\u00e9s pour un Avenir Durable et la S\u00e9curit\u00e9 Humaine Garantie pour Tous\u00bb<\/em><\/h3>\n<h4 style=\"text-align: justify;\"><em>&nbsp;<\/em>est principalement la traduction en Fran\u00e7ais d\u2019une s\u00e9lection des articles pr\u00e9sents dans les diverses parutions du \u00ab&nbsp;Cadmus Journal&nbsp;\u00bb, une revue ind\u00e9pendante \u00e9dit\u00e9e par les membres de <strong>l\u2019Acad\u00e9mie Mondiale des Arts et des Sciences<\/strong>. Que ce soit la guerre en Ukraine, les probl\u00e9matiques li\u00e9es aux Objectifs de D\u00e9veloppement Durable d\u00e9finis par l\u2019ONU, les d\u00e9fis d\u2019une \u00e9ducation \u00e0 l\u2019\u00e8re num\u00e9rique, les impacts sur notre vie de l\u2019intelligence artificielle, la S\u00e9curit\u00e9 Humaine pour tous\u2026, vous retrouverez sur ce site <strong>en libre acc\u00e8s gratuit&nbsp;<\/strong> &#8211; en prise avec les enjeux et les \u00e9v\u00e9nements de notre temps &#8211; une s\u00e9rie d\u2019articles r\u00e9dig\u00e9s par des <strong>universitaires<\/strong> ou des <strong>chercheurs de renom<\/strong> du monde entier <strong>(<\/strong>cf le menu \u00ab\u00a0auteures et auteurs\u00a0\u00bb pour une courte pr\u00e9sentation des auteur(e)s des articles publi\u00e9s) , pour la plupart membres de l\u2019Acad\u00e9mie Mondiale des Arts et des Sciences.<\/h4>\n<p><strong>&nbsp;<\/strong><\/p>\n\n\n\n<p><\/p>\n\n\n\n<h3 style=\"text-align: justify;\">Votre avis est bienvenu. Vous pouvez me contacter \u00e0 l&rsquo;adresse \u00ab\u00a0sitepersojlc@yahoo.com\u00a0\u00bb<\/h3>\n","protected":false},"excerpt":{"rendered":"<p>\u00a0 \u00ab\u00a0Je suis\u00a0 convaincu que la cr\u00e9ativit\u00e9 est un a priori de l&rsquo;int\u00e9grit\u00e9 de l&rsquo;univers et que le conformisme est d\u00e9nu\u00e9 de sens. Vous ne vous appartenez pas. Vous appartenez \u00e0 l&rsquo;univers. La nature est un syst\u00e8me\u00a0 totalement\u00a0 efficace qui se renouvelle de lui-m\u00eame. Si nous d\u00e9couvrons les lois qui gouvernent ce syst\u00e8me\u00a0 et vivons [&hellip;]<\/p>\n","protected":false},"author":1,"featured_media":0,"parent":0,"menu_order":0,"comment_status":"closed","ping_status":"closed","template":"","meta":{"om_disable_all_campaigns":false,"_uag_custom_page_level_css":"","_monsterinsights_skip_tracking":false,"_monsterinsights_sitenote_active":false,"_monsterinsights_sitenote_note":"","_monsterinsights_sitenote_category":0,"_uf_show_specific_survey":0,"_uf_disable_surveys":false,"footnotes":""},"aioseo_notices":[],"uagb_featured_image_src":{"full":false,"thumbnail":false,"medium":false,"medium_large":false,"large":false,"1536x1536":false,"2048x2048":false},"uagb_author_info":{"display_name":"lechev.1910@gmail.com","author_link":"https:\/\/clespourunavenirdurable.fr\/?author=1"},"uagb_comment_info":0,"uagb_excerpt":"\u00a0 \u00ab\u00a0Je suis\u00a0 convaincu que la cr\u00e9ativit\u00e9 est un a priori de l&rsquo;int\u00e9grit\u00e9 de l&rsquo;univers et que le conformisme est d\u00e9nu\u00e9 de sens. Vous ne vous appartenez pas. Vous appartenez \u00e0 l&rsquo;univers. La nature est un syst\u00e8me\u00a0 totalement\u00a0 efficace qui se renouvelle de lui-m\u00eame. Si nous d\u00e9couvrons les lois qui gouvernent ce syst\u00e8me\u00a0 et vivons\u2026","_links":{"self":[{"href":"https:\/\/clespourunavenirdurable.fr\/index.php?rest_route=\/wp\/v2\/pages\/6597"}],"collection":[{"href":"https:\/\/clespourunavenirdurable.fr\/index.php?rest_route=\/wp\/v2\/pages"}],"about":[{"href":"https:\/\/clespourunavenirdurable.fr\/index.php?rest_route=\/wp\/v2\/types\/page"}],"author":[{"embeddable":true,"href":"https:\/\/clespourunavenirdurable.fr\/index.php?rest_route=\/wp\/v2\/users\/1"}],"replies":[{"embeddable":true,"href":"https:\/\/clespourunavenirdurable.fr\/index.php?rest_route=%2Fwp%2Fv2%2Fcomments&post=6597"}],"version-history":[{"count":28,"href":"https:\/\/clespourunavenirdurable.fr\/index.php?rest_route=\/wp\/v2\/pages\/6597\/revisions"}],"predecessor-version":[{"id":8334,"href":"https:\/\/clespourunavenirdurable.fr\/index.php?rest_route=\/wp\/v2\/pages\/6597\/revisions\/8334"}],"wp:attachment":[{"href":"https:\/\/clespourunavenirdurable.fr\/index.php?rest_route=%2Fwp%2Fv2%2Fmedia&parent=6597"}],"curies":[{"name":"wp","href":"https:\/\/api.w.org\/{rel}","templated":true}]}}