{"id":3048,"date":"2023-02-10T10:50:27","date_gmt":"2023-02-10T10:50:27","guid":{"rendered":"https:\/\/clespourunavenirdurable.fr\/?page_id=3048"},"modified":"2024-03-07T07:17:53","modified_gmt":"2024-03-07T07:17:53","slug":"la-guerre-en-ukraine","status":"publish","type":"page","link":"https:\/\/clespourunavenirdurable.fr\/?page_id=3048","title":{"rendered":"La Guerre en Ukraine"},"content":{"rendered":"\n<p><\/p>\n\n\n\n<figure class=\"wp-block-image size-full\"><img decoding=\"async\" loading=\"lazy\" width=\"980\" height=\"716\" src=\"https:\/\/clespourunavenirdurable.fr\/wp-content\/uploads\/2024\/03\/AMOUR-VICTORIEUX.jpg\" alt=\"\" class=\"wp-image-7668\" srcset=\"https:\/\/clespourunavenirdurable.fr\/wp-content\/uploads\/2024\/03\/AMOUR-VICTORIEUX.jpg 980w, https:\/\/clespourunavenirdurable.fr\/wp-content\/uploads\/2024\/03\/AMOUR-VICTORIEUX-300x219.jpg 300w, https:\/\/clespourunavenirdurable.fr\/wp-content\/uploads\/2024\/03\/AMOUR-VICTORIEUX-768x561.jpg 768w\" sizes=\"(max-width: 980px) 100vw, 980px\" \/><\/figure>\n\n\n\n<p><\/p>\n\n\n\n<p><\/p>\n\n\n\n<p><\/p>\n\n\n\n<h2 style=\"text-align: center;\"><em>Occasions Manqu\u00e9es : l\u2019Ukraine est une Histoire Non Termin\u00e9e par l\u2019ONU aux Proportions Mondiales<\/em><\/h2>\n\n\n\n<p><\/p>\n\n\n<div class=\"has-text-align-center wp-block-post-date\"><time datetime=\"2023-02-10T10:50:27+00:00\">10 f\u00e9vrier 2023<\/time><\/div>\n\n\n<p><\/p>\n\n\n\n<h4 style=\"text-align: center;\"><em>Article initialement publi\u00e9 dans \u00ab&nbsp;The Cadmus Journal&nbsp;\u00bb le 20 juin 2022<\/em><\/h4>\n<p style=\"text-align: center;\">sous le titre<\/p>\n<h4 style=\"text-align: center;\"><span class=\"title\"> <a href=\"https:\/\/www.cadmusjournal.org\/article\/volume-4-issue-6\/missed-opportunities-ukraine-unfinished-story\">Missed Opportunities: Ukraine is an UN-finished Story of Global Proportions<\/a> <\/span><\/h4>\n\n\n\n<p><\/p>\n\n\n\n<h4 class=\"has-text-align-center\"><em>Auteur : Garry Jacobs<\/em><\/h4>\n\n\n\n<p><\/p>\n\n\n\n<div class=\"wp-block-uagb-buttons uagb-buttons__outer-wrap uagb-btn__default-btn uagb-btn-tablet__default-btn uagb-btn-mobile__default-btn uagb-block-707c1656\"><div class=\"uagb-buttons__wrap uagb-buttons-layout-wrap\">\n<div class=\"wp-block-uagb-buttons-child uagb-buttons__outer-wrap uagb-block-5f778786 wp-block-button is-style-outline\"><div class=\"uagb-button__wrapper\"><a class=\"uagb-buttons-repeater wp-block-button__link has-text-color\" href=\"https:\/\/clespourunavenirdurable.fr\/wp-content\/uploads\/2023\/03\/Occasions-Manquees.pdf\" onclick=\"return true;\" rel=\"follow noopener\" target=\"_self\"><div class=\"uagb-button__link\">T\u00e9l\u00e9chargement du PDF<\/div><\/a><\/div><\/div>\n\n\n\n<div class=\"wp-block-uagb-buttons-child uagb-buttons__outer-wrap uagb-block-1b9c5748 wp-block-button is-style-outline\"><div class=\"uagb-button__wrapper\"><a class=\"uagb-buttons-repeater wp-block-button__link has-text-color\" href=\"https:\/\/clespourunavenirdurable.fr\/wp-content\/uploads\/2023\/03\/BIO-Garry-Jacobs-FO-1.pdf\" onclick=\"return true;\" rel=\"follow noopener\" target=\"_self\"><div class=\"uagb-button__link\">Pr\u00e9sentation de l&rsquo;Auteur <\/div><\/a><\/div><\/div>\n<\/div><\/div>\n\n\n\n<p><\/p>\n\n\n\n<h3 style=\"text-align: center;\"><em>R\u00e9sum\u00e9<\/em><\/h3>\n\n\n\n<h4 style=\"text-align: justify;\">Ce document cherche \u00e0 regarder au-del\u00e0 du sentiment d\u2019indignation et d\u2019horreur justifiables face aux \u00e9v\u00e9nements qui se d\u00e9roulent encore \u00e0 la suite de la guerre en Ukraine, pour examiner les causes profondes du conflit actuel et les questions essentielles qui doivent \u00eatre abord\u00e9es afin de mettre fin et d\u2019emp\u00eacher qu\u2019il ne se reproduise.<\/h4>\n\n\n\n<h4 style=\"text-align: justify;\">Il remet en question les hypoth\u00e8ses simplistes qui sous-tendent le sentiment de pessimisme, de fatalit\u00e9 et d\u2019in\u00e9vitabilit\u00e9 qui impr\u00e8gne tant la pens\u00e9e actuelle et qui est utilis\u00e9 pour justifier la renaissance d\u2019id\u00e9es profond\u00e9ment erron\u00e9es et de politiques rat\u00e9es, rejet\u00e9es comme obsol\u00e8tes il y a des d\u00e9cennies.<\/h4>\n\n\n\n<h4 style=\"text-align: justify;\">Il r\u00e9examine les concepts et les strat\u00e9gies sur lesquels repose le mod\u00e8le actuel de s\u00e9curit\u00e9, appelant \u00e0 passer d\u2019une s\u00e9curit\u00e9 nationale comp\u00e9titive \u00e0 un syst\u00e8me de s\u00e9curit\u00e9 coop\u00e9ratif inclusif et \u00e0 \u00e9largir notre approche pour englober toute la gamme des menaces interd\u00e9pendantes \u00e0 la s\u00e9curit\u00e9 humaine \u2013 politiques, \u00e9conomiques, sociales, culturelles, technologiques, personnelles et environnementales \u2013 les dimensions indivisibles des trois aspirations humaines cardinales \u00e0 la Paix, la &nbsp;S\u00e9curit\u00e9 et le D\u00e9veloppement Durable.<\/h4>\n\n\n\n<h4 style=\"text-align: justify;\">Il appelle \u00e9galement \u00e0 l\u2019affirmation imm\u00e9diate des Garanties de S\u00e9curit\u00e9&nbsp;N\u00e9gatives (GNE) et d\u2019autres mesures visant \u00e0 r\u00e9duire consid\u00e9rablement la menace d\u2019une guerre nucl\u00e9aire avec son impact catastrophique sur l\u2019humanit\u00e9 et le syst\u00e8me de survie de notre plan\u00e8te.<\/h4>\n\n\n\n<h4 style=\"text-align: justify;\">Enfin, il met l\u2019accent sur la fonction essentielle et irrempla\u00e7able de l\u2019\u00e9tat de droit mondial et des institutions multilat\u00e9rales dans tout syst\u00e8me viable et durable de gouvernance mondiale, reposant sur le fondement d\u2019une culture richement vari\u00e9e, qui \u00e9merge lentement, de valeurs humaines universelles.<\/h4>\n\n\n\n<p><\/p>\n\n\n\n<p><\/p>\n\n\n\n<p><\/p>\n\n\n\n<p><\/p>\n\n\n\n<p><\/p>\n\n\n\n<h2 style=\"text-align: center;\"><em>Les Causes Profondes de l\u2019Invasion Russe de l\u2019Ukraine<\/em><\/h2>\n\n\n<div class=\"has-text-align-center wp-block-post-date\"><time datetime=\"2023-02-10T10:50:27+00:00\">10 f\u00e9vrier 2023<\/time><\/div>\n\n\n<h4 style=\"text-align: center;\"><em>Article initialement Publi\u00e9 dans \u00ab&nbsp;The Cadmus Journal&nbsp;\u00bb le &nbsp;20 juin 2022 &nbsp;<\/em><\/h4>\n\n\n\n<h4 class=\"has-text-align-center\"><em>Auteur : Alexandre Likhotal<\/em><\/h4>\n\n\n\n<div class=\"wp-block-uagb-buttons uagb-buttons__outer-wrap uagb-btn__default-btn uagb-btn-tablet__default-btn uagb-btn-mobile__default-btn uagb-block-c3ed2e00\"><div class=\"uagb-buttons__wrap uagb-buttons-layout-wrap\">\n<div class=\"wp-block-uagb-buttons-child uagb-buttons__outer-wrap uagb-block-eecc6729 wp-block-button is-style-outline\"><div class=\"uagb-button__wrapper\"><a class=\"uagb-buttons-repeater wp-block-button__link has-text-color\" href=\"https:\/\/clespourunavenirdurable.fr\/wp-content\/uploads\/2023\/02\/WAR-IN-UKRAIN.docx.pdf\" onclick=\"return true;\" rel=\"follow noopener\" target=\"_self\"><div class=\"uagb-button__link\">T\u00e9l\u00e9chargement du PDF <\/div><\/a><\/div><\/div>\n\n\n\n<div class=\"wp-block-uagb-buttons-child uagb-buttons__outer-wrap uagb-block-2b0f5d83 wp-block-button is-style-outline\"><div class=\"uagb-button__wrapper\"><a class=\"uagb-buttons-repeater wp-block-button__link has-text-color\" href=\"https:\/\/clespourunavenirdurable.fr\/wp-content\/uploads\/2023\/03\/BIO-Alexander-Likhotal-FO.pdf\" onclick=\"return true;\" rel=\"follow noopener\" target=\"_self\"><div class=\"uagb-button__link\">Pr\u00e9sentation de l&rsquo;Auteur<\/div><\/a><\/div><\/div>\n<\/div><\/div>\n\n\n\n<p><\/p>\n\n\n\n<h4 style=\"text-align: justify;\">L\u2019invasion russe de l\u2019Ukraine va beaucoup plus loin que les douleurs fant\u00f4mes des r\u00eaves imp\u00e9riaux de la Russie. Cette confrontation qui se d\u00e9roule doit \u00eatre comprise comme un affrontement majeur dans la concurrence strat\u00e9gique croissante pour d\u00e9terminer l\u2019architecture future de l\u2019ordre mondial et du syst\u00e8me de s\u00e9curit\u00e9 europ\u00e9en. Pour analyser l\u2019essence de cette agression, il ne faut pas succomber aux tentations de nier rationnellement Poutine et son entourage. La plupart des mesures prises par le Kremlin, avant et apr\u00e8s le 24 f\u00e9vrier 2022, semblent tout \u00e0 fait rationnelles, si elles sont encadr\u00e9es par l\u2019\u00e9valuation de l\u2019\u00e9tat du monde par le r\u00e9gime. Cette guerre ne concerne pas seulement l\u2019Ukraine, en fait, la Russie teste en Ukraine les \u00ab lignes rouges d\u2019acceptabilit\u00e9 \u00bb des \u00c9tats-Unis et de l\u2019Occident et cela est consid\u00e9r\u00e9 \u00e0 Moscou comme un pr\u00e9lude \u00e0 la destruction de l\u2019ordre mondial fond\u00e9 sur des r\u00e8gles. En effet, la gouvernance mondiale exige non seulement la r\u00e9forme des institutions modernes parce que leur cr\u00e9dibilit\u00e9 a \u00e9t\u00e9 consid\u00e9rablement \u00e9rod\u00e9e par l\u2019inaction et le manque de solidarit\u00e9, mais aussi la r\u00e9vision et le remodelage parce que leur inad\u00e9quation et leur inefficacit\u00e9 sont devenues omnipr\u00e9sentes, criantes et accablantes. Red\u00e9finir le multilat\u00e9ralisme ne suffira pas. Il va falloir le r\u00e9inventer.<\/h4>\n\n\n\n<p><\/p>\n\n\n\n<p><\/p>\n\n\n\n<h2 style=\"text-align: center;\"><em>La Russie dans l\u2019OTAN : Penser l\u2019Impensable ?<\/em><\/h2>\n\n\n<div class=\"has-text-align-center wp-block-post-date\"><time datetime=\"2023-02-10T10:50:27+00:00\">10 f\u00e9vrier 2023<\/time><\/div>\n\n\n<h4 style=\"text-align: center;\"><em>Article initialement publi\u00e9 dans \u00ab The Cadmus Journal \u00bb le &nbsp;20 Juin 2022<\/em><\/h4>\n\n\n\n<h4 class=\"has-text-align-center\"><em>Auteur : Philippe Destatte<\/em><\/h4>\n\n\n\n<div class=\"wp-block-uagb-buttons uagb-buttons__outer-wrap uagb-btn__default-btn uagb-btn-tablet__default-btn uagb-btn-mobile__default-btn uagb-block-d2931c62\"><div class=\"uagb-buttons__wrap uagb-buttons-layout-wrap\">\n<div class=\"wp-block-uagb-buttons-child uagb-buttons__outer-wrap uagb-block-10af9e53 wp-block-button is-style-outline\"><div class=\"uagb-button__wrapper\"><a class=\"uagb-buttons-repeater wp-block-button__link has-text-color\" href=\"https:\/\/clespourunavenirdurable.fr\/wp-content\/uploads\/2023\/02\/RUSSIE-DANS-OTAN-FO2-1.pdf\" onclick=\"return true;\" rel=\"follow noopener\" target=\"_self\"><div class=\"uagb-button__link\">T\u00e9l\u00e9chargement du PDF <\/div><\/a><\/div><\/div>\n\n\n\n<div class=\"wp-block-uagb-buttons-child uagb-buttons__outer-wrap uagb-block-f0f6e835 wp-block-button is-style-outline\"><div class=\"uagb-button__wrapper\"><a class=\"uagb-buttons-repeater wp-block-button__link has-text-color\" href=\"https:\/\/clespourunavenirdurable.fr\/wp-content\/uploads\/2023\/03\/BIO-Philippe-Destatte-FO.pdf\" onclick=\"return true;\" rel=\"follow noopener\" target=\"_self\"><div class=\"uagb-button__link\">Pr\u00e9sentation de l&rsquo;Auteur <\/div><\/a><\/div><\/div>\n<\/div><\/div>\n\n\n\n<p><\/p>\n\n\n\n<h4 style=\"text-align: justify;\">C\u2019est une caricature de journal qui a inspir\u00e9 ce texte, en particulier la r\u00e9flexion qu\u2019elle portait sur les relations entre la Russie et l\u2019OTAN : ce qui semble impensable aujourd\u2019hui a \u00e9t\u00e9 pens\u00e9 hier et pourrait \u00eatre rendu possible demain. D\u2019o\u00f9 cette question : la Russie dans l\u2019OTAN, penser l\u2019impensable. Avec la double perspective d\u2019un historien, form\u00e9 \u00e0 l\u2019histoire de la Russie, et d\u2019un visionnaire, l\u2019auteur analyse la relation ambivalente que la Russie et l\u2019OTAN ont entretenue de 1954 \u00e0 1998, p\u00e9riode au cours de laquelle le Kremlin, de Khrouchtchev \u00e0 Eltsine, a, \u00e0 plusieurs reprises, officiellement demand\u00e9 son adh\u00e9sion \u00e0 l\u2019Alliance atlantique.<\/h4>\n\n\n\n<h4 style=\"text-align: justify;\">Apr\u00e8s la chute du rideau de fer, l\u2019OTAN a tendu la main \u00e0 la Russie, mais aussi aux anciens pays du Pacte de Varsovie, tout en gardant soigneusement la porte ferm\u00e9e \u00e0 Moscou. L\u2019ann\u00e9e 1999 a marqu\u00e9 un tournant dans les relations entre la Russie et l\u2019OTAN, avec les deux \u00e9v\u00e9nements majeurs de l\u2019intervention militaire au Kosovo et de l\u2019\u00e9largissement de l\u2019Alliance \u00e0 la Pologne, \u00e0 la R\u00e9publique tch\u00e8que et \u00e0 la Hongrie. Aux yeux des observateurs de l\u2019\u00e9poque, l\u2019arriv\u00e9e au pouvoir de Vladimir Vladimirovitch Poutine l\u2019ann\u00e9e suivante, apparaissait \u00e0 bien des \u00e9gards comme un carrefour. En effet, \u00e0 cette \u00e9poque, de bonnes relations \u00e9taient encore possibles, mais elles devaient se d\u00e9t\u00e9riorer jusqu\u2019en 2022. D\u2019ici 2050, de nombreuses m\u00e9tamorphoses sont possibles, les meilleures et les pires. Peut-on encore penser \u00e0 l\u2019entr\u00e9e de la Russie dans l\u2019OTAN, comme c\u2019\u00e9tait concevable il y a une trentaine d\u2019ann\u00e9es ?<\/h4>\n\n\n\n<h4 style=\"text-align: justify;\">Penser en dehors du cadre convenu. Tel est le message de la caricature de Nicolas Vadot dans le journal \u00e9conomique bruxellois L\u2019Echo du 12 mars 2022, au 17e jour de l\u2019assaut de l\u2019arm\u00e9e russe contre l\u2019Ukraine. Dans le tiers sup\u00e9rieur de cette image, un groupe d\u2019officiers sup\u00e9rieurs de l\u2019OTAN a donn\u00e9 le ton. Celui du centre offre une solution \u00e0 laquelle, dit-il, personne n\u2019a pens\u00e9 et qui r\u00e9soudrait tout : et si nous incluions les Russes ? Cela cr\u00e9erait une grande famille unifi\u00e9e de type OTAN s\u2019\u00e9tendant de Washington \u00e0 Moscou, de Paris \u00e0 Ankara et d\u2019Ottawa \u00e0 Kiev! <a href=\"http:\/\/cadmusjournal.org\/article\/volume-4-issue-6\/russia-nato-thinking-unthinkable#footnote-188\">*<\/a><\/h4>\n\n\n\n<h4 style=\"text-align: justify;\">\u00c0 l\u2019instar <em>des Habits Neufs de l\u2019Empereur<\/em>, le conte de l\u2019auteur danois Hans Christian Andersen (1805-1875), dans lequel seul un petit gar\u00e7on ose dire la v\u00e9rit\u00e9 \u2013 <em>\u00ab Mais il ne porte rien<\/em> \u00bb \u2013, Vadot, avec la finesse qui caract\u00e9rise ses dessins et ses analyses, touche \u00e0 une dimension essentielle de l\u2019\u00e9volution de la relation que nous, l\u2019Alliance Atlantique, qui faisons donc aussi partie de l\u2019Union Europ\u00e9enne, entretenons avec la Russie. Il n\u2019y a pas de bon moment pour sortir des sentiers battus, m\u00eame lorsque l\u2019attention des m\u00e9dias mondiaux est port\u00e9e sur la souffrance de l\u2019Ukraine, ou lorsque l\u2019accent est mis sur la figure d\u00e9sormais d\u00e9test\u00e9e en Occident, Vladimir Poutine.<\/h4>\n\n\n\n<h4 style=\"text-align: justify;\">Pour les historiens comme pour les visionnaires, l\u2019impensable n\u2019est pas toujours tr\u00e8s loin<a href=\"http:\/\/cadmusjournal.org\/article\/volume-4-issue-6\/russia-nato-thinking-unthinkable#footnote-187\">\u2020,<\/a> conscients, comme ils le sont, que&nbsp; l\u2019exercice n\u2019est pas sans danger, alors que la guerre, comme toute guerre, entra\u00eene tant de sang, de morts, de larmes et de violence, y compris, comme nous le voyons quotidiennement, en termes d\u2019information et de d\u00e9sinformation, tant dans le monde entier que parfois en Europe. Il est clairement temps de se souvenir de nos critiques des sources, et de nos le\u00e7ons d\u2019heuristique. <a href=\"http:\/\/cadmusjournal.org\/article\/volume-4-issue-6\/russia-nato-thinking-unthinkable#footnote-186\">\u2021<\/a> Tenter de faire la lumi\u00e8re sur un sujet aussi important que la candidature de la Russie \u00e0 l\u2019\u00e9largissement de l\u2019OTAN n\u2019est pas moins p\u00e9rilleux, d\u2019autant plus que cette question doit \u00eatre consid\u00e9r\u00e9e dans le contexte d\u2019un syst\u00e8me beaucoup plus large que nous ne pourrons certainement pas explorer : d\u00e9fense europ\u00e9enne, d\u00e9sarmement mondial, p\u00e9n\u00e9tration des march\u00e9s, etc.<\/h4>\n\n\n\n<h4 style=\"text-align: justify;\">Un autre avertissement, lanc\u00e9 par Edgar Morin le 20 mars 2022, <em>soulignait que c\u2019est une faiblesse intellectuelle extr\u00eamement r\u00e9pandue de consid\u00e9rer que l\u2019explication est une justification.<\/em> <a href=\"http:\/\/cadmusjournal.org\/article\/volume-4-issue-6\/russia-nato-thinking-unthinkable#footnote-185\"><em>\u00a7<\/em><\/a><em> Je ne sais pas \u00e0 quel contexte pr\u00e9cis le sociologue faisait allusion, mais son observation est certainement applicable au sujet dont il est question ici.<\/em><\/h4>\n\n\n\n<p><\/p>\n\n\n\n<p><\/p>\n\n\n\n<h2 style=\"text-align: center;\"><em>Implications de l\u2019Invasion Russe de l\u2019Ukraine<\/em><\/h2>\n\n\n<div class=\"has-text-align-center wp-block-post-date\"><time datetime=\"2023-02-10T10:50:27+00:00\">10 f\u00e9vrier 2023<\/time><\/div>\n\n\n<h4 style=\"text-align: center;\"><em>Article initialement publi\u00e9 dans \u00ab&nbsp;The Cadmus Journal&nbsp;\u00bb le &nbsp;29 Juin 2022<\/em><\/h4>\n\n\n\n<p class=\"has-text-align-center\">Auteur : <a href=\"https:\/\/www.cadmusjournal.org\/author\/vaira-vike-freiberga\"><em>Vaira Vike-Freiberga<\/em><\/a><\/p>\n\n\n\n<div class=\"wp-block-uagb-buttons uagb-buttons__outer-wrap uagb-btn__default-btn uagb-btn-tablet__default-btn uagb-btn-mobile__default-btn uagb-block-135ca1f7\"><div class=\"uagb-buttons__wrap uagb-buttons-layout-wrap\">\n<div class=\"wp-block-uagb-buttons-child uagb-buttons__outer-wrap uagb-block-1e354d21 wp-block-button is-style-outline\"><div class=\"uagb-button__wrapper\"><a class=\"uagb-buttons-repeater wp-block-button__link has-text-color\" href=\"https:\/\/clespourunavenirdurable.fr\/wp-content\/uploads\/2023\/02\/Vaira-Vike-Freiberga.pdf\" onclick=\"return true;\" rel=\"follow noopener\" target=\"_self\"><div class=\"uagb-button__link\">T\u00e9l\u00e9chargement PDF<\/div><\/a><\/div><\/div>\n\n\n\n<div class=\"wp-block-uagb-buttons-child uagb-buttons__outer-wrap uagb-block-510dd3a4 wp-block-button is-style-outline\"><div class=\"uagb-button__wrapper\"><a class=\"uagb-buttons-repeater wp-block-button__link has-text-color\" href=\"https:\/\/clespourunavenirdurable.fr\/wp-content\/uploads\/2023\/03\/BIO-Vaira-Vike-FO.pdf\" onclick=\"return true;\" rel=\"follow noopener\" target=\"_self\"><div class=\"uagb-button__link\">Pr\u00e9sentation de l&rsquo;Auteure <\/div><\/a><\/div><\/div>\n<\/div><\/div>\n\n\n\n<p><\/p>\n\n\n\n<h4 style=\"text-align: justify;\">Nous sommes \u00e0 un tournant de l\u2019histoire et nous sommes confront\u00e9s \u00e0 un choix : devrions-nous retourner dans le pass\u00e9 ou embrasser et accepter le pr\u00e9sent, o\u00f9 r\u00e9side la r\u00e9ponse \u00e0 nos probl\u00e8mes actuels. La Russie a toujours eu une attitude agressive envers les pays situ\u00e9s \u00e0 sa p\u00e9riph\u00e9rie g\u00e9ographique. Elle a toujours exig\u00e9 le respect de ces nations et depuis que l\u2019Ukraine a d\u00e9fendu ses droits et s\u2019est montr\u00e9e rebelle, la Russie l\u2019a attaqu\u00e9e. Cet article appelle donc fortement \u00e0 la Bonne Volont\u00e9 et \u00e0 la Confiance dans la r\u00e9solution des conflits auxquels l\u2019humanit\u00e9 est confront\u00e9e aujourd\u2019hui, en particulier la guerre russo-ukrainienne.<\/h4>\n\n\n\n<p><\/p>\n\n\n\n<p><\/p>\n\n\n\n<h2 style=\"text-align: center;\"><em>L\u2019ONU en tant que Gardienne de la Paix Mondiale et son R\u00f4le dans la Crise Ukrainienne<\/em><\/h2>\n\n\n<div class=\"has-text-align-center wp-block-post-date\"><time datetime=\"2023-02-10T10:50:27+00:00\">10 f\u00e9vrier 2023<\/time><\/div>\n\n\n<h4 style=\"text-align: center;\"><em>Article initialement publi\u00e9 dans \u00ab The Cadmus Journal \u00bb le &nbsp;21 Juin 2022<\/em><\/h4>\n\n\n\n<h4 class=\"has-text-align-center\"><em>Auteure : Elena Andreevska<\/em><\/h4>\n\n\n\n<div class=\"wp-block-uagb-buttons uagb-buttons__outer-wrap uagb-btn__default-btn uagb-btn-tablet__default-btn uagb-btn-mobile__default-btn uagb-block-31ec0652\"><div class=\"uagb-buttons__wrap uagb-buttons-layout-wrap\">\n<div class=\"wp-block-uagb-buttons-child uagb-buttons__outer-wrap uagb-block-d8ac9e34 wp-block-button is-style-outline\"><div class=\"uagb-button__wrapper\"><a class=\"uagb-buttons-repeater wp-block-button__link has-text-color\" href=\"https:\/\/clespourunavenirdurable.fr\/wp-content\/uploads\/2023\/02\/ONU-FO.pdf\" onclick=\"return true;\" rel=\"follow noopener\" target=\"_self\"><div class=\"uagb-button__link\">T\u00e9l\u00e9chargement du PDF<\/div><\/a><\/div><\/div>\n\n\n\n<div class=\"wp-block-uagb-buttons-child uagb-buttons__outer-wrap uagb-block-0c8bf382 wp-block-button is-style-outline\"><div class=\"uagb-button__wrapper\"><a class=\"uagb-buttons-repeater wp-block-button__link has-text-color\" href=\"https:\/\/clespourunavenirdurable.fr\/wp-content\/uploads\/2023\/03\/BIO-Elena-Andreevska-FO.pdf\" onclick=\"return true;\" rel=\"follow noopener\" target=\"_self\"><div class=\"uagb-button__link\">Pr\u00e9sentation de l&rsquo;Auteure<\/div><\/a><\/div><\/div>\n<\/div><\/div>\n\n\n\n<p><\/p>\n\n\n\n<h4 style=\"text-align: justify;\">Apr\u00e8s la Seconde Guerre Mondiale, la communaut\u00e9 internationale a \u00e9t\u00e9 revigor\u00e9e pour concevoir un organisme international capable de limiter le d\u00e9clenchement d\u2019une autre guerre mondiale. La Charte des Nations Unies (ONU) pr\u00e9voyait que l\u2019organisation devait \u00eatre \u00ab gardienne de la paix et de la s\u00e9curit\u00e9 internationales, promotrice des droits de l\u2019homme, protectrice du droit international et ing\u00e9nieure du progr\u00e8s socio\u00e9conomique \u00bb.<\/h4>\n\n\n\n<h4 style=\"text-align: justify;\">L\u2019id\u00e9e que Vladimir Poutine a r\u00e9agi comme il l\u2019a fait parce qu\u2019il est d\u00e9termin\u00e9 \u00e0 recr\u00e9er l\u2019Union Sovi\u00e9tique sous le couvert d\u2019une Union Douani\u00e8re Eurasienne est devenue monnaie courante parmi les \u00e9chos que l\u2019on en a \u00e0 Washington. Ce qui motive vraiment un mouvement essentiellement pr\u00e9ventif et largement d\u00e9fensif de la part de la Russie, c\u2019est la perspective de l\u2019adh\u00e9sion de l\u2019Ukraine \u00e0 l\u2019OTAN. En Ukraine, il n\u2019y a peut-\u00eatre pas de bonnes options pour r\u00e9soudre la crise, mais la \u00ab moins mauvaise \u00bb option serait un r\u00e8glement n\u00e9goci\u00e9 par l\u2019ONU.<\/h4>\n\n\n\n<h4 style=\"text-align: justify;\">L\u2019ONU et ses membres r\u00eavent de paix mondiale, tout comme vous et moi.\u00a0 En fait, nous sommes arriv\u00e9s \u00e0 ce moment de l\u2019histoire qui est un tournant.\u00a0 L\u2019humanit\u00e9 a une d\u00e9cision \u00e0 prendre. Allons-nous planter la graine de la paix mondiale ou sommes-nous condamn\u00e9s \u00e0 r\u00e9p\u00e9ter les \u00e9checs du 20\u00e8me si\u00e8cle ? Un monde de t\u00e9n\u00e8bres, d\u2019oppression et de conflit plong\u00e9 dans la guerre. Cet article examinera la question de savoir si nous voulons qu\u2019il en soit ainsi ou si l\u2019ONU devrait reprendre ce qui figure dans la Charte, ainsi que dans quelle mesure la position actuelle du Conseil de S\u00e9curit\u00e9 des Nations Unies et les principes du droit international, peuvent permettre une intervention lors de la r\u00e9ponse \u00e0 un conflit interne.<\/h4>\n\n\n\n<p><\/p>\n\n\n\n<p><\/p>\n\n\n\n<p><\/p>\n\n\n\n<p><\/p>\n\n\n\n<p><\/p>\n\n\n\n<p><\/p>\n\n\n\n<p><\/p>\n\n\n\n<p><\/p>\n\n\n\n<p><\/p>\n\n\n\n<p><\/p>\n\n\n\n<p><\/p>\n\n\n\n<p><\/p>\n\n\n\n<p><\/p>\n\n\n\n<p><\/p>\n\n\n\n<p><\/p>\n\n\n\n<p><\/p>\n\n\n\n<p><\/p>\n\n\n\n<p><\/p>\n\n\n\n<p><\/p>\n\n\n\n<p><\/p>\n\n\n\n<p><\/p>\n\n\n\n<p><\/p>\n","protected":false},"excerpt":{"rendered":"<p>Occasions Manqu\u00e9es : l\u2019Ukraine est une Histoire Non Termin\u00e9e par l\u2019ONU aux Proportions Mondiales Article initialement publi\u00e9 dans \u00ab&nbsp;The Cadmus Journal&nbsp;\u00bb le 20 juin 2022 sous le titre Missed Opportunities: Ukraine is an UN-finished Story of Global Proportions Auteur : Garry Jacobs R\u00e9sum\u00e9 Ce document cherche \u00e0 regarder au-del\u00e0 du sentiment d\u2019indignation et d\u2019horreur justifiables [&hellip;]<\/p>\n","protected":false},"author":1,"featured_media":0,"parent":0,"menu_order":0,"comment_status":"closed","ping_status":"closed","template":"","meta":{"om_disable_all_campaigns":false,"_uag_custom_page_level_css":"","_monsterinsights_skip_tracking":false,"_monsterinsights_sitenote_active":false,"_monsterinsights_sitenote_note":"","_monsterinsights_sitenote_category":0,"_uf_show_specific_survey":0,"_uf_disable_surveys":false,"footnotes":""},"aioseo_notices":[],"uagb_featured_image_src":{"full":false,"thumbnail":false,"medium":false,"medium_large":false,"large":false,"1536x1536":false,"2048x2048":false},"uagb_author_info":{"display_name":"lechev.1910@gmail.com","author_link":"https:\/\/clespourunavenirdurable.fr\/?author=1"},"uagb_comment_info":0,"uagb_excerpt":"Occasions Manqu\u00e9es : l\u2019Ukraine est une Histoire Non Termin\u00e9e par l\u2019ONU aux Proportions Mondiales Article initialement publi\u00e9 dans \u00ab&nbsp;The Cadmus Journal&nbsp;\u00bb le 20 juin 2022 sous le titre Missed Opportunities: Ukraine is an UN-finished Story of Global Proportions Auteur : Garry Jacobs R\u00e9sum\u00e9 Ce document cherche \u00e0 regarder au-del\u00e0 du sentiment d\u2019indignation et d\u2019horreur justifiables\u2026","_links":{"self":[{"href":"https:\/\/clespourunavenirdurable.fr\/index.php?rest_route=\/wp\/v2\/pages\/3048"}],"collection":[{"href":"https:\/\/clespourunavenirdurable.fr\/index.php?rest_route=\/wp\/v2\/pages"}],"about":[{"href":"https:\/\/clespourunavenirdurable.fr\/index.php?rest_route=\/wp\/v2\/types\/page"}],"author":[{"embeddable":true,"href":"https:\/\/clespourunavenirdurable.fr\/index.php?rest_route=\/wp\/v2\/users\/1"}],"replies":[{"embeddable":true,"href":"https:\/\/clespourunavenirdurable.fr\/index.php?rest_route=%2Fwp%2Fv2%2Fcomments&post=3048"}],"version-history":[{"count":42,"href":"https:\/\/clespourunavenirdurable.fr\/index.php?rest_route=\/wp\/v2\/pages\/3048\/revisions"}],"predecessor-version":[{"id":7669,"href":"https:\/\/clespourunavenirdurable.fr\/index.php?rest_route=\/wp\/v2\/pages\/3048\/revisions\/7669"}],"wp:attachment":[{"href":"https:\/\/clespourunavenirdurable.fr\/index.php?rest_route=%2Fwp%2Fv2%2Fmedia&parent=3048"}],"curies":[{"name":"wp","href":"https:\/\/api.w.org\/{rel}","templated":true}]}}