{"id":2731,"date":"2023-01-24T13:37:19","date_gmt":"2023-01-24T13:37:19","guid":{"rendered":"https:\/\/clespourunavenirdurable.fr\/?page_id=2731"},"modified":"2024-02-11T12:51:56","modified_gmt":"2024-02-11T12:51:56","slug":"historique-de-lamas-wikipedia","status":"publish","type":"page","link":"https:\/\/clespourunavenirdurable.fr\/?page_id=2731","title":{"rendered":"Historique de l&rsquo;AMAS (Wikipedia)"},"content":{"rendered":"\n<figure class=\"wp-block-image size-full is-resized\"><img decoding=\"async\" loading=\"lazy\" src=\"https:\/\/clespourunavenirdurable.fr\/wp-content\/uploads\/2024\/02\/420983976_401741238940669_3917433420032881500_n.jpg\" alt=\"\" class=\"wp-image-7343\" width=\"760\" height=\"507\" srcset=\"https:\/\/clespourunavenirdurable.fr\/wp-content\/uploads\/2024\/02\/420983976_401741238940669_3917433420032881500_n.jpg 430w, https:\/\/clespourunavenirdurable.fr\/wp-content\/uploads\/2024\/02\/420983976_401741238940669_3917433420032881500_n-300x200.jpg 300w\" sizes=\"(max-width: 760px) 100vw, 760px\" \/><\/figure>\n\n\n\n\n\n<h3 style=\"text-align: center;\"><strong>Histoire de l&rsquo;Acad\u00e9mie Mondiale des Arts et des Sciences (AMAS)<br \/><\/strong><\/h3>\n<h3 style=\"text-align: justify;\">Un premier concept pour la fondation de l\u2019acad\u00e9mie, et un ensemble d\u2019associations mondiales de scientifiques et de jeunes scientifiques et de journalistes scientifiques, a \u00e9t\u00e9 propos\u00e9 dans un article du magazine <a href=\"https:\/\/en.wikipedia.org\/wiki\/Time_(magazine)\"><em><span style=\"color: #000000;\">Time<\/span><\/em><\/a> le \u00a01er octobre 1938 par le philosophe <a href=\"https:\/\/en.wikipedia.org\/wiki\/Etienne_Gilson\"><span style=\"color: #000000;\">Etienne Gilson<\/span><\/a> dans les ann\u00e9es 1940 \u00a0, et repris dans les ann\u00e9es 1950 par les scientifiques qui s\u2019inqui\u00e9taient du potentiel d\u2019utilisation abusive des d\u00e9couvertes scientifiques.<\/h3>\n<h3 style=\"text-align: justify;\">Imm\u00e9diatement apr\u00e8s la <a href=\"https:\/\/en.wikipedia.org\/wiki\/World_War_II\"><span style=\"color: #000000;\">Seconde Guerre mondiale<\/span><\/a><span style=\"color: #000000;\">,<\/span> de nombreux scientifiques et intellectuels, qui avaient \u00e9t\u00e9 t\u00e9moins du potentiel de l\u2019humanit\u00e9 \u00e0 se d\u00e9truire elle-m\u00eame, ont commenc\u00e9 \u00e0 explorer l\u2019id\u00e9e d\u2019un organisme international non gouvernemental qui pourrait r\u00e9pondre aux pr\u00e9occupations majeures de l\u2019humanit\u00e9.<\/h3>\n<h3 style=\"text-align: justify;\">Des conversations ont commenc\u00e9 entre des personnalit\u00e9s telles qu\u2019Albert <span style=\"color: #000000;\"><a style=\"color: #000000;\" href=\"https:\/\/en.wikipedia.org\/wiki\/Albert_Einstein\">Einstein<\/a>, <a style=\"color: #000000;\" href=\"https:\/\/en.wikipedia.org\/wiki\/J._Robert_Oppenheimer\">Robert Oppenheimer<\/a> et <a style=\"color: #000000;\" href=\"https:\/\/en.wikipedia.org\/wiki\/Joseph_Rotblat\">Joseph Rotblat<\/a>,<\/span> qui avaient chacun jou\u00e9 un r\u00f4le dans la cr\u00e9ation de la <span style=\"color: #000000;\"><a style=\"color: #000000;\" href=\"https:\/\/en.wikipedia.org\/wiki\/Atomic_Bomb\">bombe atomique<\/a><\/span> et \u00a0\u00a0\u00e9taient troubl\u00e9s par l\u2019utilisation abusive potentielle de ces nouvelles \u00a0et\u00a0 puissantes d\u00e9couvertes scientifiques. Einstein, dans une pr\u00e9face (en allemand) au livre \u00ab\u00a0la science et l\u2019avenir de l\u2019humanit\u00e9\u00a0\u00bb (\u00ab\u00a0Science and the Future of Mankind\u00a0\u00bb), de l\u2019ancien pr\u00e9sident de l\u2019AMAS <a href=\"https:\/\/en.wikipedia.org\/w\/index.php?title=Hugo_Boyko&amp;action=edit&amp;redlink=1\"><span style=\"color: #000000;\">Hugo Boyko<\/span><\/a> en 1964, exprime le souhait que \u00ab\u00a0la d\u00e9couverte de la r\u00e9action atomique en cha\u00eene doit entra\u00eener aussi peu d\u2019annihilation que l\u2019invention des allumettes\u00a0\u00bb. <a href=\"https:\/\/en.wikipedia.org\/wiki\/World_Academy_of_Art_and_Science#cite_note-9\"><sup><span style=\"color: #000000;\">[9]<\/span><\/sup><\/a><\/h3>\n<h3 style=\"text-align: justify;\">Les origines de l\u2019association remontent \u00e0 une lettre r\u00e9dig\u00e9e par <span style=\"color: #000000;\"><a style=\"color: #000000;\" href=\"https:\/\/en.wikipedia.org\/wiki\/Leo_Szilard\">Leo Szilard<\/a> <\/span>qu\u2019Einstein a envoy\u00e9e \u00e0 <a href=\"https:\/\/en.wikipedia.org\/wiki\/Franklin_D._Roosevelt\"><span style=\"color: #000000;\">Franklin D. Roosevelt<\/span><\/a> le 2 ao\u00fbt 1939[<span style=\"color: #000000;\"><a style=\"color: #000000;\" href=\"https:\/\/en.wikipedia.org\/wiki\/World_Academy_of_Art_and_Science#cite_note-10\"><sup>10],<\/sup><\/a><\/span> l\u2019avertissant que des recherches r\u00e9centes sur les r\u00e9actions en cha\u00eene de fission utilisant de l\u2019uranium rendaient probable que de grandes quantit\u00e9s d\u2019\u00e9nergie puissent \u00eatre produites par une r\u00e9action en cha\u00eene et que,\u00a0 en exploitant cette puissance, la construction de \u00ab bombes extr\u00eamement puissantes \u00bb \u00e9tait concevable. Il a \u00e9galement sugg\u00e9r\u00e9 que l\u2019Allemagne travaillait peut-\u00eatre d\u00e9j\u00e0 au d\u00e9veloppement d\u2019une telle arme. <a href=\"https:\/\/en.wikipedia.org\/wiki\/World_Academy_of_Art_and_Science#cite_note-11\"><sup><span style=\"color: #000000;\">[11]<\/span><\/sup><\/a><\/h3>\n<h3 style=\"text-align: justify;\">La lettre a abouti \u00e0 la cr\u00e9ation du <a href=\"https:\/\/en.wikipedia.org\/wiki\/Manhattan_Project\"><span style=\"color: #000000;\">proje<\/span>t <span style=\"color: #000000;\">Manhattan<\/span><\/a> en 1942 \u00a0sous la direction d\u2019Oppenheimer et au d\u00e9veloppement des armes qui ont \u00e9t\u00e9 largu\u00e9es sur <a href=\"https:\/\/en.wikipedia.org\/wiki\/Hiroshima\"><span style=\"color: #000000;\">Hiroshima<\/span><\/a> et <a href=\"https:\/\/en.wikipedia.org\/wiki\/Nagasaki\"><span style=\"color: #000000;\">Nagasaki<\/span><\/a><span style=\"color: #000000;\"> en 1945. <a style=\"color: #000000;\" href=\"https:\/\/en.wikipedia.org\/wiki\/World_Academy_of_Art_and_Science#cite_note-12\"><sup>[12]<\/sup><\/a><\/span><\/h3>\n<h3 style=\"text-align: justify;\">Ces \u00e9v\u00e9nements ont \u00e9t\u00e9 suivis par le d\u00e9veloppement de la premi\u00e8re bombe atomique sovi\u00e9tique en 1949 et des premi\u00e8res <span style=\"color: #000000;\"><a style=\"color: #000000;\" href=\"https:\/\/en.wikipedia.org\/wiki\/Hydrogen_bombs\">bombes \u00e0 hydrog\u00e8ne<\/a><\/span> par les \u00c9tats-Unis en 1952 \u2013 une \u00e9tape bient\u00f4t suivie par l\u2019URSS. L\u2019inqui\u00e9tude grandissait \u00e0 mesure que la <span style=\"color: #000000;\"><a style=\"color: #000000;\" href=\"https:\/\/en.wikipedia.org\/wiki\/Cold_War\">guerre froide<\/a><\/span> se transformait en une course aux armements nucl\u00e9aires. <a href=\"https:\/\/en.wikipedia.org\/wiki\/World_Academy_of_Art_and_Science#cite_note-13\"><sup><span style=\"color: #000000;\">[13]<\/span><\/sup><\/a> En 1955, Einstein et Bertrand Russell se sont joints \u00e0 neuf autres scientifiques \u2013 dont quatre ont ensuite fond\u00e9 l\u2019Acad\u00e9mie Mondiale des Arts et des Sciences \u2013 pour publier le <a href=\"https:\/\/en.wikipedia.org\/wiki\/Russell%E2%80%93Einstein_Manifesto\"><span style=\"color: #000000;\">Manifeste Russell-Einstein<\/span><\/a>, mettant en garde contre la grave menace de destruction nucl\u00e9aire mondiale. <span style=\"color: #000000;\"><a style=\"color: #000000;\" href=\"https:\/\/en.wikipedia.org\/wiki\/World_Academy_of_Art_and_Science#cite_note-14\"><sup>[14]<\/sup><\/a><\/span><\/h3>\n<h3 style=\"text-align: justify;\">Les discussions informelles qui ont eu lieu entre ces \u00e9minents scientifiques et intellectuels ont \u00e9volu\u00e9 vers un engagement plus s\u00e9rieux \u2013 envers les progr\u00e8s responsables et \u00e9thiques de la science. La premi\u00e8re conf\u00e9rence internationale sur la science et le bien-\u00eatre humain[15] s\u2019est\u00a0 tenue \u00e0 Washington DC et a \u00e9t\u00e9 organis\u00e9e par deux scientifiques am\u00e9ricains ayant de l\u2019exp\u00e9rience dans ce domaine : <span style=\"color: #000000;\"><a style=\"color: #000000;\" href=\"https:\/\/en.wikipedia.org\/w\/index.php?title=Richard_Montgomery_Field&amp;action=edit&amp;redlink=1\">Richard Montgomery Field<\/a>[<\/span><a href=\"https:\/\/en.wikipedia.org\/wiki\/World_Academy_of_Art_and_Science#cite_note-16\"><sup><span style=\"color: #000000;\">16<\/span>]<\/sup><\/a> de \u00a0l\u2019Universit\u00e9 de <a href=\"https:\/\/en.wikipedia.org\/wiki\/Princeton_University\"><span style=\"color: #000000;\">Princeton<\/span><\/a><span style=\"color: #000000;\">,<\/span> ancien pr\u00e9sident d\u2019un comit\u00e9 international qui s\u2019est concentr\u00e9 sur les valeurs sociales de la science, et John A. Fleming<a href=\"https:\/\/en.wikipedia.org\/wiki\/World_Academy_of_Art_and_Science#cite_note-15\"><sup><span style=\"color: #000000;\">[17<\/span><\/sup><\/a><span style=\"color: #000000;\"><a style=\"color: #000000;\" href=\"https:\/\/en.wikipedia.org\/wiki\/World_Academy_of_Art_and_Science#cite_note-17\"><sup>].<\/sup><\/a><\/span>\u00a0 ancien pr\u00e9sident du Conseil international des unions scientifiques, aujourd\u2019hui connu sous le nom de <u>Conseil international pour la <span style=\"color: #000000;\"><a style=\"color: #000000;\" href=\"https:\/\/en.wikipedia.org\/wiki\/International_Council_for_Science\">Science<\/a><\/span><\/u><span style=\"color: #000000;\">,<\/span> fond\u00e9 en 1931.<\/h3>\n<h3 style=\"text-align: justify;\">\u00c0 la fin de la conf\u00e9rence, il a \u00e9t\u00e9 convenu qu\u2019une Acad\u00e9mie mondiale serait form\u00e9e et un comit\u00e9 a \u00e9t\u00e9 \u00e9lu pour commencer les premi\u00e8res \u00e9tapes vers sa formation. Le Comit\u00e9 pr\u00e9paratoire international \u00e9tait compos\u00e9 (pour la \u00a0France) <a href=\"https:\/\/en.wikipedia.org\/wiki\/Pierre_Chouard\"><span style=\"color: #000000;\">de Pierre Chouard<\/span><\/a><span style=\"color: #000000;\">, <a style=\"color: #000000;\" href=\"https:\/\/en.wikipedia.org\/w\/index.php?title=George_Laclav%C3%A9re&amp;action=edit&amp;redlink=1\">George Laclav\u00e9re<\/a><\/span> et <span style=\"color: #000000;\"><a style=\"color: #000000;\" href=\"https:\/\/en.wikipedia.org\/w\/index.php?title=G._Le_Lionnaise&amp;action=edit&amp;redlink=1\">G. Le Lionnaise<\/a>;<\/span> (pour le Royaume-Uni) de <a href=\"https:\/\/en.wikipedia.org\/wiki\/Ritchie_Calder\"><span style=\"color: #000000;\">Ritchie Calder<\/span><\/a><span style=\"color: #000000;\">, <a style=\"color: #000000;\" href=\"https:\/\/en.wikipedia.org\/w\/index.php?title=H._Munro_Fox&amp;action=edit&amp;redlink=1\">H. Munro Fox<\/a> et <a style=\"color: #000000;\" href=\"https:\/\/en.wikipedia.org\/wiki\/Joseph_Needham\">Joseph Needham<\/a><\/span>; et (pour les \u00a0\u00c9tats-Unis) de <span style=\"color: #000000;\"><a style=\"color: #000000;\" href=\"https:\/\/en.wikipedia.org\/wiki\/J._Robert_Oppenheimer\">Robert Oppenheimer<\/a>.\u00a0<\/span><\/h3>\n<h3 style=\"text-align: justify;\"><strong>L\u2019Acad\u00e9mie a \u00e9t\u00e9 officiellement fond\u00e9e le 24 d\u00e9cembre 1960.<\/strong><\/h3>\n<h3 style=\"text-align: justify;\">Parmi les 42 membres fondateurs de l\u2019AMAS figuraient plusieurs personnes qui avaient jou\u00e9 un r\u00f4le important dans la cr\u00e9ation d\u2019autres grandes organisations mondiales : <a href=\"https:\/\/en.wikipedia.org\/wiki\/Joseph_Needham\"><span style=\"color: #000000;\">Joseph Needham<\/span><\/a><span style=\"color: #000000;\">,<\/span> cofondateur de l\u2019UNESCO, <a href=\"https:\/\/en.wikipedia.org\/wiki\/John_Boyd_Orr\"><span style=\"color: #000000;\">Lord Boyd Orr<\/span><\/a><span style=\"color: #000000;\">,<\/span> premier Directeur g\u00e9n\u00e9ral de l\u2019Organisation des <a href=\"https:\/\/en.wikipedia.org\/wiki\/Food_and_Agriculture_Organization\"><span style=\"color: #000000;\">Nations Unies pour l\u2019alimentation et l\u2019agriculture<\/span><\/a> (FAO), et <a href=\"https:\/\/en.wikipedia.org\/wiki\/Brock_Chisholm\"><span style=\"color: #000000;\">G. Brock Chisholm<\/span><\/a>, premier Directeur g\u00e9n\u00e9ral \u00a0de l\u2019Organisation \u00a0mondiale de la <a href=\"https:\/\/en.wikipedia.org\/wiki\/World_Health_Organization\"><span style=\"color: #000000;\">Sant\u00e9<\/span><\/a> (OMS).<\/h3>\n<h3 style=\"text-align: justify;\"><strong>Anciens Membres<\/strong><\/h3>\n<ol>\n<li style=\"text-align: justify;\">\n<h3><a href=\"https:\/\/en.wikipedia.org\/wiki\/Arthur_C._Clarke\"><span style=\"color: #000000;\">Arthur C. Clarke<\/span><\/a><span style=\"color: #000000;\">,<\/span> Auteur de <a href=\"https:\/\/en.wikipedia.org\/wiki\/2001:_A_Space_Odyssey\"><em><span style=\"color: #000000;\">2001: <\/span><\/em><span style=\"color: #000000;\">L\u2019Odyss\u00e9e de l\u2019espace<\/span><\/a><\/h3>\n<\/li>\n<li style=\"text-align: justify;\">\n<h3><a href=\"https:\/\/en.wikipedia.org\/wiki\/John_Eccles_(neurophysiologist)\"><span style=\"color: #000000;\">Sir John C. Eccles<\/span><\/a><span style=\"color: #000000;\">,<\/span> Laur\u00e9at du prix Nobel de m\u00e9decine<\/h3>\n<\/li>\n<li style=\"text-align: justify;\">\n<h3><a href=\"https:\/\/en.wikipedia.org\/wiki\/Buckminster_Fuller\"><span style=\"color: #000000;\">Buckminster Fuller<\/span><\/a>, Architecte et th\u00e9oricien des syst\u00e8mes<\/h3>\n<\/li>\n<li style=\"text-align: justify;\">\n<h3><a href=\"https:\/\/en.wikipedia.org\/wiki\/Hazel_Henderson\"><span style=\"color: #000000;\">Hazel Henderson<\/span><\/a>, Militante \u00e9cologiste et futurologue<\/h3>\n<\/li>\n<li style=\"text-align: justify;\">\n<h3><a href=\"https:\/\/en.wikipedia.org\/wiki\/Andr%C3%A9_Michel_Lwoff\"><span style=\"color: #000000;\">Andr\u00e9 Michel Lwoff<\/span><\/a><span style=\"color: #000000;\">,<\/span> Laur\u00e9at du prix Nobel de m\u00e9decine<\/h3>\n<\/li>\n<li style=\"text-align: justify;\">\n<h3><a href=\"https:\/\/en.wikipedia.org\/wiki\/Abraham_Maslow\"><span style=\"color: #000000;\">Abraham Maslow<\/span><\/a><span style=\"color: #000000;\">,<\/span> Psychologue<\/h3>\n<\/li>\n<li style=\"text-align: justify;\">\n<h3><a href=\"https:\/\/en.wikipedia.org\/wiki\/Yehudi_Menuhin\"><span style=\"color: #000000;\">Yehudi Menuhin<\/span><\/a>, Violoniste<\/h3>\n<\/li>\n<li style=\"text-align: justify;\">\n<h3><a href=\"https:\/\/en.wikipedia.org\/wiki\/Margaret_Mead\"><span style=\"color: #000000;\">Margaret Mead<\/span><\/a><span style=\"color: #000000;\">,<\/span> Anthropologue culturelle<\/h3>\n<\/li>\n<li style=\"text-align: justify;\">\n<h3><a href=\"https:\/\/en.wikipedia.org\/wiki\/Alva_Myrdal\"><span style=\"color: #000000;\">Alva Myrdal<\/span><\/a><span style=\"color: #000000;\">,<\/span> Laur\u00e9at du prix Nobel d\u2019\u00e9conomie<\/h3>\n<\/li>\n<li style=\"text-align: justify;\">\n<h3><a href=\"https:\/\/en.wikipedia.org\/wiki\/Gunnar_Myrdal\"><span style=\"color: #000000;\">Gunnar Myrda<\/span>l<\/a>, Laur\u00e9at du prix Nobel d\u2019\u00e9conomie<\/h3>\n<\/li>\n<li style=\"text-align: justify;\">\n<h3><a href=\"https:\/\/en.wikipedia.org\/wiki\/Philip_Noel-Baker\"><span style=\"color: #000000;\">Philip Noel-Baker<\/span><\/a><span style=\"color: #000000;\">,<\/span> Laur\u00e9at du prix Nobel de la paix<\/h3>\n<\/li>\n<li style=\"text-align: justify;\">\n<h3><a href=\"https:\/\/en.wikipedia.org\/wiki\/Linus_Pauling\">Linus Pauling<\/a>, Laur\u00e9at du prix Nobel de chimie et de la paix<\/h3>\n<\/li>\n<li style=\"text-align: justify;\">\n<h3><a href=\"https:\/\/en.wikipedia.org\/wiki\/Sarvepalli_Radhakrishnan\"><span style=\"color: #000000;\">Sarvepalli Radhakrishnan<\/span><\/a><span style=\"color: #000000;\">,<\/span> Pr\u00e9sident de l\u2019Inde (\u00e9lu membre honoraire)<\/h3>\n<\/li>\n<li style=\"text-align: justify;\">\n<h3><a href=\"https:\/\/en.wikipedia.org\/wiki\/Jonas_Salk\"><span style=\"color: #000000;\">Jonas Salk<\/span><\/a><span style=\"color: #000000;\">,<\/span> D\u00e9veloppeur du <a href=\"https:\/\/en.wikipedia.org\/wiki\/Polio_vaccine\"><span style=\"color: #000000;\">vaccin Salk contre la poliomy\u00e9lite<\/span><\/a><\/h3>\n<\/li>\n<li style=\"text-align: justify;\">\n<h3><a href=\"https:\/\/en.wikipedia.org\/wiki\/Vikram_Sarabhai\"><span style=\"color: #000000;\">Vikram Sarabhai<\/span><\/a>, Pr\u00e9sident de la Commission indienne de l\u2019\u00e9nergie <a href=\"https:\/\/en.wikipedia.org\/wiki\/Indian_Atomic_Energy_Commission\"><span style=\"color: #000000;\">atomique<\/span><\/a><\/h3>\n<\/li>\n<li style=\"text-align: justify;\">\n<h3 style=\"text-align: justify;\"><a href=\"https:\/\/en.wikipedia.org\/wiki\/Arne_Tiselius\"><span style=\"color: #000000;\">Arne Tiselius<\/span><\/a>, Prix Nobel de chimie<\/h3>\n<\/li>\n<\/ol>\n\n\n\n<p><\/p>\n\n\n\n<p><\/p>\n\n\n\n<p><\/p>\n","protected":false},"excerpt":{"rendered":"<p>Histoire de l&rsquo;Acad\u00e9mie Mondiale des Arts et des Sciences (AMAS) Un premier concept pour la fondation de l\u2019acad\u00e9mie, et un ensemble d\u2019associations mondiales de scientifiques et de jeunes scientifiques et de journalistes scientifiques, a \u00e9t\u00e9 propos\u00e9 dans un article du magazine Time le \u00a01er octobre 1938 par le philosophe Etienne Gilson dans les ann\u00e9es 1940 [&hellip;]<\/p>\n","protected":false},"author":1,"featured_media":0,"parent":0,"menu_order":0,"comment_status":"closed","ping_status":"closed","template":"","meta":{"om_disable_all_campaigns":false,"_uag_custom_page_level_css":"","_monsterinsights_skip_tracking":false,"_monsterinsights_sitenote_active":false,"_monsterinsights_sitenote_note":"","_monsterinsights_sitenote_category":0,"_uf_show_specific_survey":0,"_uf_disable_surveys":false,"footnotes":""},"aioseo_notices":[],"uagb_featured_image_src":{"full":false,"thumbnail":false,"medium":false,"medium_large":false,"large":false,"1536x1536":false,"2048x2048":false},"uagb_author_info":{"display_name":"lechev.1910@gmail.com","author_link":"https:\/\/clespourunavenirdurable.fr\/?author=1"},"uagb_comment_info":0,"uagb_excerpt":"Histoire de l&rsquo;Acad\u00e9mie Mondiale des Arts et des Sciences (AMAS) Un premier concept pour la fondation de l\u2019acad\u00e9mie, et un ensemble d\u2019associations mondiales de scientifiques et de jeunes scientifiques et de journalistes scientifiques, a \u00e9t\u00e9 propos\u00e9 dans un article du magazine Time le \u00a01er octobre 1938 par le philosophe Etienne Gilson dans les ann\u00e9es 1940\u2026","_links":{"self":[{"href":"https:\/\/clespourunavenirdurable.fr\/index.php?rest_route=\/wp\/v2\/pages\/2731"}],"collection":[{"href":"https:\/\/clespourunavenirdurable.fr\/index.php?rest_route=\/wp\/v2\/pages"}],"about":[{"href":"https:\/\/clespourunavenirdurable.fr\/index.php?rest_route=\/wp\/v2\/types\/page"}],"author":[{"embeddable":true,"href":"https:\/\/clespourunavenirdurable.fr\/index.php?rest_route=\/wp\/v2\/users\/1"}],"replies":[{"embeddable":true,"href":"https:\/\/clespourunavenirdurable.fr\/index.php?rest_route=%2Fwp%2Fv2%2Fcomments&post=2731"}],"version-history":[{"count":12,"href":"https:\/\/clespourunavenirdurable.fr\/index.php?rest_route=\/wp\/v2\/pages\/2731\/revisions"}],"predecessor-version":[{"id":7344,"href":"https:\/\/clespourunavenirdurable.fr\/index.php?rest_route=\/wp\/v2\/pages\/2731\/revisions\/7344"}],"wp:attachment":[{"href":"https:\/\/clespourunavenirdurable.fr\/index.php?rest_route=%2Fwp%2Fv2%2Fmedia&parent=2731"}],"curies":[{"name":"wp","href":"https:\/\/api.w.org\/{rel}","templated":true}]}}