{"id":1868,"date":"2023-01-10T01:07:58","date_gmt":"2023-01-10T01:07:58","guid":{"rendered":"https:\/\/clespourunavenirdurable.fr\/?page_id=1868"},"modified":"2024-03-06T04:05:07","modified_gmt":"2024-03-06T04:05:07","slug":"division-europe-du-sud-est-dese-de-lacademie-mondiale-des-arts-et-des-sciences-amas","status":"publish","type":"page","link":"https:\/\/clespourunavenirdurable.fr\/?page_id=1868","title":{"rendered":"Division Europe du Sud-Est de l&rsquo;AMAS"},"content":{"rendered":"\n<div class=\"wp-block-uagb-advanced-heading uagb-block-b87ce5e6\"><\/div>\n\n\n\n<figure class=\"wp-block-image size-large is-resized\"><img decoding=\"async\" loading=\"lazy\" src=\"https:\/\/clespourunavenirdurable.fr\/wp-content\/uploads\/2023\/01\/IMG5-6-1024x449.webp\" alt=\"\" class=\"wp-image-1876\" width=\"1296\" height=\"568\" srcset=\"https:\/\/clespourunavenirdurable.fr\/wp-content\/uploads\/2023\/01\/IMG5-6-1024x449.webp 1024w, https:\/\/clespourunavenirdurable.fr\/wp-content\/uploads\/2023\/01\/IMG5-6-300x132.webp 300w, https:\/\/clespourunavenirdurable.fr\/wp-content\/uploads\/2023\/01\/IMG5-6-768x337.webp 768w, https:\/\/clespourunavenirdurable.fr\/wp-content\/uploads\/2023\/01\/IMG5-6.webp 1194w\" sizes=\"(max-width: 1296px) 100vw, 1296px\" \/><\/figure>\n\n\n\n<p><\/p>\n\n\n\n<h3 style=\"text-align: justify;\">Le Conseil d\u2019Administration de l\u2019Acad\u00e9mie Mondiale des Arts et des Sciences (AMAS) a cr\u00e9\u00e9 sa Division de l\u2019Europe du Sud-Est (DESE-AMAS) en 2005. DESE-AMAS comprend des chercheurs, des associ\u00e9s et des chercheurs assistants de l\u2019AMAS provenant de pays d\u2019Europe du Sud, c\u2019est-\u00e0-dire du Portugal et de l\u2019Espagne \u00e0 la Gr\u00e8ce et \u00e0 la Turquie. Depuis 2005, le nombre de membres de DESE-AMAS a plus que tripl\u00e9. DESE-AMAS est membre du R\u00e9seau des acad\u00e9mies nationales d\u2019Europe centrale et orientale et de l\u2019ALLEA &#8211; Association de toutes les Acad\u00e9mies Europ\u00e9ennes. DESE-AMAS coop\u00e8re avec le Club de Rome et les associations nationales du Club, avec les mouvements Pugwash et ses associations nationales, et avec le Club politique des Balkans. De nombreux membres de DESE-AMAS sont \u00e9galement membres de ces organisations<strong>.<\/strong><\/h3>\n\n\n\n<h3 style=\"text-align: justify;\">En collaboration avec ses partenaires, DESE-AMAS a organis\u00e9 de nombreuses conf\u00e9rences internationales, des sessions lors de conf\u00e9rences et de r\u00e9unions internationales, y compris des \u00e9v\u00e9nements \u00e0 Barcelone (2010), Ljubljana (2008), Zagreb (2006, 2007, 2008 et 2009), Banja Luka (2006, 2010), Sarajevo (2006), Dubrovnik (2009), Podgorica (2009) et Istanbul (2006 et 2009). Les travaux de certaines de ces conf\u00e9rences sont publi\u00e9s et distribu\u00e9s aux chercheurs de l\u2019AMAS et aux participants. Une r\u00e9alisation remarquable digne d\u2019\u00eatre mentionn\u00e9e a \u00e9t\u00e9 l\u2019initiative d\u2019Orio Giarini, membre de DESE-AMAS et membre du Club de Rome, qui a initi\u00e9 et dirige avec succ\u00e8s depuis plus de cinq ans la revue \u00ab&nbsp;Les Documents Europ\u00e9ens sur le Nouveau Bien-\u00eatre &#8211; La soci\u00e9t\u00e9 du contre-vieillissement&nbsp;\u00bb (\u00ab&nbsp;The European Papers on New Welfare &#8211; The Counter-aging Society&nbsp;\u00bb). Ce journal a servi de base et d\u2019inspiration pour le lancement de CADMUS.<\/h3>\n\n\n<h3 style=\"text-align: justify;\">Les membres de DESE- AMAS sont activement engag\u00e9s et ont lanc\u00e9 plusieurs programmes r\u00e9cents et en cours de l\u2019Acad\u00e9mie Mondiale,notamment l\u2019Initiative pour l\u2019Abolition des Armes Nucl\u00e9aires, le D\u00e9fi Mondial pour l\u2019Emploi, L\u2019Evolution de l\u2019Individualit\u00e9, De la Crise \u00e0 la Prosp\u00e9rit\u00e9 et<br \/>les Limites \u00e0 la Rationalit\u00e9.<\/h3>\n<p><!-- \/wp:tadv\/classic-paragraph --><!-- wp:paragraph {\"align\":\"right\"} --><\/p>\n<h4 class=\"has-text-align-right\"><em>Garry Jacobs, Pr\u00e9sident<\/em><\/h4>\n<p><!-- \/wp:paragraph --><\/p>\n<p><!-- wp:paragraph --><\/p>\n<p><!-- \/wp:paragraph --><\/p>\n<p><!-- wp:paragraph --><\/p>\n<p><!-- \/wp:paragraph --><\/p>\n<p><!-- wp:paragraph --><\/p>\n<p><!-- \/wp:paragraph --><\/p>\n<p><!-- wp:paragraph --><\/p>\n<p><!-- \/wp:paragraph --><\/p>\n<p><!-- wp:paragraph --><\/p>\n<p><!-- \/wp:paragraph --><\/p>\n<p><!-- wp:paragraph --><\/p>\n<p><!-- \/wp:paragraph --><\/p>\n<p><!-- wp:paragraph --><\/p>\n<p><!-- \/wp:paragraph --><\/p>\n<p><!-- wp:paragraph --><\/p>\n<p><!-- \/wp:paragraph --><\/p>\n<p><!-- wp:paragraph --><\/p>\n<p><!-- \/wp:paragraph --><\/p>\n<p><!-- wp:paragraph --><\/p>\n<p><!-- \/wp:paragraph --><\/p>\n<p><!-- wp:paragraph --><\/p>\n<p><!-- \/wp:paragraph --><\/p>\n<p><!-- wp:paragraph --><\/p>\n<p><!-- \/wp:paragraph --><\/p>","protected":false},"excerpt":{"rendered":"<p>Le Conseil d\u2019Administration de l\u2019Acad\u00e9mie Mondiale des Arts et des Sciences (AMAS) a cr\u00e9\u00e9 sa Division de l\u2019Europe du Sud-Est (DESE-AMAS) en 2005. DESE-AMAS comprend des chercheurs, des associ\u00e9s et des chercheurs assistants de l\u2019AMAS provenant de pays d\u2019Europe du Sud, c\u2019est-\u00e0-dire du Portugal et de l\u2019Espagne \u00e0 la Gr\u00e8ce et \u00e0 la Turquie. Depuis [&hellip;]<\/p>\n","protected":false},"author":1,"featured_media":0,"parent":0,"menu_order":0,"comment_status":"closed","ping_status":"closed","template":"","meta":{"om_disable_all_campaigns":false,"_uag_custom_page_level_css":"","_monsterinsights_skip_tracking":false,"_monsterinsights_sitenote_active":false,"_monsterinsights_sitenote_note":"","_monsterinsights_sitenote_category":0,"_uf_show_specific_survey":0,"_uf_disable_surveys":false,"footnotes":""},"aioseo_notices":[],"uagb_featured_image_src":{"full":false,"thumbnail":false,"medium":false,"medium_large":false,"large":false,"1536x1536":false,"2048x2048":false},"uagb_author_info":{"display_name":"lechev.1910@gmail.com","author_link":"https:\/\/clespourunavenirdurable.fr\/?author=1"},"uagb_comment_info":0,"uagb_excerpt":"Le Conseil d\u2019Administration de l\u2019Acad\u00e9mie Mondiale des Arts et des Sciences (AMAS) a cr\u00e9\u00e9 sa Division de l\u2019Europe du Sud-Est (DESE-AMAS) en 2005. DESE-AMAS comprend des chercheurs, des associ\u00e9s et des chercheurs assistants de l\u2019AMAS provenant de pays d\u2019Europe du Sud, c\u2019est-\u00e0-dire du Portugal et de l\u2019Espagne \u00e0 la Gr\u00e8ce et \u00e0 la Turquie. Depuis\u2026","_links":{"self":[{"href":"https:\/\/clespourunavenirdurable.fr\/index.php?rest_route=\/wp\/v2\/pages\/1868"}],"collection":[{"href":"https:\/\/clespourunavenirdurable.fr\/index.php?rest_route=\/wp\/v2\/pages"}],"about":[{"href":"https:\/\/clespourunavenirdurable.fr\/index.php?rest_route=\/wp\/v2\/types\/page"}],"author":[{"embeddable":true,"href":"https:\/\/clespourunavenirdurable.fr\/index.php?rest_route=\/wp\/v2\/users\/1"}],"replies":[{"embeddable":true,"href":"https:\/\/clespourunavenirdurable.fr\/index.php?rest_route=%2Fwp%2Fv2%2Fcomments&post=1868"}],"version-history":[{"count":16,"href":"https:\/\/clespourunavenirdurable.fr\/index.php?rest_route=\/wp\/v2\/pages\/1868\/revisions"}],"predecessor-version":[{"id":7573,"href":"https:\/\/clespourunavenirdurable.fr\/index.php?rest_route=\/wp\/v2\/pages\/1868\/revisions\/7573"}],"wp:attachment":[{"href":"https:\/\/clespourunavenirdurable.fr\/index.php?rest_route=%2Fwp%2Fv2%2Fmedia&parent=1868"}],"curies":[{"name":"wp","href":"https:\/\/api.w.org\/{rel}","templated":true}]}}